{"id":4849,"date":"2016-09-03T21:40:53","date_gmt":"2016-09-03T21:40:53","guid":{"rendered":"http:\/\/mozaiktemizlik.com\/?page_id=4849"},"modified":"2021-01-07T15:54:45","modified_gmt":"2021-01-07T15:54:45","slug":"yemekhane-destek-hizmetleri","status":"publish","type":"page","link":"https:\/\/kiazomgrup.com\/?page_id=4849","title":{"rendered":"Yemekhane Destek Hizmetleri"},"content":{"rendered":"<\/div><\/div><\/div><div class=\"wpb_row vc_row  vc_row-fluid  mk-fullwidth-true add-padding-0 attched-true vc_row-fluid\">\n\t<div style=\"\" class=\"vc_col-sm-12 wpb_column column_container \">\n\t\t\t<div class=\"mk-effect-wrapper\">    <div id=\"mk-page-title-box-69e7c3436363d\" class=\"mk-page-title-box mk-background-stretch \">        \r\n    <div class=\"mk-effect-bg-layer mk-background-stretch \" data-top-top=\"transform: translateY(0%)\" data-top-bottom=\"transform: translateY(50%)\" data-effect=\"parallax\">\r\n        \r\n    <\/div>        <div class=\"mk-page-title-box-content\" data-top-top=\"opacity: 1\" data-250=\"opacity: 0\">            <div class=\"mk-grid\">                <h1 class=\"mk-page-title-box-title mk-page-title-box-title--underline\">YEMEKHANE DESTEK H\u0130ZMETLER\u0130<\/h1>                <div class=\"mk-page-title-box-subtitle\"><\/div>            <\/div>        <\/div><!-- mk-page-title-box-content -->    <\/div><!-- mk-page-title-box --><\/div><!-- mk-effect-wrapper -->\r\n<style type='text\/css'>\r\n    #mk-page-title-box-69e7c3436363d {\r\n        height: 500px;\r\n        background-color: ;\r\n        text-align: center;\r\n    }\r\n    #mk-page-title-box-69e7c3436363d .mk-page-title-box-title {\r\n        font-size: 60px;\r\n        line-height: 60px;\r\n        font-weight: normal;\r\n        color: #ffffff;\r\n        padding-bottom: 20px;\r\n        margin-bottom: 20px;\r\n        letter-spacing: 3px;\r\n    }\r\n    #mk-page-title-box-69e7c3436363d .mk-page-title-box-title--underline:after {\r\n        background: #ffffff;}\r\n    #mk-page-title-box-69e7c3436363d .mk-page-title-box-subtitle {\r\n        font-size: 26px;\r\n        line-size: 26px;\r\n        font-weight: normal;\r\n        color: #ffffff;}\r\n    #mk-page-title-box-69e7c3436363d .mk-effect-bg-layer {\r\n        background-image: url('\/wp-content\/uploads\/Serving_canteen.jpg');\r\n        background-position:center top;\r\n    }\r\n<\/style><div style=\"padding: 0px 0 0px;\" class=\"mk-divider mk-shortcode divider_full_width center thin_solid \"><div class=\"divider-inner\" style=\"border-top-color:#1e73be;border-top-width:3px;\"><\/div><\/div><div class=\"clearboth\"><\/div><div class=\"clearboth\"><\/div><div class=\"mk-shortcode mk-padding-shortcode\" style=\"height:80px\"><\/div><div class=\"clearboth\"><\/div>\n\t<\/div><\/div><div class=\"mk-main-wrapper-holder\"><div class=\"theme-page-wrapper full-layout mk-grid vc_row-fluid no-padding\"><div class=\"theme-content no-padding\"><div class=\"wpb_row vc_row  vc_row-fluid  mk-fullwidth-false  attched-false vc_row-fluid\">\n\t<div style=\"\" class=\"vc_col-sm-4 wpb_column column_container \">\n\t\t\t<h2 style=\"font-size: 20px;text-align:left;color: #4285bf;font-style:inhert;font-weight:bold;margin-top:0px;margin-bottom:18px; letter-spacing:0px;\" id=\"fancy-title-69e7c34363c0a\" class=\"mk-shortcode mk-fancy-title fancy-title-align-left simple-style \"><span style=\"\">YEMEKHANE DESTEK H\u0130ZMETLER\u0130<\/span><\/h2><div class=\"clearboth\"><\/div>\t<div style=\" margin-bottom:0px;text-align: left;\" class=\"mk-text-block  \"><p>Kiazom Grup\u00a0M\u00fc\u015fterilerinin ihtiya\u00e7lar\u0131n\u0131 i\u015fbirli\u011fi birliktelikleri ile Etnik ve k\u00fclt\u00fcrel bir \u00e7evre farkl\u0131l\u0131klar\u0131n\u0131 g\u00f6zeterek s\u00fcrekli de\u011fi\u015fen ihtiya\u00e7lar\u0131 kar\u015f\u0131lamak i\u00e7in esnek, \u015feffaf ve ki\u015fi ve kurumsal \u00a0\u00f6zel \u00e7\u00f6z\u00fcmler sunuyor. D\u00f6nemsel ve tam zamanl\u0131 personel tedarikleri ile\u00a0 yo\u011fun \u00e7al\u0131\u015fma saatlerinizi sizler ad\u0131na bizler \u00fcstleniyoruz. Deneyimli ve tecr\u00fcbeli personel \u00e7e\u015fitlerimizle\u00a0sizlere hizmet veren olmaktan gurur ve k\u0131van\u00e7 duyuyoruz.<\/p>\n<div class=\"TnITTtw-translate-selection-button\" style=\"top: 57px; left: 67.5px;\"><\/div>\n<div class=\"clearboth\"><\/div><\/div> <div class=\"mk-moving-image-shortcode mk-shortcode align-left  \"><img decoding=\"async\" class=\"mk-floating-vertical\" alt=\"\" title=\"\" src=\"\/wp-content\/uploads\/kiazom-30x155.png\" \/><\/div><div class=\"clearboth\"><\/div><div class=\"clearboth\"><\/div><div class=\"mk-shortcode mk-padding-shortcode\" style=\"height:40px\"><\/div><div class=\"clearboth\"><\/div><div class=\"mk-image-shortcode mk-shortcode   align-left simple-frame inside-image \" style=\"max-width: 800px; margin-bottom:10px\"><div class=\"mk-image-inner\"><img decoding=\"async\" class=\"lightbox-false\" alt=\"\" title=\"\" src=\"\/wp-content\/uploads\/zaton-catering-001.jpg\" \/><\/div><div class=\"clearboth\"><\/div><\/div>\n\t<\/div>\n\t<div style=\"\" class=\"vc_col-sm-4 wpb_column column_container \">\n\t\t\t<style>#fancy-title-69e7c34364437 {font-family: Arial, Helvetica, sans-serif !important}<\/style><h2 style=\"font-size: 18px;text-align:left;color: #4285bf;font-style:inhert;font-weight:normal;margin-top:0px;margin-bottom:18px; letter-spacing:0px;\" id=\"fancy-title-69e7c34364437\" class=\"mk-shortcode mk-fancy-title fancy-title-align-left simple-style \"><span style=\"\">A\u015e\u00c7IBA\u015eI<\/span><\/h2><div class=\"clearboth\"><\/div><div id=\"list-style-69e7c343645a4\" class=\"mk-list-styles mk-shortcode mk-align-none \" style=\"margin-bottom:30px\"><ul>\n<li>Mutfa\u011f\u0131n temizlik ve d\u00fczeni<\/li>\n<li>Mutfak personelinin sa\u011fl\u0131kl\u0131 olmas\u0131<\/li>\n<li>Yiyeceklerin sa\u011fl\u0131k \u015fartlar\u0131na uygun olarak pi\u015firilmesini sa\u011flar ve servisini kontrol eder.<\/li>\n<\/ul>\n<\/div><style type=\"text\/css\">\r\n                    #list-style-69e7c343645a4 ul li:before {\r\n                        font-family:FontAwesome;\r\n                        content: \"\\f00c\";\r\n                        color:#00afec\r\n                    }\r\n                <\/style><style>#fancy-title-69e7c3436468b {font-family: Arial, Helvetica, sans-serif !important}<\/style><h2 style=\"font-size: 18px;text-align:left;color: #4285bf;font-style:inhert;font-weight:normal;margin-top:0px;margin-bottom:18px; letter-spacing:0px;\" id=\"fancy-title-69e7c3436468b\" class=\"mk-shortcode mk-fancy-title fancy-title-align-left simple-style \"><span style=\"\">A\u015e\u00c7IBA\u015eI YARDIMCISI<\/span><\/h2><div class=\"clearboth\"><\/div><div id=\"list-style-69e7c3436472e\" class=\"mk-list-styles mk-shortcode mk-align-none \" style=\"margin-bottom:30px\"><ul>\n<li>A\u015f\u00e7\u0131ba\u015f\u0131 izinde oldu\u011fu zamanlarda yerine bakar.<\/li>\n<li>Depo ve yemekhane kontrollerini a\u015f\u00e7\u0131ba\u015f\u0131 ile birlikte yapar.<\/li>\n<li>Yemek yap\u0131m\u0131na yard\u0131m eder.<\/li>\n<li>Yemek servisi yapar.<\/li>\n<li>Bir sonraki g\u00fcn\u00fcn haz\u0131rl\u0131\u011f\u0131na yard\u0131m eder.<\/li>\n<li>\u0130darenin \u00f6ng\u00f6rd\u00fc\u011f\u00fc g\u00f6revleri yerine getirmek.<\/li>\n<li>Y\u00f6netim Sistemleri ile ilgili prosed\u00fcr,talimat ,yasal ve di\u011fer \u015fartlara uymak.<\/li>\n<\/ul>\n<\/div><style type=\"text\/css\">\r\n                    #list-style-69e7c3436472e ul li:before {\r\n                        font-family:FontAwesome;\r\n                        content: \"\\f00c\";\r\n                        color:#00afec\r\n                    }\r\n                <\/style><style>#fancy-title-69e7c34364825 {font-family: Arial, Helvetica, sans-serif !important}<\/style><h2 style=\"font-size: 18px;text-align:left;color: #4285bf;font-style:inhert;font-weight:inherit;margin-top:0px;margin-bottom:18px; letter-spacing:0px;\" id=\"fancy-title-69e7c34364825\" class=\"mk-shortcode mk-fancy-title fancy-title-align-left simple-style \"><span style=\"\">YEMEKHANE DESTEK PERSONEL\u0130<\/span><\/h2><div class=\"clearboth\"><\/div><div id=\"list-style-69e7c343648c6\" class=\"mk-list-styles mk-shortcode mk-align-none \" style=\"margin-bottom:30px\"><ul>\n<li>Sabah kahvalt\u0131s\u0131n\u0131n, \u00f6\u011flen ve ak\u015fam yemeklerinin ve servis arabalar\u0131n\u0131n haz\u0131rlanmas\u0131<\/li>\n<li>Sabah kahvalt\u0131, \u00f6\u011flen ve ak\u015fam yeme\u011fi da\u011f\u0131t\u0131m\u0131<\/li>\n<li>Servislerden bo\u015f tabak toplamak<\/li>\n<li>Tabak, ka\u015f\u0131k silme, bardak y\u0131kamak<\/li>\n<li>Masalara servis a\u00e7mak<\/li>\n<li>Bir sonraki g\u00fcn\u00fcn yemek haz\u0131rl\u0131\u011f\u0131na yard\u0131m etmek<\/li>\n<li>Gerekti\u011fi zamanlarda bula\u015f\u0131k y\u0131kanmas\u0131na yard\u0131m etmek<\/li>\n<li>Mutfak ve yemekhanelerin temizlik ve d\u00fczenine yard\u0131mc\u0131 olmak<\/li>\n<li>Ara kahvalt\u0131 ve diyaliz \u00fcnitesinin yemeklerini haz\u0131rlay\u0131p da\u011f\u0131tmak<\/li>\n<li>\u0130darenin \u00f6ng\u00f6rd\u00fc\u011f\u00fc g\u00f6revleri yerine getirmek.<\/li>\n<li>Y\u00f6netim Sistemleri ile ilgili prosed\u00fcr,talimat ,yasal ve di\u011fer \u015fartlara uymak.<\/li>\n<\/ul>\n<\/div><style type=\"text\/css\">\r\n                    #list-style-69e7c343648c6 ul li:before {\r\n                        font-family:FontAwesome;\r\n                        content: \"\\f00c\";\r\n                        color:#00afec\r\n                    }\r\n                <\/style>\n\t<\/div>\n\t<div style=\"\" class=\"vc_col-sm-4 wpb_column column_container \">\n\t\t\t<div class=\"mk-image-shortcode mk-shortcode   align-left simple-frame inside-image \" style=\"max-width: 800px; margin-bottom:10px\"><div class=\"mk-image-inner\"><img decoding=\"async\" class=\"lightbox-false\" alt=\"\" title=\"\" src=\"\/wp-content\/uploads\/05.jpg\" \/><\/div><div class=\"clearboth\"><\/div><\/div><style>#fancy-title-69e7c34364bff {font-family: Arial, Helvetica, sans-serif !important}<\/style><h2 style=\"font-size: 18px;text-align:left;color: #4285bf;font-style:inhert;font-weight:normal;margin-top:20px;margin-bottom:18px; letter-spacing:0px;\" id=\"fancy-title-69e7c34364bff\" class=\"mk-shortcode mk-fancy-title fancy-title-align-left simple-style \"><span style=\"\">BULA\u015eIK\u00c7I<\/span><\/h2><div class=\"clearboth\"><\/div><div id=\"list-style-69e7c34364ca7\" class=\"mk-list-styles mk-shortcode mk-align-none \" style=\"margin-bottom:30px\"><ul>\n<li>Kirli tabaklar\u0131n bo\u015falt\u0131lmas\u0131<\/li>\n<li>Kahvalt\u0131, \u00f6\u011fle ve ak\u015fam yemeklerinin bula\u015f\u0131klar\u0131n\u0131n y\u0131kanmas\u0131<\/li>\n<li>Su giderlerinin temizlenmesi<\/li>\n<li>Bula\u015f\u0131khanenin temizlenmesi<\/li>\n<li>\u0130darenin \u00f6ng\u00f6rd\u00fc\u011f\u00fc g\u00f6revleri yerine getirmek.<\/li>\n<li>Y\u00f6netim Sistemleri ile ilgili prosed\u00fcr,talimat ,yasal ve di\u011fer \u015fartlara uymak.<\/li>\n<\/ul>\n<\/div><style type=\"text\/css\">\r\n                    #list-style-69e7c34364ca7 ul li:before {\r\n                        font-family:FontAwesome;\r\n                        content: \"\\f00c\";\r\n                        color:#00afec\r\n                    }\r\n                <\/style>\n\t<\/div><\/div>\n","protected":false},"excerpt":{"rendered":"YEMEKHANE DESTEK H\u0130ZMETLER\u0130 #mk-page-title-box-69e7c3436529b { height: 500px; background-color: ; text-align: center; } #mk-page-title-box-69e7c3436529b .mk-page-title-box-title { font-size: 60px; line-height: 60px; font-weight: normal; color: #ffffff; padding-bottom: 20px; margin-bottom: 20px; letter-spacing: 3px; } #mk-page-title-box-69e7c3436529b .mk-page-title-box-title--underline:after { background: #ffffff;} #mk-page-title-box-69e7c3436529b .mk-page-title-box-subtitle { font-size: 26px; line-size: 26px; font-weight: normal; color: #ffffff;} #mk-page-title-box-69e7c3436529b .mk-effect-bg-layer { background-image: url('\/wp-content\/uploads\/Serving_canteen.jpg'); background-position:center top; } YEMEKHANE [...]","protected":false},"author":7,"featured_media":0,"parent":0,"menu_order":0,"comment_status":"open","ping_status":"open","template":"","meta":{"footnotes":""},"_links":{"self":[{"href":"https:\/\/kiazomgrup.com\/index.php?rest_route=\/wp\/v2\/pages\/4849"}],"collection":[{"href":"https:\/\/kiazomgrup.com\/index.php?rest_route=\/wp\/v2\/pages"}],"about":[{"href":"https:\/\/kiazomgrup.com\/index.php?rest_route=\/wp\/v2\/types\/page"}],"author":[{"embeddable":true,"href":"https:\/\/kiazomgrup.com\/index.php?rest_route=\/wp\/v2\/users\/7"}],"replies":[{"embeddable":true,"href":"https:\/\/kiazomgrup.com\/index.php?rest_route=%2Fwp%2Fv2%2Fcomments&post=4849"}],"version-history":[{"count":13,"href":"https:\/\/kiazomgrup.com\/index.php?rest_route=\/wp\/v2\/pages\/4849\/revisions"}],"predecessor-version":[{"id":5028,"href":"https:\/\/kiazomgrup.com\/index.php?rest_route=\/wp\/v2\/pages\/4849\/revisions\/5028"}],"wp:attachment":[{"href":"https:\/\/kiazomgrup.com\/index.php?rest_route=%2Fwp%2Fv2%2Fmedia&parent=4849"}],"curies":[{"name":"wp","href":"https:\/\/api.w.org\/{rel}","templated":true}]}}