{"id":4847,"date":"2016-09-03T21:40:30","date_gmt":"2016-09-03T21:40:30","guid":{"rendered":"http:\/\/mozaiktemizlik.com\/?page_id=4847"},"modified":"2021-01-14T01:12:41","modified_gmt":"2021-01-14T01:12:41","slug":"isg-denetim-hizmetleri","status":"publish","type":"page","link":"https:\/\/kiazomgrup.com\/?page_id=4847","title":{"rendered":"\u0130SG Denetim Hizmetleri"},"content":{"rendered":"<\/div><\/div><\/div><div class=\"wpb_row vc_row  vc_row-fluid  mk-fullwidth-true  attched-false vc_row-fluid\">\n\t<div style=\"\" class=\"vc_col-sm-12 wpb_column column_container \">\n\t\t\t<div class=\"mk-effect-wrapper\">    <div id=\"mk-page-title-box-69e7c0cfd5c8d\" class=\"mk-page-title-box mk-background-stretch \">        \r\n    <div class=\"mk-effect-bg-layer mk-background-stretch \" data-top-top=\"transform: translateY(0%)\" data-top-bottom=\"transform: translateY(50%)\" data-effect=\"parallax\">\r\n        \r\n    <\/div>        <div class=\"mk-page-title-box-content\" data-top-top=\"opacity: 1\" data-200=\"opacity: 0\">            <div class=\"mk-grid\">                <h1 class=\"mk-page-title-box-title mk-page-title-box-title--underline\">\u0130\u015e G\u00dcVENL\u0130\u011e\u0130 DENET\u0130M H\u0130ZMETLER\u0130M\u0130Z<\/h1>                <div class=\"mk-page-title-box-subtitle\">\u0130\u015f G\u00fcvenli\u011fi Denetim Hizmetlerimiz.<\/div>            <\/div>        <\/div><!-- mk-page-title-box-content -->    <\/div><!-- mk-page-title-box --><\/div><!-- mk-effect-wrapper -->\r\n<style type='text\/css'>\r\n    #mk-page-title-box-69e7c0cfd5c8d {\r\n        height: 400px;\r\n        background-color: ;\r\n        text-align: center;\r\n    }\r\n    #mk-page-title-box-69e7c0cfd5c8d .mk-page-title-box-title {\r\n        font-size: 50px;\r\n        line-height: 50px;\r\n        font-weight: inherit;\r\n        color: #ffffff;\r\n        padding-bottom: 20px;\r\n        margin-bottom: 20px;\r\n        letter-spacing: 3px;\r\n    }\r\n    #mk-page-title-box-69e7c0cfd5c8d .mk-page-title-box-title--underline:after {\r\n        background: #ffffff;}\r\n    #mk-page-title-box-69e7c0cfd5c8d .mk-page-title-box-subtitle {\r\n        font-size: 26px;\r\n        line-size: 26px;\r\n        font-weight: inherit;\r\n        color: #ffffff;}\r\n    #mk-page-title-box-69e7c0cfd5c8d .mk-effect-bg-layer {\r\n        background-image: url('https:\/\/kiazomgrup.com\/wp-content\/uploads\/pexels-aleksey-3680959.jpg');\r\n        background-position:center top;\r\n    }\r\n<\/style><div style=\"padding: 0px 0 0px;\" class=\"mk-divider mk-shortcode divider_full_width center thin_solid \"><div class=\"divider-inner\" style=\"border-top-color:#4285bf;border-top-width:3px;\"><\/div><\/div><div class=\"clearboth\"><\/div><div class=\"clearboth\"><\/div><div class=\"mk-shortcode mk-padding-shortcode\" style=\"height:80px\"><\/div><div class=\"clearboth\"><\/div>\n\t<\/div><\/div><div class=\"mk-main-wrapper-holder\"><div class=\"theme-page-wrapper full-layout mk-grid vc_row-fluid no-padding\"><div class=\"theme-content no-padding\"><div class=\"clearboth\"><\/div><\/div><\/div><\/div><div id=\"mk-page-section-69e7c0cfd5f89\" data-intro-effect=\"false\" class=\"full-width-69e7c0cfd5f89  full-height- parallax-false mk-page-section mk-blur-parent mk-shortcode  \" data-speedFactor=\"\"><div class=\"mk-video-color-mask\"><\/div><div class=\"mk-main-wrapper-holder\"><div class=\"theme-page-wrapper -layout mk-grid vc_row-fluid row-fluid page-section-content\"><div class=\"theme-content\">\n\t<div style=\"\" class=\"vc_col-sm-4 wpb_column column_container \">\n\t\t\t<h2 style=\"font-size: 20px;text-align:left;color: #4285bf;font-style:inhert;font-weight:bold;margin-top:0px;margin-bottom:18px; letter-spacing:0px;\" id=\"fancy-title-69e7c0cfd6239\" class=\"mk-shortcode mk-fancy-title fancy-title-align-left simple-style \"><span style=\"\">K\u0130AZOM GRUP \u0130SG DENET\u0130M H\u0130ZMETLER\u0130<\/span><\/h2><div class=\"clearboth\"><\/div>\t<div style=\" margin-bottom:0px;text-align: left;\" class=\"mk-text-block  \"><p>Kiazom Grup\u00a0\u0130\u015fyerlerinde yap\u0131lan \u00e7al\u0131\u015fmalar ve yap\u0131lacak de\u011fi\u015fikliklerle ilgili olarak tasar\u0131m, makine ve di\u011fer te\u00e7hizat\u0131n durumu, bak\u0131m\u0131, se\u00e7imi ve kullan\u0131lan maddeler de d\u00e2hil olmak \u00fczere i\u015fin planlanmas\u0131, organizasyonu ve uygulanmas\u0131, ki\u015fisel koruyucu donan\u0131mlar\u0131n se\u00e7imi, temini, kullan\u0131m\u0131, bak\u0131m\u0131, muhafazas\u0131 ve test edilmesi konular\u0131n\u0131n, i\u015f sa\u011fl\u0131\u011f\u0131 ve g\u00fcvenli\u011fi mevzuat\u0131na ve genel i\u015f g\u00fcvenli\u011fi kurallar\u0131na uygun olarak s\u00fcrd\u00fcr\u00fclmesini sa\u011flamak\u00a0 \u00f6nlemler alarak faaliyete ge\u00e7irmek i\u00e7in hizmet vermektedir .<\/p>\n<div class=\"TnITTtw-translate-selection-button\" style=\"top: 57px; left: 67.5px;\"><\/div>\n<div class=\"clearboth\"><\/div><\/div> <h2 style=\"font-size: 16px;text-align:left;color: #4285bf;font-style:inhert;font-weight:bold;margin-top:0px;margin-bottom:18px; letter-spacing:0px;\" id=\"fancy-title-69e7c0cfd646b\" class=\"mk-shortcode mk-fancy-title fancy-title-align-left simple-style \"><span style=\"\">Kiazom Grup\u00a0\u0130SG \u00c7al\u0131\u015fmalar\u0131n\u0131n \u00d6nemi<\/p>\n<div class=\"TnITTtw-translate-selection-button\" style=\"top: 57px; left: 67.5px;\"><\/div>\n<\/span><\/h2><div class=\"clearboth\"><\/div><div id=\"list-style-69e7c0cfd6569\" class=\"mk-list-styles mk-shortcode mk-align-none \" style=\"margin-bottom:30px\"><ul>\n<li>\u0130\u015f sa\u011fl\u0131\u011f\u0131 ve g\u00fcvenli\u011fiyle ilgili al\u0131nmas\u0131 gereken tedbirleri i\u015fverene yaz\u0131l\u0131 olarak bildirmek.<\/li>\n<li>\u00a0\u0130\u015fyerinde meydana gelen i\u015f kazas\u0131 ve meslek hastal\u0131klar\u0131n\u0131n nedenlerinin ara\u015ft\u0131r\u0131lmas\u0131 ve tekrarlanmamas\u0131 i\u00e7in al\u0131nacak \u00f6nlemler konusunda \u00e7al\u0131\u015fmalar yaparak i\u015fverene \u00f6nerilerde bulunmak.<\/li>\n<li>\u0130\u015fyerinde meydana gelen ancak \u00f6l\u00fcm ya da yaralanmaya neden olmayan, ancak \u00e7al\u0131\u015fana, ekipmana veya i\u015fyerine zarar verme potansiyeli olan olaylar\u0131n nedenlerinin ara\u015ft\u0131r\u0131lmas\u0131 konusunda \u00e7al\u0131\u015fma yapmak ve i\u015fverene \u00f6nerilerde bulunmak.<\/li>\n<\/ul>\n<\/div><style type=\"text\/css\">\r\n                    #list-style-69e7c0cfd6569 ul li:before {\r\n                        font-family:FontAwesome;\r\n                        content: \"\\f00c\";\r\n                        color:#00afec\r\n                    }\r\n                <\/style><h2 style=\"font-size: 16px;text-align:left;color: #4285bf;font-style:inhert;font-weight:bold;margin-top:0px;margin-bottom:18px; letter-spacing:0px;\" id=\"fancy-title-69e7c0cfd6646\" class=\"mk-shortcode mk-fancy-title fancy-title-align-left simple-style \"><span style=\"\">Kiazom Grup\u00a0Risk De\u011ferlendirmesi;<\/p>\n<div class=\"TnITTtw-translate-selection-button\" style=\"top: 57px; left: 67.5px;\"><\/div>\n<\/span><\/h2><div class=\"clearboth\"><\/div>\t<div style=\" margin-bottom:0px;text-align: left;\" class=\"mk-text-block  \"><p>\u0130\u015f sa\u011fl\u0131\u011f\u0131 ve g\u00fcvenli\u011fi y\u00f6n\u00fcnden risk de\u011ferlendirmesi yap\u0131lmas\u0131yla ilgili \u00e7al\u0131\u015fmalara ve uygulanmas\u0131na kat\u0131lmak, risk de\u011ferlendirmesi sonucunda al\u0131nmas\u0131 gereken sa\u011fl\u0131k ve g\u00fcvenlik \u00f6nlemleri konusunda i\u015fverene \u00f6nerilerde bulunmak ve takibini yapmak.<\/p>\n<div class=\"clearboth\"><\/div><\/div> \n\t<\/div>\n\t<div style=\"\" class=\"vc_col-sm-4 wpb_column column_container \">\n\t\t\t<h2 style=\"font-size: 16px;text-align:left;color: #4285bf;font-style:inhert;font-weight:bold;margin-top:0px;margin-bottom:18px; letter-spacing:0px;\" id=\"fancy-title-69e7c0cfd68db\" class=\"mk-shortcode mk-fancy-title fancy-title-align-left simple-style \"><span style=\"\">Kiazom Grup\u00a0\u00c7al\u0131\u015fma Ortam\u0131 G\u00f6zetimi<\/p>\n<div class=\"TnITTtw-translate-selection-button\" style=\"top: 57px; left: 67.5px;\"><\/div>\n<\/span><\/h2><div class=\"clearboth\"><\/div><div id=\"list-style-69e7c0cfd698d\" class=\"mk-list-styles mk-shortcode mk-align-none \" style=\"margin-bottom:30px\"><ul>\n<li>\u00c7al\u0131\u015fma ortam\u0131n\u0131n g\u00f6zetiminin yap\u0131lmas\u0131, i\u015fyerinde i\u015f sa\u011fl\u0131\u011f\u0131 ve g\u00fcvenli\u011fi mevzuat\u0131 gere\u011fi yap\u0131lmas\u0131 gereken periyodik bak\u0131m, kontrol ve \u00f6l\u00e7\u00fcmleri planlamak ve uygulamalar\u0131n\u0131 kontrol etmek.<\/li>\n<li>\u0130\u015fyerinde kaza, yang\u0131n veya patlamalar\u0131n \u00f6nlenmesi i\u00e7in yap\u0131lan \u00e7al\u0131\u015fmalara kat\u0131lmak, bu konuda i\u015fverene \u00f6nerilerde bulunmak, uygulamalar\u0131 takip etmek; do\u011fal afet, kaza, yang\u0131n veya patlama gibi durumlar i\u00e7in acil durum planlar\u0131n\u0131n haz\u0131rlanmas\u0131 \u00e7al\u0131\u015fmalar\u0131na kat\u0131lmak, bu konuyla ilgili periyodik e\u011fitimlerin ve tatbikatlar\u0131n yap\u0131lmas\u0131n\u0131 ve acil durum plan\u0131 do\u011frultusunda hareket edilmesini izlemek ve kontrol etmek.<\/li>\n<\/ul>\n<\/div><style type=\"text\/css\">\r\n                    #list-style-69e7c0cfd698d ul li:before {\r\n                        font-family:FontAwesome;\r\n                        content: \"\\f00c\";\r\n                        color:#00afec\r\n                    }\r\n                <\/style><h2 style=\"font-size: 16px;text-align:left;color: #4285bf;font-style:inhert;font-weight:bold;margin-top:0px;margin-bottom:18px; letter-spacing:0px;\" id=\"fancy-title-69e7c0cfd6a64\" class=\"mk-shortcode mk-fancy-title fancy-title-align-left simple-style \"><span style=\"\">Kiazom Grup\u00a0E\u011fitim, Bilgilendirme ve Kay\u0131t<\/p>\n<div class=\"TnITTtw-translate-selection-button\" style=\"top: 57px; left: 67.5px;\"><\/div>\n<\/span><\/h2><div class=\"clearboth\"><\/div><div id=\"list-style-69e7c0cfd6b04\" class=\"mk-list-styles mk-shortcode mk-align-none \" style=\"margin-bottom:30px\"><ul>\n<li>\u00c7al\u0131\u015fanlar\u0131n i\u015f sa\u011fl\u0131\u011f\u0131 ve g\u00fcvenli\u011fi e\u011fitimlerinin ilgili mevzuata uygun olarak planlanmas\u0131 konusunda \u00e7al\u0131\u015fma yaparak i\u015fverenin onay\u0131na sunmak ve uygulamalar\u0131n\u0131 yapmak veya kontrol etmek.<\/li>\n<li>\u00a0\u00c7al\u0131\u015fma ortam\u0131yla ilgili i\u015f sa\u011fl\u0131\u011f\u0131 ve g\u00fcvenli\u011fi \u00e7al\u0131\u015fmalar\u0131 ve \u00e7al\u0131\u015fma ortam\u0131 g\u00f6zetim sonu\u00e7lar\u0131n\u0131n kaydedildi\u011fi y\u0131ll\u0131k de\u011ferlendirme raporunu i\u015fyeri hekimi ile i\u015fbirli\u011fi halinde EK-2\u2019deki \u00f6rne\u011fine uygun olarak haz\u0131rlamak.<\/li>\n<li>\u00c7al\u0131\u015fanlara y\u00f6nelik bilgilendirme faaliyetlerini d\u00fczenleyerek i\u015fverenin onay\u0131na sunmak ve uygulamas\u0131n\u0131 kontrol<\/li>\n<li>Gerekli yerlerde kullan\u0131lmak amac\u0131yla i\u015f sa\u011fl\u0131\u011f\u0131 ve g\u00fcvenli\u011fi talimatlar\u0131 ile \u00e7al\u0131\u015fma izin prosed\u00fcrlerini haz\u0131rlayarak i\u015fverenin onay\u0131na sunmak ve uygulamas\u0131n\u0131 kontrol etmek<\/li>\n<li>Bakanl\u0131k\u00e7a belirlenecek i\u015f sa\u011fl\u0131\u011f\u0131 ve g\u00fcvenli\u011fini ilgilendiren konularla ilgili bilgileri, \u0130SG KAT\u0130P\u2019e bildirmek.<\/li>\n<\/ul>\n<\/div><style type=\"text\/css\">\r\n                    #list-style-69e7c0cfd6b04 ul li:before {\r\n                        font-family:FontAwesome;\r\n                        content: \"\\f00c\";\r\n                        color:#00afec\r\n                    }\r\n                <\/style>\n\t<\/div>\n\t<div style=\"\" class=\"vc_col-sm-4 wpb_column column_container \">\n\t\t\t<div class=\"mk-image-shortcode mk-shortcode   align-left simple-frame inside-image \" style=\"max-width: 800px; margin-bottom:10px\"><div class=\"mk-image-inner\"><img decoding=\"async\" class=\"lightbox-false\" alt=\"\" title=\"\" src=\"\/wp-content\/uploads\/9582.jpg\" \/><\/div><div class=\"clearboth\"><\/div><\/div><h2 style=\"font-size: 16px;text-align:left;color: #4285bf;font-style:inhert;font-weight:bold;margin-top:25px;margin-bottom:18px; letter-spacing:0px;\" id=\"fancy-title-69e7c0cfd6ed5\" class=\"mk-shortcode mk-fancy-title fancy-title-align-left simple-style \"><span style=\"\">Kiazom Grup\u00a0\u0130lgili Birimlerle \u0130\u015fbirli\u011fi<\/p>\n<div class=\"TnITTtw-translate-selection-button\" style=\"top: 57px; left: 67.5px;\"><\/div>\n<\/span><\/h2><div class=\"clearboth\"><\/div><div id=\"list-style-69e7c0cfd6f81\" class=\"mk-list-styles mk-shortcode mk-align-none \" style=\"margin-bottom:30px\"><ul>\n<li>\u0130\u015fyeri hekimiyle birlikte i\u015f kazalar\u0131 ve meslek hastal\u0131klar\u0131yla ilgili de\u011ferlendirme yapmak, tehlikeli olay\u0131n tekrarlanmamas\u0131 i\u00e7in inceleme ve ara\u015ft\u0131rma yaparak gerekli \u00f6nleyici faaliyet planlar\u0131n\u0131 haz\u0131rlamak ve uygulamalar\u0131n takibini yapmak.<\/li>\n<li>Bir sonraki y\u0131lda ger\u00e7ekle\u015ftirilecek i\u015f sa\u011fl\u0131\u011f\u0131 ve g\u00fcvenli\u011fiyle ilgili faaliyetlerin yer ald\u0131\u011f\u0131 y\u0131ll\u0131k \u00e7al\u0131\u015fma plan\u0131n\u0131 i\u015fyeri hekimiyle birlikte haz\u0131rlamak.<\/li>\n<li>Bulunmas\u0131 halinde \u00fcyesi oldu\u011fu i\u015f sa\u011fl\u0131\u011f\u0131 ve g\u00fcvenli\u011fi kuruluyla i\u015fbirli\u011fi i\u00e7inde \u00e7al\u0131\u015fmak.<\/li>\n<li>\u00c7al\u0131\u015fan temsilcisi ve destek elemanlar\u0131n\u0131n \u00e7al\u0131\u015fmalar\u0131na destek sa\u011flamak ve bu ki\u015filerle i\u015fbirli\u011fi yapmak.<\/li>\n<\/ul>\n<\/div><style type=\"text\/css\">\r\n                    #list-style-69e7c0cfd6f81 ul li:before {\r\n                        font-family:FontAwesome;\r\n                        content: \"\\f00c\";\r\n                        color:#00afec\r\n                    }\r\n                <\/style>\n\t<\/div><div class=\"clearboth\"><\/div><\/div><aside id=\"mk-sidebar\" class=\"mk-builtin\"><div class=\"sidebar-wrapper\" style=\"padding-top:0;padding-bottom:0;\"><\/div><\/aside><\/div><\/div><div class=\"clearboth\"><\/div><\/div>\r\n<style type='text\/css'>\r\n.full-width-69e7c0cfd5f89 {\r\n    min-height:100px;\r\n    padding:10px 0 10px;\r\n    \r\n    background-attachment:;\r\n    \r\n    background-position:left top;\r\n    background-repeat:repeat;\r\n    margin-bottom:10px;\r\n    \r\n}\r\n     <\/style><div class=\"mk-main-wrapper-holder\"><div class=\"theme-page-wrapper  -layout mk-grid vc_row-fluid row-fluid\"><div class=\"theme-content \"><div class=\"clearboth\"><\/div><\/div><\/div><\/div><div id=\"mk-page-section-69e7c0cfd7223\" data-intro-effect=\"false\" class=\"full-width-69e7c0cfd7223  full-height- parallax-false mk-page-section mk-blur-parent mk-shortcode  \" data-speedFactor=\"\"><div class=\"mk-video-color-mask\"><\/div><div class=\"mk-main-wrapper-holder\"><div class=\"theme-page-wrapper -layout mk-grid vc_row-fluid row-fluid page-section-content\"><div class=\"theme-content\">\n\t<div style=\"\" class=\"vc_col-sm-3 wpb_column column_container \">\n\t\t\t<div class=\"mk-image-shortcode mk-shortcode   align-left simple-frame inside-image \" style=\"max-width: 800px; margin-bottom:10px\"><div class=\"mk-image-inner\"><img decoding=\"async\" class=\"lightbox-false\" alt=\"\" title=\"\" src=\"\/wp-content\/uploads\/once-Guvenlik_slidergalerisi_489569.jpg\" \/><\/div><div class=\"clearboth\"><\/div><\/div>\n\t<\/div>\n\t<div style=\"\" class=\"vc_col-sm-9 wpb_column column_container \">\n\t\t\t<h2 style=\"font-size: 20px;text-align:left;color: #4285bf;font-style:inhert;font-weight:bold;margin-top:0px;margin-bottom:18px; letter-spacing:0px;\" id=\"fancy-title-69e7c0cfd7601\" class=\"mk-shortcode mk-fancy-title fancy-title-align-left simple-style \"><span style=\"\">K\u0130AZOM GRUP \u0130\u015e G\u00dcVENL\u0130\u011e\u0130 YETK\u0130LER\u0130<\/span><\/h2><div class=\"clearboth\"><\/div><div id=\"list-style-69e7c0cfd76ab\" class=\"mk-list-styles mk-shortcode mk-align-none \" style=\"margin-bottom:30px\"><ul>\n<li>\u0130\u015fyerinde belirledi\u011fi hayati tehlikenin ciddi ve \u00f6nlenemez olmas\u0131 ve bu hususun acil m\u00fcdahale gerektirmesi halinde i\u015fin durdurulmas\u0131 i\u00e7in i\u015fverene ba\u015fvurmak.<\/li>\n<li>G\u00f6revi gere\u011fi i\u015fyerinin b\u00fct\u00fcn b\u00f6l\u00fcmlerinde i\u015f sa\u011fl\u0131\u011f\u0131 ve g\u00fcvenli\u011fi konusunda inceleme ve ara\u015ft\u0131rma yapmak, gerekli bilgi ve belgelere ula\u015fmak ve \u00e7al\u0131\u015fanlarla g\u00f6r\u00fc\u015fmek.<\/li>\n<li>G\u00f6revinin gerektirdi\u011fi konularda i\u015fverenin bilgisi d\u00e2hilinde ilgili kurum ve kurulu\u015flarla i\u015fyerinin i\u00e7 d\u00fczenlemelerine uygun olarak i\u015fbirli\u011fi yapmak.<\/li>\n<li>\u00a0Tam s\u00fcreli i\u015f s\u00f6zle\u015fmesi ile g\u00f6revlendirilen i\u015f g\u00fcvenli\u011fi uzmanlar\u0131, \u00e7al\u0131\u015ft\u0131klar\u0131 i\u015fyeri ile ilgili mesleki geli\u015fmelerini sa\u011flamaya y\u00f6nelik e\u011fitim, seminer ve panel gibi organizasyonlara kat\u0131lma hakk\u0131na sahiptir. Bu gibi organizasyonlarda ge\u00e7en s\u00fcrelerden bir y\u0131l i\u00e7erisinde toplam be\u015f i\u015f g\u00fcn\u00fc kadar\u0131 \u00e7al\u0131\u015fma s\u00fcresinden say\u0131l\u0131r ve bu s\u00fcreler sebebiyle i\u015f g\u00fcvenli\u011fi uzman\u0131n\u0131n \u00fccretinden herhangi bir kesinti yap\u0131lamaz.<\/li>\n<\/ul>\n<\/div><style type=\"text\/css\">\r\n                    #list-style-69e7c0cfd76ab ul li:before {\r\n                        font-family:FontAwesome;\r\n                        content: \"\\f00c\";\r\n                        color:#00afec\r\n                    }\r\n                <\/style>\n\t<\/div><div class=\"clearboth\"><\/div><\/div><aside id=\"mk-sidebar\" class=\"mk-builtin\"><div class=\"sidebar-wrapper\" style=\"padding-top:0;padding-bottom:0;\"><\/div><\/aside><\/div><\/div><div class=\"clearboth\"><\/div><\/div>\r\n<style type='text\/css'>\r\n.full-width-69e7c0cfd7223 {\r\n    min-height:100px;\r\n    padding:10px 0 10px;\r\n    \r\n    background-attachment:;\r\n    \r\n    background-position:left top;\r\n    background-repeat:repeat;\r\n    margin-bottom:10px;\r\n    \r\n}\r\n     <\/style><div class=\"mk-main-wrapper-holder\"><div class=\"theme-page-wrapper  -layout mk-grid vc_row-fluid row-fluid\"><div class=\"theme-content \">\n","protected":false},"excerpt":{"rendered":"\u0130\u015e G\u00dcVENL\u0130\u011e\u0130 DENET\u0130M H\u0130ZMETLER\u0130M\u0130Z \u0130\u015f G\u00fcvenli\u011fi Denetim Hizmetlerimiz. #mk-page-title-box-69e7c0cfd7eb7 { height: 400px; background-color: ; text-align: center; } #mk-page-title-box-69e7c0cfd7eb7 .mk-page-title-box-title { font-size: 50px; line-height: 50px; font-weight: inherit; color: #ffffff; padding-bottom: 20px; margin-bottom: 20px; letter-spacing: 3px; } #mk-page-title-box-69e7c0cfd7eb7 .mk-page-title-box-title--underline:after { background: #ffffff;} #mk-page-title-box-69e7c0cfd7eb7 .mk-page-title-box-subtitle { font-size: 26px; line-size: 26px; font-weight: inherit; color: #ffffff;} #mk-page-title-box-69e7c0cfd7eb7 .mk-effect-bg-layer { background-image: [...]","protected":false},"author":7,"featured_media":0,"parent":0,"menu_order":0,"comment_status":"open","ping_status":"open","template":"","meta":{"footnotes":""},"_links":{"self":[{"href":"https:\/\/kiazomgrup.com\/index.php?rest_route=\/wp\/v2\/pages\/4847"}],"collection":[{"href":"https:\/\/kiazomgrup.com\/index.php?rest_route=\/wp\/v2\/pages"}],"about":[{"href":"https:\/\/kiazomgrup.com\/index.php?rest_route=\/wp\/v2\/types\/page"}],"author":[{"embeddable":true,"href":"https:\/\/kiazomgrup.com\/index.php?rest_route=\/wp\/v2\/users\/7"}],"replies":[{"embeddable":true,"href":"https:\/\/kiazomgrup.com\/index.php?rest_route=%2Fwp%2Fv2%2Fcomments&post=4847"}],"version-history":[{"count":11,"href":"https:\/\/kiazomgrup.com\/index.php?rest_route=\/wp\/v2\/pages\/4847\/revisions"}],"predecessor-version":[{"id":5083,"href":"https:\/\/kiazomgrup.com\/index.php?rest_route=\/wp\/v2\/pages\/4847\/revisions\/5083"}],"wp:attachment":[{"href":"https:\/\/kiazomgrup.com\/index.php?rest_route=%2Fwp%2Fv2%2Fmedia&parent=4847"}],"curies":[{"name":"wp","href":"https:\/\/api.w.org\/{rel}","templated":true}]}}