{"id":4837,"date":"2016-09-03T20:45:05","date_gmt":"2016-09-03T20:45:05","guid":{"rendered":"http:\/\/mozaiktemizlik.com\/?page_id=4837"},"modified":"2021-01-07T15:21:54","modified_gmt":"2021-01-07T15:21:54","slug":"insaat-saha-hizmetleri","status":"publish","type":"page","link":"https:\/\/kiazomgrup.com\/?page_id=4837","title":{"rendered":"\u0130n\u015faat Saha Hizmetleri"},"content":{"rendered":"<\/div><\/div><\/div><div class=\"wpb_row vc_row  vc_row-fluid  mk-fullwidth-true  attched-false vc_row-fluid\">\n\t<div style=\"\" class=\"vc_col-sm-12 wpb_column column_container \">\n\t\t\t<div class=\"mk-effect-wrapper\">    <div id=\"mk-page-title-box-69e7c343569bf\" class=\"mk-page-title-box mk-background-stretch \">        \r\n    <div class=\"mk-effect-bg-layer mk-background-stretch \" data-top-top=\"transform: translateY(0%)\" data-top-bottom=\"transform: translateY(50%)\" data-effect=\"parallax\">\r\n        \r\n    <\/div>        <div class=\"mk-page-title-box-content\" data-top-top=\"opacity: 1\" data-200=\"opacity: 0\">            <div class=\"mk-grid\">                <h1 class=\"mk-page-title-box-title mk-page-title-box-title--underline\">\u0130n\u015faat Saha Hizmetleri<\/h1>                <div class=\"mk-page-title-box-subtitle\">\u0130n\u015faat saha hizmetlerimiz<\/div>            <\/div>        <\/div><!-- mk-page-title-box-content -->    <\/div><!-- mk-page-title-box --><\/div><!-- mk-effect-wrapper -->\r\n<style type='text\/css'>\r\n    #mk-page-title-box-69e7c343569bf {\r\n        height: 400px;\r\n        background-color: ;\r\n        text-align: center;\r\n    }\r\n    #mk-page-title-box-69e7c343569bf .mk-page-title-box-title {\r\n        font-size: 50px;\r\n        line-height: 50px;\r\n        font-weight: inherit;\r\n        color: #dddddd;\r\n        padding-bottom: 20px;\r\n        margin-bottom: 20px;\r\n        letter-spacing: 3px;\r\n    }\r\n    #mk-page-title-box-69e7c343569bf .mk-page-title-box-title--underline:after {\r\n        background: #dddddd;}\r\n    #mk-page-title-box-69e7c343569bf .mk-page-title-box-subtitle {\r\n        font-size: 26px;\r\n        line-size: 26px;\r\n        font-weight: normal;\r\n        color: ;}\r\n    #mk-page-title-box-69e7c343569bf .mk-effect-bg-layer {\r\n        background-image: url('\/wp-content\/uploads\/RE_CONSTRUCTION_0.jpg');\r\n        background-position:center top;\r\n    }\r\n<\/style><div style=\"padding: 0px 0 0px;\" class=\"mk-divider mk-shortcode divider_full_width center thin_solid \"><div class=\"divider-inner\" style=\"border-top-color:#00afec;border-top-width:3px;\"><\/div><\/div><div class=\"clearboth\"><\/div><div class=\"clearboth\"><\/div><div class=\"mk-shortcode mk-padding-shortcode\" style=\"height:80px\"><\/div><div class=\"clearboth\"><\/div>\n\t<\/div><\/div><div class=\"mk-main-wrapper-holder\"><div class=\"theme-page-wrapper full-layout mk-grid vc_row-fluid no-padding\"><div class=\"theme-content no-padding\"><div class=\"clearboth\"><\/div><\/div><\/div><\/div><div id=\"mk-page-section-69e7c34356f8e\" data-intro-effect=\"false\" class=\"full-width-69e7c34356f8e  full-height- parallax-false mk-page-section mk-blur-parent mk-shortcode  \" data-speedFactor=\"\"><div class=\"mk-video-color-mask\"><\/div><div class=\"mk-main-wrapper-holder\"><div class=\"theme-page-wrapper -layout mk-grid vc_row-fluid row-fluid page-section-content\"><div class=\"theme-content\">\n\t<div style=\"\" class=\"vc_col-sm-4 wpb_column column_container \">\n\t\t\t<h2 style=\"font-size: 20px;text-align:left;color: #4285bf;font-style:inhert;font-weight:bold;margin-top:0px;margin-bottom:18px; letter-spacing:0px;\" id=\"fancy-title-69e7c34357341\" class=\"mk-shortcode mk-fancy-title fancy-title-align-left simple-style \"><span style=\"\">\u0130N\u015eAAT SAHA H\u0130ZMETLER\u0130<\/span><\/h2><div class=\"clearboth\"><\/div>\t<div style=\" margin-bottom:0px;text-align: left;\" class=\"mk-text-block  \"><p>Kiazom Grup\u00a0\u00fcst y\u00f6netim taraf\u0131ndan belirlenen proje y\u00f6netim politikalar\u0131 ve buna ba\u011fl\u0131 olu\u015fturulan sistemlerin, projeye ba\u011fl\u0131 \u015fantiye veya \u015fantiyeler taraf\u0131ndan y\u00fcr\u00fct\u00fclmesinin sa\u011flanmas\u0131 i\u00e7in destek ekipleriyle\u00a0 \u0130n\u015faat saha alanlar\u0131n\u0131zda isg mevzuat\u0131na hakim tecr\u00fcbeli i\u015flerinizi kolayla\u015ft\u0131ran\u00a0 g\u00fcler y\u00fczl\u00fc emniyet tedbirleriyle uyum i\u00e7inde olan\u00a0 ekiplerimiz\u00a0 ile sizlere kaliteli ve uygun hizmet sunmaktad\u0131r.<\/p>\n<div class=\"clearboth\"><\/div><\/div> <h2 style=\"font-size: 20px;text-align:left;color: #4285bf;font-style:inhert;font-weight:bold;margin-top:0px;margin-bottom:18px; letter-spacing:0px;\" id=\"fancy-title-69e7c34357651\" class=\"mk-shortcode mk-fancy-title fancy-title-align-left simple-style \"><span style=\"\">H\u0130ZMETLER\u0130M\u0130Z<\/span><\/h2><div class=\"clearboth\"><\/div>\t<div style=\" margin-bottom:0px;text-align: left;\" class=\"mk-text-block  \"><p>Proje Organizasyonunun olu\u015fturulmas\u0131, malzeme, makina\/ekipman techizat ve personel programlar\u0131n\u0131n haz\u0131rlanarak bunlar\u0131n temini ve proje boyunca en verimli bi\u00e7imde kullan\u0131m\u0131n\u0131n sa\u011flanmas\u0131<br \/>\n\u0130\u015f g\u00fcvenli\u011finin ilgili y\u00f6netmelik ve prosed\u00fcrlere uygun olarak sa\u011flanmas\u0131 i\u00e7in her t\u00fcrl\u00fc \u00f6nlemin al\u0131nmas\u0131, faaliyetlerin denetlenmesi<\/p>\n<p>T\u00fcm \u015eantiye faaliyetlerinin ISO 9001 standartlar\u0131na ve bu standartlara g\u00f6re olu\u015fturulan prosed\u00fcr ve di\u011fer d\u00f6k\u00fcmanlara uygun olarak hareket etmek.<\/p>\n<div class=\"clearboth\"><\/div><\/div> <div class=\"mk-moving-image-shortcode mk-shortcode align-left  \"><img decoding=\"async\" class=\"mk-floating-vertical\" alt=\"\" title=\"\" src=\"https:\/\/kiazomgrup.com\/wp-content\/uploads\/kiazom-30x155.png\" \/><\/div><div class=\"clearboth\"><\/div>\n\t<\/div>\n\t<div style=\"\" class=\"vc_col-sm-4 wpb_column column_container \">\n\t\t\t<h2 style=\"font-size: 20px;text-align:left;color: #4285bf;font-style:inhert;font-weight:bold;margin-top:0px;margin-bottom:18px; letter-spacing:0px;\" id=\"fancy-title-69e7c34357a5f\" class=\"mk-shortcode mk-fancy-title fancy-title-align-left simple-style \"><span style=\"\">PERSONEL \u00c7E\u015e\u0130TLER\u0130M\u0130Z<\/span><\/h2><div class=\"clearboth\"><\/div><div id=\"list-style-69e7c34357bc7\" class=\"mk-list-styles mk-shortcode mk-align-none \" style=\"margin-bottom:30px\"><ul>\n<li>D\u00dcZ \u0130\u015e\u00c7\u0130<\/li>\n<li>SAPANCI<\/li>\n<li>DEM\u0130RC\u0130<\/li>\n<li>KALIPCI<\/li>\n<li>\u0130SG PERSONEL\u0130<\/li>\n<li>BAYRAK\u00c7I<\/li>\n<li>ASANS\u00d6RC\u00dc<\/li>\n<li>ALIMAK\u00c7I<\/li>\n<li>ANAHTARCI<\/li>\n<li>KAYNAK\u00c7I<\/li>\n<li>DUVARCI<\/li>\n<li>BOYACI \/SIVACI<\/li>\n<\/ul>\n<\/div><style type=\"text\/css\">\r\n                    #list-style-69e7c34357bc7 ul li:before {\r\n                        font-family:FontAwesome;\r\n                        content: \"\\f00c\";\r\n                        color:#00afec\r\n                    }\r\n                <\/style>\n\t<\/div>\n\t<div style=\"\" class=\"vc_col-sm-4 wpb_column column_container \">\n\t\t\t<div class=\"mk-image-shortcode mk-shortcode   align-left simple-frame inside-image \" style=\"max-width: 350px; margin-bottom:10px\"><div class=\"mk-image-inner\"><img decoding=\"async\" class=\"lightbox-false\" alt=\"\" title=\"\" src=\"\/wp-content\/uploads\/\u0130N\u015eAAT.jpg\" \/><\/div><div class=\"clearboth\"><\/div><\/div>\n\t<\/div><div class=\"clearboth\"><\/div><\/div><aside id=\"mk-sidebar\" class=\"mk-builtin\"><div class=\"sidebar-wrapper\" style=\"padding-top:0;padding-bottom:0;\"><\/div><\/aside><\/div><\/div><div class=\"clearboth\"><\/div><\/div>\r\n<style type='text\/css'>\r\n.full-width-69e7c34356f8e {\r\n    min-height:100px;\r\n    padding:10px 0 10px;\r\n    \r\n    background-attachment:;\r\n    \r\n    background-position:left top;\r\n    background-repeat:repeat;\r\n    margin-bottom:10px;\r\n    \r\n}\r\n     <\/style><div class=\"mk-main-wrapper-holder\"><div class=\"theme-page-wrapper  -layout mk-grid vc_row-fluid row-fluid\"><div class=\"theme-content \">\n","protected":false},"excerpt":{"rendered":"\u0130n\u015faat Saha Hizmetleri \u0130n\u015faat saha hizmetlerimiz #mk-page-title-box-69e7c34358813 { height: 400px; background-color: ; text-align: center; } #mk-page-title-box-69e7c34358813 .mk-page-title-box-title { font-size: 50px; line-height: 50px; font-weight: inherit; color: #dddddd; padding-bottom: 20px; margin-bottom: 20px; letter-spacing: 3px; } #mk-page-title-box-69e7c34358813 .mk-page-title-box-title--underline:after { background: #dddddd;} #mk-page-title-box-69e7c34358813 .mk-page-title-box-subtitle { font-size: 26px; line-size: 26px; font-weight: normal; color: ;} #mk-page-title-box-69e7c34358813 .mk-effect-bg-layer { background-image: url('\/wp-content\/uploads\/RE_CONSTRUCTION_0.jpg'); background-position:center [...]","protected":false},"author":7,"featured_media":0,"parent":0,"menu_order":0,"comment_status":"open","ping_status":"open","template":"","meta":{"footnotes":""},"_links":{"self":[{"href":"https:\/\/kiazomgrup.com\/index.php?rest_route=\/wp\/v2\/pages\/4837"}],"collection":[{"href":"https:\/\/kiazomgrup.com\/index.php?rest_route=\/wp\/v2\/pages"}],"about":[{"href":"https:\/\/kiazomgrup.com\/index.php?rest_route=\/wp\/v2\/types\/page"}],"author":[{"embeddable":true,"href":"https:\/\/kiazomgrup.com\/index.php?rest_route=\/wp\/v2\/users\/7"}],"replies":[{"embeddable":true,"href":"https:\/\/kiazomgrup.com\/index.php?rest_route=%2Fwp%2Fv2%2Fcomments&post=4837"}],"version-history":[{"count":17,"href":"https:\/\/kiazomgrup.com\/index.php?rest_route=\/wp\/v2\/pages\/4837\/revisions"}],"predecessor-version":[{"id":5018,"href":"https:\/\/kiazomgrup.com\/index.php?rest_route=\/wp\/v2\/pages\/4837\/revisions\/5018"}],"wp:attachment":[{"href":"https:\/\/kiazomgrup.com\/index.php?rest_route=%2Fwp%2Fv2%2Fmedia&parent=4837"}],"curies":[{"name":"wp","href":"https:\/\/api.w.org\/{rel}","templated":true}]}}