{"id":4818,"date":"2016-09-03T19:00:19","date_gmt":"2016-09-03T19:00:19","guid":{"rendered":"http:\/\/mozaiktemizlik.com\/?page_id=4818"},"modified":"2016-09-04T17:59:40","modified_gmt":"2016-09-04T17:59:40","slug":"bizden-haberler","status":"publish","type":"page","link":"https:\/\/kiazomgrup.com\/?page_id=4818","title":{"rendered":"Bizden Haberler"},"content":{"rendered":"<div class=\"wpb_row vc_row  vc_row-fluid  mk-fullwidth-false  attched-false vc_row-fluid\">\n\t<div style=\"\" class=\"vc_col-sm-12 wpb_column column_container \">\n\t\t\t<div class=\"loop-main-wrapper\"><section id=\"mk-news-section-896\" data-uniqid=\"1472989321-57cc088968fef\" data-style=\"news\" class=\"mk-news-container mk-theme-loop scroll-load-style\" >\n<article id=\"4761\" style=\"height:203px\" class=\"mk-news-item news-1472989321-57cc088968fef mk-isotop-item news-full-with-image\"><img decoding=\"async\" alt=\"&#8220;Maya Center&#8221; \u0131n tercihi Kiazom Grup\" title=\"&#8220;Maya Center&#8221; \u0131n tercihi Kiazom Grup\" src=\"https:\/\/kiazomgrup.com\/wp-content\/uploads\/bfi_thumb\/04-mwbmw3niuq3ytg6a5347yt5p1c261afjp00217aica.jpg\" itemprop=\"image\" \/><span class=\"news-date\">30 Mart 2015<\/span><div class=\"news-meta-wrapper\"><div class=\"news-categories\"><span><\/span><\/div><div class=\"clearboth\"><\/div><div class=\"news-the-title\"><span><a href=\"https:\/\/kiazomgrup.com\/?post_type=news&p=4761\">&#8220;Maya Center&#8221; \u0131n tercihi Kiazom Grup<\/a><\/span><\/div><\/div><\/article><article id=\"4756\" style=\"height:203px\" class=\"mk-news-item news-1472989321-57cc088968fef mk-isotop-item news-full-with-image\"><span class=\"news-date\">30 Mart 2015<\/span><div class=\"news-meta-wrapper\"><div class=\"news-categories\"><span><\/span><\/div><div class=\"clearboth\"><\/div><div class=\"news-the-title\"><span><a href=\"https:\/\/kiazomgrup.com\/?post_type=news&p=4756\">&#8220;\u0130ller Bankas\u0131 Projesi&#8221; Kiazom Grup ile A\u00e7\u0131l\u0131\u015fa Haz\u0131rlan\u0131yor<\/a><\/span><\/div><\/div><\/article><article id=\"4744\" style=\"height:203px\" class=\"mk-news-item news-1472989321-57cc088968fef mk-isotop-item news-full-with-image\"><img decoding=\"async\" alt=\"&#8220;Baysa\u015f \u0130n\u015faat&#8221; sekt\u00f6r\u00fcn en g\u00fcvenilir ismi ile \u00e7al\u0131\u015fmay\u0131 tercih etti.\" title=\"&#8220;Baysa\u015f \u0130n\u015faat&#8221; sekt\u00f6r\u00fcn en g\u00fcvenilir ismi ile \u00e7al\u0131\u015fmay\u0131 tercih etti.\" src=\"https:\/\/kiazomgrup.com\/wp-content\/uploads\/bfi_thumb\/Baysas-n10y5d7a4o8cpqx9cldgclkjol53s1ekf0x9tpbzoa.jpg\" itemprop=\"image\" \/><span class=\"news-date\">24 \u015eubat 2015<\/span><div class=\"news-meta-wrapper\"><div class=\"news-categories\"><span><\/span><\/div><div class=\"clearboth\"><\/div><div class=\"news-the-title\"><span><a href=\"https:\/\/kiazomgrup.com\/?post_type=news&p=4744\">&#8220;Baysa\u015f \u0130n\u015faat&#8221; sekt\u00f6r\u00fcn en g\u00fcvenilir ismi ile \u00e7al\u0131\u015fmay\u0131 tercih etti.<\/a><\/span><\/div><\/div><\/article><article id=\"4741\" style=\"height:203px\" class=\"mk-news-item news-1472989321-57cc088968fef mk-isotop-item news-full-with-image\"><span class=\"news-date\">24 \u015eubat 2015<\/span><div class=\"news-meta-wrapper\"><div class=\"news-categories\"><span><\/span><\/div><div class=\"clearboth\"><\/div><div class=\"news-the-title\"><span><a href=\"https:\/\/kiazomgrup.com\/?post_type=news&p=4741\">Denta\u015f Ambalaj&#8217; \u0131n tercihi &#8220;Kiazom Grup&#8221;<\/a><\/span><\/div><\/div><\/article><\/section><div class=\"clearboth\"><\/div>\n\n<a class=\"mk-loadmore-button\" style=\"display:none;\" href=\"#\"><i class=\"mk-moon-loop-4\"><\/i><i class=\"mk-moon-arrow-down-4\"><\/i>Load More<\/a><div class=\"mk-preloader\"><\/div><\/div>\n\t<\/div><\/div>\n","protected":false},"excerpt":{"rendered":"Genel Merkezinde \u00e7al\u0131\u015fmaya ba\u015flad\u0131\u011f\u0131m\u0131z Denta\u015f Ambalaj, Kiazom Grup'u \u00e7\u00f6z\u00fcm orta\u011f\u0131 olarak se\u00e7ti.","protected":false},"author":7,"featured_media":0,"parent":0,"menu_order":0,"comment_status":"open","ping_status":"open","template":"","meta":{"footnotes":""},"_links":{"self":[{"href":"https:\/\/kiazomgrup.com\/index.php?rest_route=\/wp\/v2\/pages\/4818"}],"collection":[{"href":"https:\/\/kiazomgrup.com\/index.php?rest_route=\/wp\/v2\/pages"}],"about":[{"href":"https:\/\/kiazomgrup.com\/index.php?rest_route=\/wp\/v2\/types\/page"}],"author":[{"embeddable":true,"href":"https:\/\/kiazomgrup.com\/index.php?rest_route=\/wp\/v2\/users\/7"}],"replies":[{"embeddable":true,"href":"https:\/\/kiazomgrup.com\/index.php?rest_route=%2Fwp%2Fv2%2Fcomments&post=4818"}],"version-history":[{"count":6,"href":"https:\/\/kiazomgrup.com\/index.php?rest_route=\/wp\/v2\/pages\/4818\/revisions"}],"predecessor-version":[{"id":4880,"href":"https:\/\/kiazomgrup.com\/index.php?rest_route=\/wp\/v2\/pages\/4818\/revisions\/4880"}],"wp:attachment":[{"href":"https:\/\/kiazomgrup.com\/index.php?rest_route=%2Fwp%2Fv2%2Fmedia&parent=4818"}],"curies":[{"name":"wp","href":"https:\/\/api.w.org\/{rel}","templated":true}]}}