{"id":4609,"date":"2015-02-15T19:52:05","date_gmt":"2015-02-15T19:52:05","guid":{"rendered":"http:\/\/mozaiktemizlik.com\/?page_id=4609"},"modified":"2021-01-07T15:52:03","modified_gmt":"2021-01-07T15:52:03","slug":"kariyer","status":"publish","type":"page","link":"https:\/\/kiazomgrup.com\/?page_id=4609","title":{"rendered":"Referanslar\u0131m\u0131z"},"content":{"rendered":"<\/div><\/div><\/div><div class=\"wpb_row vc_row  vc_row-fluid  mk-fullwidth-true  attched-false vc_row-fluid\">\n\t<div style=\"\" class=\"vc_col-sm-12 wpb_column column_container \">\n\t\t\t<div class=\"mk-effect-wrapper\">    <div id=\"mk-page-title-box-69e7c3304b35c\" class=\"mk-page-title-box mk-background-stretch \">        \r\n    <div class=\"mk-effect-bg-layer mk-background-stretch \" data-top-top=\"transform: translateY(0%)\" data-top-bottom=\"transform: translateY(50%)\" data-effect=\"parallax\">\r\n        \r\n    <\/div>        <div class=\"mk-page-title-box-content\" data-top-top=\"opacity: 1\" data-250=\"opacity: 0\">            <div class=\"mk-grid\">                <h1 class=\"mk-page-title-box-title mk-page-title-box-title--underline\">Referanslar\u0131m\u0131z<\/h1>                <div class=\"mk-page-title-box-subtitle\">Mutlu m\u00fc\u015fterilerimiz<\/div>            <\/div>        <\/div><!-- mk-page-title-box-content -->    <\/div><!-- mk-page-title-box --><\/div><!-- mk-effect-wrapper -->\r\n<style type='text\/css'>\r\n    #mk-page-title-box-69e7c3304b35c {\r\n        height: 500px;\r\n        background-color: ;\r\n        text-align: center;\r\n    }\r\n    #mk-page-title-box-69e7c3304b35c .mk-page-title-box-title {\r\n        font-size: 60px;\r\n        line-height: 60px;\r\n        font-weight: normal;\r\n        color: #000000;\r\n        padding-bottom: 20px;\r\n        margin-bottom: 20px;\r\n        letter-spacing: 3px;\r\n    }\r\n    #mk-page-title-box-69e7c3304b35c .mk-page-title-box-title--underline:after {\r\n        background: #000000;}\r\n    #mk-page-title-box-69e7c3304b35c .mk-page-title-box-subtitle {\r\n        font-size: 26px;\r\n        line-size: 26px;\r\n        font-weight: normal;\r\n        color: #000000;}\r\n    #mk-page-title-box-69e7c3304b35c .mk-effect-bg-layer {\r\n        background-image: url('\/wp-content\/uploads\/clients-copy.jpg');\r\n        background-position:center top;\r\n    }\r\n<\/style><div style=\"padding: 0px 0 0px;\" class=\"mk-divider mk-shortcode divider_full_width center thin_solid \"><div class=\"divider-inner\" style=\"border-top-color:#00afec;border-top-width:3px;\"><\/div><\/div><div class=\"clearboth\"><\/div><div class=\"clearboth\"><\/div><div class=\"mk-shortcode mk-padding-shortcode\" style=\"height:80px\"><\/div><div class=\"clearboth\"><\/div>\n\t<\/div><\/div><div class=\"mk-main-wrapper-holder\"><div class=\"theme-page-wrapper full-layout mk-grid vc_row-fluid no-padding\"><div class=\"theme-content no-padding\"><div class=\"wpb_row vc_row  vc_row-fluid  mk-fullwidth-false  attched-false vc_row-fluid\">\n\t<div style=\"\" class=\"vc_col-sm-6 wpb_column column_container \">\n\t\t\t<div class=\"mk-image-shortcode mk-shortcode   align-left simple-frame inside-image \" style=\"max-width: 800px; margin-bottom:10px\"><div class=\"mk-image-inner\"><img decoding=\"async\" class=\"lightbox-false\" alt=\"\" title=\"\" src=\"\/wp-content\/uploads\/referanslar1.jpg\" \/><\/div><div class=\"clearboth\"><\/div><\/div>\n\t<\/div>\n\t<div style=\"\" class=\"vc_col-sm-6 wpb_column column_container \">\n\t\t\t<div class=\"mk-image-shortcode mk-shortcode   align-left simple-frame inside-image \" style=\"max-width: 800px; margin-bottom:10px\"><div class=\"mk-image-inner\"><img decoding=\"async\" class=\"lightbox-false\" alt=\"\" title=\"\" src=\"\/wp-content\/uploads\/referanslar2.jpg\" \/><\/div><div class=\"clearboth\"><\/div><\/div>\n\t<\/div><\/div><div class=\"wpb_row vc_row  vc_row-fluid  mk-fullwidth-false  attched-false vc_row-fluid\">\n\t<div style=\"\" class=\"vc_col-sm-6 wpb_column column_container \">\n\t\t\t<div class=\"mk-image-shortcode mk-shortcode   align-left simple-frame inside-image \" style=\"max-width: 800px; margin-bottom:10px\"><div class=\"mk-image-inner\"><img decoding=\"async\" class=\"lightbox-false\" alt=\"\" title=\"\" src=\"\/wp-content\/uploads\/ref.jpg\" \/><\/div><div class=\"clearboth\"><\/div><\/div>\n\t<\/div>\n\t<div style=\"\" class=\"vc_col-sm-6 wpb_column column_container \">\n\t\t\t<div class=\"mk-image-shortcode mk-shortcode   align-left simple-frame inside-image \" style=\"max-width: 800px; margin-bottom:10px\"><div class=\"mk-image-inner\"><img decoding=\"async\" class=\"lightbox-false\" alt=\"\" title=\"\" src=\"\/wp-content\/uploads\/ref.jpg\" \/><\/div><div class=\"clearboth\"><\/div><\/div>\n\t<\/div><\/div><div class=\"wpb_row vc_row  vc_row-fluid  mk-fullwidth-false  attched-false vc_row-fluid\">\n\t<div style=\"\" class=\"vc_col-sm-12 wpb_column column_container \">\n\t\t\t<div class=\"clearboth\"><\/div><div class=\"mk-shortcode mk-padding-shortcode\" style=\"height:40px\"><\/div><div class=\"clearboth\"><\/div>\n\t<\/div><\/div><div class=\"clearboth\"><\/div><\/div><\/div><\/div><div id=\"mk-page-section-69e7c3304c751\" data-intro-effect=\"false\" class=\"full-width-69e7c3304c751  full-height-false parallax-false mk-page-section mk-blur-parent mk-shortcode  \" data-speedFactor=\"0.3\"><div class=\"mk-video-color-mask\"><\/div><div class=\"mk-grid vc_row-fluid page-section-content\"><div class=\"mk-padding-wrapper\">\n\t<div style=\"\" class=\"vc_col-sm-8 wpb_column column_container \">\n\t\t\t<h2 style=\"font-size: 30px;text-align:left;color: #ffffff;font-style:normal;font-weight:normal;margin-top:13px;margin-bottom:18px; letter-spacing:0px;\" id=\"fancy-title-69e7c3304cad2\" class=\"mk-shortcode mk-fancy-title fancy-title-align-left simple-style \"><span style=\"\">Hizmet sekt\u00f6r\u00fcn\u00fcn\u00a0en g\u00fcvenilir\u00a0adresi.<\/span><\/h2><div class=\"clearboth\"><\/div>\n\t<\/div>\n\t<div style=\"\" class=\"vc_col-sm-4 wpb_column column_container \">\n\t\t\t<div class=\"mk-button-align left\"><a href=\"\/?page_id=122\" target=\"_blank\"  class=\"mk-button dark button-69e7c3304ce71 light-color  flat-dimension large rounded \"><span>B\u0130Z\u0130MLE \u00c7ALI\u015eMAK \u0130\u00c7\u0130N TIKLAYIN<\/span><\/a><\/div>\n\n<style type=\"text\/css\">\r\n    .button-69e7c3304ce71 {\r\n                margin-bottom: 15px;\r\n                margin-top: 0px;\r\n                min-width: 0px !important;\r\n\r\n        }\r\n\r\n        .button-69e7c3304ce71 {\r\n                background-color:rgba(255,255,255,0.3);\r\n\r\n        }\r\n        \r\n            .mk-button.button-69e7c3304ce71.flat-dimension:hover {\r\n                    background-color:#ffffff !important;\r\n                    color:#50c9f3 !important;\r\n            }\r\n        <\/style>\n\t<\/div><\/div><div class=\"clearboth\"><\/div><\/div><div class=\"clearboth\"><\/div><\/div>\r\n<style type='text\/css'>\r\n.full-width-69e7c3304c751 {\r\n    min-height:0px;\r\n    padding:50px 0 40px;\r\n    \r\n    background-attachment:scroll;\r\n    background-color:#00afec;\r\n    background-position:left top;\r\n    background-repeat:repeat;\r\n    margin-bottom:0px;\r\n    \r\n}\r\n     \r\n.full-width-69e7c3304c751 .mk-fancy-title.pattern-style span, \r\n.full-width-69e7c3304c751 .mk-blog-view-all\r\n{\r\n    background-color: #00afec !important;\r\n}<\/style><div class=\"mk-main-wrapper-holder\"><div class=\"theme-page-wrapper  -layout mk-grid vc_row-fluid row-fluid\"><div class=\"theme-content \">\n","protected":false},"excerpt":{"rendered":"Referanslar\u0131m\u0131z Mutlu m\u00fc\u015fterilerimiz #mk-page-title-box-69e7c3304d55b { height: 500px; background-color: ; text-align: center; } #mk-page-title-box-69e7c3304d55b .mk-page-title-box-title { font-size: 60px; line-height: 60px; font-weight: normal; color: #000000; padding-bottom: 20px; margin-bottom: 20px; letter-spacing: 3px; } #mk-page-title-box-69e7c3304d55b .mk-page-title-box-title--underline:after { background: #000000;} #mk-page-title-box-69e7c3304d55b .mk-page-title-box-subtitle { font-size: 26px; line-size: 26px; font-weight: normal; color: #000000;} #mk-page-title-box-69e7c3304d55b .mk-effect-bg-layer { background-image: url('\/wp-content\/uploads\/clients-copy.jpg'); background-position:center top; } Hizmet [...]","protected":false},"author":7,"featured_media":0,"parent":0,"menu_order":0,"comment_status":"open","ping_status":"open","template":"","meta":{"footnotes":""},"_links":{"self":[{"href":"https:\/\/kiazomgrup.com\/index.php?rest_route=\/wp\/v2\/pages\/4609"}],"collection":[{"href":"https:\/\/kiazomgrup.com\/index.php?rest_route=\/wp\/v2\/pages"}],"about":[{"href":"https:\/\/kiazomgrup.com\/index.php?rest_route=\/wp\/v2\/types\/page"}],"author":[{"embeddable":true,"href":"https:\/\/kiazomgrup.com\/index.php?rest_route=\/wp\/v2\/users\/7"}],"replies":[{"embeddable":true,"href":"https:\/\/kiazomgrup.com\/index.php?rest_route=%2Fwp%2Fv2%2Fcomments&post=4609"}],"version-history":[{"count":17,"href":"https:\/\/kiazomgrup.com\/index.php?rest_route=\/wp\/v2\/pages\/4609\/revisions"}],"predecessor-version":[{"id":5022,"href":"https:\/\/kiazomgrup.com\/index.php?rest_route=\/wp\/v2\/pages\/4609\/revisions\/5022"}],"wp:attachment":[{"href":"https:\/\/kiazomgrup.com\/index.php?rest_route=%2Fwp%2Fv2%2Fmedia&parent=4609"}],"curies":[{"name":"wp","href":"https:\/\/api.w.org\/{rel}","templated":true}]}}