{"id":4564,"date":"2015-02-15T19:34:25","date_gmt":"2015-02-15T19:34:25","guid":{"rendered":"http:\/\/mozaiktemizlik.com\/?page_id=4564"},"modified":"2021-01-14T01:19:04","modified_gmt":"2021-01-14T01:19:04","slug":"pest-kontrol","status":"publish","type":"page","link":"https:\/\/kiazomgrup.com\/?page_id=4564","title":{"rendered":"Pest Kontrol"},"content":{"rendered":"<\/div><\/div><\/div><div class=\"wpb_row vc_row  vc_row-fluid  mk-fullwidth-true  attched-false vc_row-fluid\">\n\t<div style=\"\" class=\"vc_col-sm-12 wpb_column column_container \">\n\t\t\t<div class=\"mk-effect-wrapper\"><div style=\"opacity: 1 !important; background-color:rgba(0,0,0,0.49);\" class=\"mk-video-color-mask\"><\/div>    <div id=\"mk-page-title-box-69e7c0abf2a34\" class=\"mk-page-title-box mk-background-stretch \">        \r\n    <div class=\"mk-effect-bg-layer mk-background-stretch \" data-top-top=\"transform: translateY(0%)\" data-top-bottom=\"transform: translateY(50%)\" data-effect=\"parallax\">\r\n        \r\n    <\/div>        <div class=\"mk-page-title-box-content\" data-top-top=\"opacity: 1\" data-250=\"opacity: 0\">            <div class=\"mk-grid\">                <h1 class=\"mk-page-title-box-title mk-page-title-box-title--underline\">Pest Kontrol<\/h1>                <div class=\"mk-page-title-box-subtitle\">Pest kontrol hizmetlerimiz...<\/div>            <\/div>        <\/div><!-- mk-page-title-box-content -->    <\/div><!-- mk-page-title-box --><\/div><!-- mk-effect-wrapper -->\r\n<style type='text\/css'>\r\n    #mk-page-title-box-69e7c0abf2a34 {\r\n        height: 500px;\r\n        background-color: ;\r\n        text-align: center;\r\n    }\r\n    #mk-page-title-box-69e7c0abf2a34 .mk-page-title-box-title {\r\n        font-size: 60px;\r\n        line-height: 60px;\r\n        font-weight: normal;\r\n        color: #ffffff;\r\n        padding-bottom: 20px;\r\n        margin-bottom: 20px;\r\n        letter-spacing: 3px;\r\n    }\r\n    #mk-page-title-box-69e7c0abf2a34 .mk-page-title-box-title--underline:after {\r\n        background: #ffffff;}\r\n    #mk-page-title-box-69e7c0abf2a34 .mk-page-title-box-subtitle {\r\n        font-size: 26px;\r\n        line-size: 26px;\r\n        font-weight: normal;\r\n        color: #ffffff;}\r\n    #mk-page-title-box-69e7c0abf2a34 .mk-effect-bg-layer {\r\n        background-image: url('https:\/\/kiazomgrup.com\/wp-content\/uploads\/person-white-chemical-protection-suit-holding-sprayer-with-disinfectant-chemicals-stop-spreading-highly-contagious-virus.jpg');\r\n        background-position:center top;\r\n    }\r\n<\/style><div style=\"padding: 0px 0 0px;\" class=\"mk-divider mk-shortcode divider_full_width center thin_solid \"><div class=\"divider-inner\" style=\"border-top-color:#00afec;border-top-width:3px;\"><\/div><\/div><div class=\"clearboth\"><\/div><div class=\"clearboth\"><\/div><div class=\"mk-shortcode mk-padding-shortcode\" style=\"height:80px\"><\/div><div class=\"clearboth\"><\/div>\n\t<\/div><\/div><div class=\"mk-main-wrapper-holder\"><div class=\"theme-page-wrapper full-layout mk-grid vc_row-fluid no-padding\"><div class=\"theme-content no-padding\"><div class=\"wpb_row vc_row  vc_row-fluid  mk-fullwidth-false  attched-false vc_row-fluid\">\n\t<div style=\"\" class=\"vc_col-sm-4 wpb_column column_container \">\n\t\t\t<h2 style=\"font-size: 20px;text-align:left;color: #4285bf;font-style:inhert;font-weight:bold;margin-top:0px;margin-bottom:18px; letter-spacing:0px;\" id=\"fancy-title-69e7c0abf2f2e\" class=\"mk-shortcode mk-fancy-title fancy-title-align-left simple-style \"><span style=\"\">DO\u011eANIN DENGES\u0130N\u0130 BOZMADAN, \u00c7ALI\u015eMA ORTAMINIZA DENGE GET\u0130R\u0130YORUZ<\/span><\/h2><div class=\"clearboth\"><\/div>\t<div style=\" margin-bottom:0px;text-align: left;\" class=\"mk-text-block  \"><p class=\"p1\">Kiazom\u00a0Grup\u00a0Ha\u015fere ve Kemirgen Kontrol\u00fc, Ekolojik dengenin her zaman i\u00e7in g\u00f6zetildi\u011fi \u00e7al\u0131\u015fma sistemimizde,do\u011fal ya\u015fam d\u00fczenini bozmadan, canl\u0131 faunas\u0131na ve \u00e7evreye zarar verilmeyecek \u015fekilde programlan\u0131r.<\/p>\n<div class=\"clearboth\"><\/div><\/div> <div class=\"mk-moving-image-shortcode mk-shortcode align-left  mk-animate-element bottom-to-top \"><img decoding=\"async\" class=\"mk-floating-vertical\" alt=\"\" title=\"\" src=\"\/wp-content\/uploads\/kiazom-30x155.png\" \/><\/div><div class=\"clearboth\"><\/div>\n\t<\/div>\n\t<div style=\"\" class=\"vc_col-sm-4 wpb_column column_container \">\n\t\t\t<h2 style=\"font-size: 18px;text-align:left;color: #337ebf;font-style:inhert;font-weight:inherit;margin-top:0px;margin-bottom:18px; letter-spacing:0px;\" id=\"fancy-title-69e7c0abf333f\" class=\"mk-shortcode mk-fancy-title fancy-title-align-left simple-style \"><span style=\"\"><\/span><\/h2><div class=\"clearboth\"><\/div>\t<div style=\" margin-bottom:0px;text-align: left;\" class=\"mk-text-block  \"><p class=\"p1\">Pek \u00e7ok insan ve hayvan hastal\u0131\u011f\u0131n nedeni, ha\u015fere ve kemirgenler taraf\u0131ndan ta\u015f\u0131nan mikroplard\u0131r. S\u00f6z konusu vekt\u00f6rle m\u00fccadele, tarihte \u00f6zellikle s\u0131tma, veba gibi hastal\u0131klar\u0131n yay\u0131lmas\u0131n\u0131 \u00f6nlemekte ciddi \u00f6nem ta\u015f\u0131maktad\u0131r. G\u00fcn\u00fcm\u00fczde de ha\u015fere ve kemirgenlerle m\u00fccadele, g\u0131da, tekstil \u00fcr\u00fcnleri, in\u015faat malzemeleri, elektrik ve elektronik malzemelerin tahribat\u0131n\u0131 \u00f6nlemek amac\u0131yla ka\u00e7\u0131n\u0131lmazd\u0131r.<\/p>\n<p class=\"p1\">Konut, end\u00fcstriyel tesisler, sa\u011fl\u0131k kurulu\u015flar\u0131, perakende i\u015fletmeleri, konaklama i\u015fletmeleri, restoran ve g\u0131da firmalar\u0131na hizmet sa\u011flayan\u00a0Kiazom\u00a0Grup Ha\u015fere ve Kemirgen Kontrol\u00fc, hem ya\u015fam alanlar\u0131n\u0131z\u0131, hem i\u015fletmelerinizi, hem de sa\u011fl\u0131\u011f\u0131n\u0131z\u0131 korur.<\/p>\n<p class=\"p1\">Kiazom\u00a0Grup\u00a0PEST Ha\u015fere ve Kemirgen Kontrol\u00fc olarak, \u00e7ok \u00e7e\u015fitli \u00e7al\u0131\u015fma ve ya\u015fam alanlar\u0131na hizmet g\u00f6t\u00fcr\u00fcyor, gerek sa\u011fl\u0131\u011f\u0131n\u0131z\u0131n gerekse eme\u011finizin korunmas\u0131 i\u00e7in Daima hizmete haz\u0131r\u0131z.<\/p>\n<div class=\"clearboth\"><\/div><\/div> \n\t<\/div>\n\t<div style=\"\" class=\"vc_col-sm-4 wpb_column column_container \">\n\t\t\t<div class=\"mk-image-shortcode mk-shortcode   align-left simple-frame inside-image \" style=\"max-width: 800px; margin-bottom:10px\"><div class=\"mk-image-inner\"><img decoding=\"async\" class=\"lightbox-false\" alt=\"\" title=\"\" src=\"https:\/\/kiazomgrup.com\/wp-content\/uploads\/bfi_thumb\/pexels-matilda-wormwood-4099466-p1bwmzwapqt3j6av3lsvih7c6p3dfyg7y9x1mox9so.jpg\" \/><\/div><div class=\"clearboth\"><\/div><\/div>\n\t<\/div><\/div><div class=\"wpb_row vc_row  vc_row-fluid  mk-fullwidth-false  attched-false vc_row-fluid\">\n\t<div style=\"\" class=\"vc_col-sm-12 wpb_column column_container \">\n\t\t\t<div class=\"clearboth\"><\/div><div class=\"mk-shortcode mk-padding-shortcode\" style=\"height:40px\"><\/div><div class=\"clearboth\"><\/div>\n\t<\/div><\/div><div class=\"wpb_row vc_row  vc_row-fluid  mk-fullwidth-false  attched-false vc_row-fluid\">\n\t<div style=\"\" class=\"vc_col-sm-4 wpb_column column_container \">\n\t\t\t<div class=\"mk-image-shortcode mk-shortcode   align-left simple-frame inside-image \" style=\"max-width: 800px; margin-bottom:10px\"><div class=\"mk-image-inner\"><img decoding=\"async\" class=\"lightbox-false\" alt=\"\" title=\"\" src=\"https:\/\/kiazomgrup.com\/wp-content\/uploads\/bfi_thumb\/person-white-chemical-protection-suit-holding-sprayer-with-disinfectant-chemicals-stop-spreading-highly-contagious-virus-p1bw6b9felvclh0qn8d0v4lq7mxrwuyek2z7ej7068.jpg\" \/><\/div><div class=\"clearboth\"><\/div><\/div>\n\t<\/div>\n\t<div style=\"\" class=\"vc_col-sm-4 wpb_column column_container \">\n\t\t\t<h2 style=\"font-size: 20px;text-align:left;color: #3f83bf;font-style:inhert;font-weight:bold;margin-top:0px;margin-bottom:18px; letter-spacing:0px;\" id=\"fancy-title-69e7c0ac00865\" class=\"mk-shortcode mk-fancy-title fancy-title-align-left simple-style \"><span style=\"\">PEST KONTROL H\u0130ZMETLER\u0130M\u0130Z<\/span><\/h2><div class=\"clearboth\"><\/div><div id=\"list-style-69e7c0ac00975\" class=\"mk-list-styles mk-shortcode mk-align-none \" style=\"margin-bottom:30px\"><ul>\n<li>Y\u00fcr\u00fcyen ha\u015fere kontrol\u00fc<\/li>\n<li>Kemirgen kontrol<\/li>\n<li>U\u00e7an ha\u015fere kontrol\u00fc<\/li>\n<li>Ku\u015f kontrol\u00fc<\/li>\n<li>Yabani havat kontrol\u00fc<\/li>\n<li>Web raporlama<\/li>\n<li>M\u00fc\u015fteri menmuniyet hatt\u0131<\/li>\n<\/ul>\n<\/div><style type=\"text\/css\">\r\n                    #list-style-69e7c0ac00975 ul li:before {\r\n                        font-family:FontAwesome;\r\n                        content: \"\\f00c\";\r\n                        color:#00afec\r\n                    }\r\n                <\/style>\n\t<\/div>\n\t<div style=\"\" class=\"vc_col-sm-4 wpb_column column_container \">\n\t\t\t<h2 style=\"font-size: 20px;text-align:left;color: #3f83bf;font-style:inhert;font-weight:bold;margin-top:0px;margin-bottom:18px; letter-spacing:0px;\" id=\"fancy-title-69e7c0ac00b65\" class=\"mk-shortcode mk-fancy-title fancy-title-align-left simple-style \"><span style=\"\">E\u011e\u0130T\u0130M ve DANI\u015eMANLIK H\u0130ZMETLER\u0130M\u0130Z<\/span><\/h2><div class=\"clearboth\"><\/div><div id=\"list-style-69e7c0ac00c17\" class=\"mk-list-styles mk-shortcode mk-align-none \" style=\"margin-bottom:30px\"><ul>\n<li>Ulusal ve Global g\u0131da g\u00fcvenli\u011fi standartlar\u0131na g\u00f6re m\u00fc\u015fteri e\u011fitimleri<\/li>\n<li>Sanitasyon konular\u0131nda dan\u0131\u015fmanl\u0131k.<\/li>\n<li>Tecrit konular\u0131nda dan\u0131\u015fmanl\u0131k<\/li>\n<\/ul>\n<\/div><style type=\"text\/css\">\r\n                    #list-style-69e7c0ac00c17 ul li:before {\r\n                        font-family:FontAwesome;\r\n                        content: \"\\f00c\";\r\n                        color:#00afec\r\n                    }\r\n                <\/style>\n\t<\/div><\/div><div class=\"clearboth\"><\/div><\/div><\/div><\/div><div id=\"mk-page-section-69e7c0ac00d75\" data-intro-effect=\"false\" class=\"full-width-69e7c0ac00d75  full-height- parallax-false mk-page-section mk-blur-parent mk-shortcode  \" data-speedFactor=\"\"><div class=\"mk-video-color-mask\"><\/div><div class=\"mk-main-wrapper-holder\"><div class=\"theme-page-wrapper -layout mk-grid vc_row-fluid row-fluid page-section-content\"><div class=\"theme-content\">\n\t<div style=\"\" class=\"vc_col-sm-4 wpb_column column_container \">\n\t\t\t<h2 style=\"font-size: 20px;text-align:left;color: #3f83bf;font-style:inhert;font-weight:bold;margin-top:0px;margin-bottom:18px; letter-spacing:0px;\" id=\"fancy-title-69e7c0ac01006\" class=\"mk-shortcode mk-fancy-title fancy-title-align-left simple-style \"><span style=\"\">B\u0130TK\u0130 BAKIM H\u0130ZMETLER\u0130<\/span><\/h2><div class=\"clearboth\"><\/div><div id=\"list-style-69e7c0ac010ad\" class=\"mk-list-styles mk-shortcode mk-align-none \" style=\"margin-bottom:30px\"><ul>\n<li>Bitki ila\u00e7lamas\u0131<\/li>\n<li>Periyodik bak\u0131mlar<\/li>\n<li>Ekim ve dikim i\u015fleri<\/li>\n<\/ul>\n<\/div><style type=\"text\/css\">\r\n                    #list-style-69e7c0ac010ad ul li:before {\r\n                        font-family:FontAwesome;\r\n                        content: \"\\f00c\";\r\n                        color:#00afec\r\n                    }\r\n                <\/style>\n\t<\/div>\n\t<div style=\"\" class=\"vc_col-sm-4 wpb_column column_container \">\n\t\t\t<h2 style=\"font-size: 20px;text-align:left;color: #3f83bf;font-style:inhert;font-weight:bold;margin-top:0px;margin-bottom:18px; letter-spacing:0px;\" id=\"fancy-title-69e7c0ac01276\" class=\"mk-shortcode mk-fancy-title fancy-title-align-left simple-style \"><span style=\"\">F\u00dcM\u0130GASYON<\/span><\/h2><div class=\"clearboth\"><\/div><div id=\"list-style-69e7c0ac01316\" class=\"mk-list-styles mk-shortcode mk-align-none \" style=\"margin-bottom:30px\"><ul>\n<li>Silo F\u00fcmigasyonu<\/li>\n<li>Bina F\u00fcmigasyonu<\/li>\n<li>Konteyn\u0131r F\u00fcmigasyonu<\/li>\n<\/ul>\n<\/div><style type=\"text\/css\">\r\n                    #list-style-69e7c0ac01316 ul li:before {\r\n                        font-family:FontAwesome;\r\n                        content: \"\\f00c\";\r\n                        color:#00afec\r\n                    }\r\n                <\/style>\n\t<\/div>\n\t<div style=\"\" class=\"vc_col-sm-4 wpb_column column_container \">\n\t\t\t<h2 style=\"font-size: 20px;text-align:left;color: #3f83bf;font-style:inhert;font-weight:bold;margin-top:0px;margin-bottom:18px; letter-spacing:0px;\" id=\"fancy-title-69e7c0ac014c5\" class=\"mk-shortcode mk-fancy-title fancy-title-align-left simple-style \"><span style=\"\">H\u0130JYEN SERV\u0130SLER\u0130<\/span><\/h2><div class=\"clearboth\"><\/div><div id=\"list-style-69e7c0ac01563\" class=\"mk-list-styles mk-shortcode mk-align-none \" style=\"margin-bottom:30px\"><ul>\n<li>F\u00fcmispore Kuru Dumanlama<\/li>\n<li>Yatak Hijyeni<\/li>\n<\/ul>\n<\/div><style type=\"text\/css\">\r\n                    #list-style-69e7c0ac01563 ul li:before {\r\n                        font-family:FontAwesome;\r\n                        content: \"\\f00c\";\r\n                        color:#00afec\r\n                    }\r\n                <\/style>\n\t<\/div><div class=\"clearboth\"><\/div><\/div><aside id=\"mk-sidebar\" class=\"mk-builtin\"><div class=\"sidebar-wrapper\" style=\"padding-top:0;padding-bottom:0;\"><\/div><\/aside><\/div><\/div><div class=\"clearboth\"><\/div><\/div>\r\n<style type='text\/css'>\r\n.full-width-69e7c0ac00d75 {\r\n    min-height:100px;\r\n    padding:10px 0 10px;\r\n    \r\n    background-attachment:;\r\n    \r\n    background-position:left top;\r\n    background-repeat:repeat;\r\n    margin-bottom:10px;\r\n    \r\n}\r\n     <\/style><div class=\"mk-main-wrapper-holder\"><div class=\"theme-page-wrapper  -layout mk-grid vc_row-fluid row-fluid\"><div class=\"theme-content \"><div class=\"wpb_row vc_row  vc_row-fluid  mk-fullwidth-false  attched-false vc_row-fluid\">\n\t<div style=\"\" class=\"vc_col-sm-12 wpb_column column_container \">\n\t\t\t<div class=\"clearboth\"><\/div><div class=\"mk-shortcode mk-padding-shortcode\" style=\"height:40px\"><\/div><div class=\"clearboth\"><\/div>\n\t<\/div><\/div><div class=\"clearboth\"><\/div><\/div><\/div><\/div><div id=\"mk-page-section-69e7c0ac01a3e\" data-intro-effect=\"false\" class=\"full-width-69e7c0ac01a3e  full-height-false parallax-false mk-page-section mk-blur-parent mk-shortcode  \" data-speedFactor=\"0.3\"><div class=\"mk-video-color-mask\"><\/div><div class=\"mk-grid vc_row-fluid page-section-content\"><div class=\"mk-padding-wrapper\">\n\t<div style=\"\" class=\"vc_col-sm-8 wpb_column column_container \">\n\t\t\t<h2 style=\"font-size: 30px;text-align:left;color: #ffffff;font-style:normal;font-weight:normal;margin-top:13px;margin-bottom:18px; letter-spacing:0px;\" id=\"fancy-title-69e7c0ac01bf7\" class=\"mk-shortcode mk-fancy-title fancy-title-align-left simple-style \"><span style=\"\">Hizmet sekt\u00f6r\u00fcn\u00fcn\u00a0en g\u00fcvenilir\u00a0adresi.<\/span><\/h2><div class=\"clearboth\"><\/div>\n\t<\/div>\n\t<div style=\"\" class=\"vc_col-sm-4 wpb_column column_container \">\n\t\t\t<div class=\"mk-button-align left\"><a href=\"\/?page_id=122\" target=\"_self\"  class=\"mk-button dark button-69e7c0ac01e04 light-color  flat-dimension large rounded \"><span>B\u0130Z\u0130MLE \u00c7ALI\u015eMAK \u0130\u00c7\u0130N TIKLAYIN<\/span><\/a><\/div>\n\n<style type=\"text\/css\">\r\n    .button-69e7c0ac01e04 {\r\n                margin-bottom: 15px;\r\n                margin-top: 0px;\r\n                min-width: 0px !important;\r\n\r\n        }\r\n\r\n        .button-69e7c0ac01e04 {\r\n                background-color:rgba(255,255,255,0.3);\r\n\r\n        }\r\n        \r\n            .mk-button.button-69e7c0ac01e04.flat-dimension:hover {\r\n                    background-color:#ffffff !important;\r\n                    color:#50c9f3 !important;\r\n            }\r\n        <\/style>\n\t<\/div><\/div><div class=\"clearboth\"><\/div><\/div><div class=\"clearboth\"><\/div><\/div>\r\n<style type='text\/css'>\r\n.full-width-69e7c0ac01a3e {\r\n    min-height:0px;\r\n    padding:50px 0 40px;\r\n    \r\n    background-attachment:scroll;\r\n    background-color:#00afec;\r\n    background-position:left top;\r\n    background-repeat:repeat;\r\n    margin-bottom:0px;\r\n    \r\n}\r\n     \r\n.full-width-69e7c0ac01a3e .mk-fancy-title.pattern-style span, \r\n.full-width-69e7c0ac01a3e .mk-blog-view-all\r\n{\r\n    background-color: #00afec !important;\r\n}<\/style><div class=\"mk-main-wrapper-holder\"><div class=\"theme-page-wrapper  -layout mk-grid vc_row-fluid row-fluid\"><div class=\"theme-content \">\n","protected":false},"excerpt":{"rendered":"Pest Kontrol Pest kontrol hizmetlerimiz... #mk-page-title-box-69e7c0ac024a7 { height: 500px; background-color: ; text-align: center; } #mk-page-title-box-69e7c0ac024a7 .mk-page-title-box-title { font-size: 60px; line-height: 60px; font-weight: normal; color: #ffffff; padding-bottom: 20px; margin-bottom: 20px; letter-spacing: 3px; } #mk-page-title-box-69e7c0ac024a7 .mk-page-title-box-title--underline:after { background: #ffffff;} #mk-page-title-box-69e7c0ac024a7 .mk-page-title-box-subtitle { font-size: 26px; line-size: 26px; font-weight: normal; color: #ffffff;} #mk-page-title-box-69e7c0ac024a7 .mk-effect-bg-layer { background-image: url('https:\/\/kiazomgrup.com\/wp-content\/uploads\/person-white-chemical-protection-suit-holding-sprayer-with-disinfectant-chemicals-stop-spreading-highly-contagious-virus.jpg'); background-position:center top; [...]","protected":false},"author":7,"featured_media":0,"parent":0,"menu_order":0,"comment_status":"open","ping_status":"open","template":"","meta":{"footnotes":""},"_links":{"self":[{"href":"https:\/\/kiazomgrup.com\/index.php?rest_route=\/wp\/v2\/pages\/4564"}],"collection":[{"href":"https:\/\/kiazomgrup.com\/index.php?rest_route=\/wp\/v2\/pages"}],"about":[{"href":"https:\/\/kiazomgrup.com\/index.php?rest_route=\/wp\/v2\/types\/page"}],"author":[{"embeddable":true,"href":"https:\/\/kiazomgrup.com\/index.php?rest_route=\/wp\/v2\/users\/7"}],"replies":[{"embeddable":true,"href":"https:\/\/kiazomgrup.com\/index.php?rest_route=%2Fwp%2Fv2%2Fcomments&post=4564"}],"version-history":[{"count":12,"href":"https:\/\/kiazomgrup.com\/index.php?rest_route=\/wp\/v2\/pages\/4564\/revisions"}],"predecessor-version":[{"id":4970,"href":"https:\/\/kiazomgrup.com\/index.php?rest_route=\/wp\/v2\/pages\/4564\/revisions\/4970"}],"wp:attachment":[{"href":"https:\/\/kiazomgrup.com\/index.php?rest_route=%2Fwp%2Fv2%2Fmedia&parent=4564"}],"curies":[{"name":"wp","href":"https:\/\/api.w.org\/{rel}","templated":true}]}}