{"id":4557,"date":"2015-02-15T19:20:58","date_gmt":"2015-02-15T19:20:58","guid":{"rendered":"http:\/\/mozaiktemizlik.com\/?page_id=4557"},"modified":"2021-01-14T01:17:10","modified_gmt":"2021-01-14T01:17:10","slug":"personel-ik-ve-isgucu-temini","status":"publish","type":"page","link":"https:\/\/kiazomgrup.com\/?page_id=4557","title":{"rendered":"PERSONEL \u0130K ve \u0130\u015fg\u00fcc\u00fc Temini"},"content":{"rendered":"<\/div><\/div><\/div><div class=\"wpb_row vc_row  vc_row-fluid  mk-fullwidth-true  attched-false vc_row-fluid\">\n\t<div style=\"\" class=\"vc_col-sm-12 wpb_column column_container \">\n\t\t\t<div class=\"mk-effect-wrapper\"><div style=\"opacity: 1 !important; background-color:rgba(10,10,10,0.59);\" class=\"mk-video-color-mask\"><\/div>    <div id=\"mk-page-title-box-69e7c35926ac5\" class=\"mk-page-title-box mk-background-stretch \">        \r\n    <div class=\"mk-effect-bg-layer mk-background-stretch \" data-top-top=\"transform: translateY(0%)\" data-top-bottom=\"transform: translateY(50%)\" data-effect=\"parallax\">\r\n        \r\n    <\/div>        <div class=\"mk-page-title-box-content\" data-top-top=\"opacity: 1\" data-250=\"opacity: 0\">            <div class=\"mk-grid\">                <h1 class=\"mk-page-title-box-title mk-page-title-box-title--underline\">PERSONEL \u0130K ve \u0130\u015f G\u00fcc\u00fc Temini<\/h1>                <div class=\"mk-page-title-box-subtitle\">Bordrolama konusundaki hizmetlerimiz...<\/div>            <\/div>        <\/div><!-- mk-page-title-box-content -->    <\/div><!-- mk-page-title-box --><\/div><!-- mk-effect-wrapper -->\r\n<style type='text\/css'>\r\n    #mk-page-title-box-69e7c35926ac5 {\r\n        height: 500px;\r\n        background-color: ;\r\n        text-align: center;\r\n    }\r\n    #mk-page-title-box-69e7c35926ac5 .mk-page-title-box-title {\r\n        font-size: 60px;\r\n        line-height: 60px;\r\n        font-weight: normal;\r\n        color: #ffffff;\r\n        padding-bottom: 20px;\r\n        margin-bottom: 20px;\r\n        letter-spacing: 3px;\r\n    }\r\n    #mk-page-title-box-69e7c35926ac5 .mk-page-title-box-title--underline:after {\r\n        background: #ffffff;}\r\n    #mk-page-title-box-69e7c35926ac5 .mk-page-title-box-subtitle {\r\n        font-size: 26px;\r\n        line-size: 26px;\r\n        font-weight: normal;\r\n        color: #ffffff;}\r\n    #mk-page-title-box-69e7c35926ac5 .mk-effect-bg-layer {\r\n        background-image: url('https:\/\/kiazomgrup.com\/wp-content\/uploads\/pexels-marily-torres-776615.jpg');\r\n        background-position:center center;\r\n    }\r\n<\/style><div style=\"padding: 0px 0 0px;\" class=\"mk-divider mk-shortcode divider_full_width center thin_solid \"><div class=\"divider-inner\" style=\"border-top-color:#00afec;border-top-width:3px;\"><\/div><\/div><div class=\"clearboth\"><\/div><div class=\"clearboth\"><\/div><div class=\"mk-shortcode mk-padding-shortcode\" style=\"height:80px\"><\/div><div class=\"clearboth\"><\/div>\n\t<\/div><\/div><div class=\"mk-main-wrapper-holder\"><div class=\"theme-page-wrapper full-layout mk-grid vc_row-fluid no-padding\"><div class=\"theme-content no-padding\"><div class=\"wpb_row vc_row  vc_row-fluid  mk-fullwidth-false  attched-false vc_row-fluid\">\n\t<div style=\"\" class=\"vc_col-sm-4 wpb_column column_container \">\n\t\t\t<h2 style=\"font-size: 20px;text-align:left;color: #4285bf;font-style:inhert;font-weight:bold;margin-top:0px;margin-bottom:18px; letter-spacing:0px;\" id=\"fancy-title-69e7c35927088\" class=\"mk-shortcode mk-fancy-title fancy-title-align-left simple-style \"><span style=\"\">HER KONUDA PROFESYONEL ve UZMAN \u00c7\u00d6Z\u00dcMLER<\/span><\/h2><div class=\"clearboth\"><\/div>\t<div style=\" margin-bottom:0px;text-align: left;\" class=\"mk-text-block  \"><p class=\"p1\">Kiazom Grup\u00a0\u0130.K. ve \u0130\u015f G\u00fcc\u00fc, sundu\u011fu geni\u015f kapsaml\u0131 ve avantajl\u0131 hizmetiyle m\u00fc\u015fterilerine \u00f6nemli destekler sunmaktad\u0131r. Daha esnek bir \u00e7al\u0131\u015fma d\u00fczeni, daha az maliyetli ve daha az risk i\u00e7eren bir ortam\u0131 yaratan bu avantajlar, m\u00fc\u015fterilerimizin t\u00fcm ihtiya\u00e7lar\u0131n\u0131n kar\u015f\u0131lanmas\u0131na yard\u0131mc\u0131 olmaktad\u0131r.<\/p>\n<div class=\"clearboth\"><\/div><\/div> <div class=\"mk-moving-image-shortcode mk-shortcode align-left  mk-animate-element bottom-to-top \"><img decoding=\"async\" class=\"mk-floating-vertical\" alt=\"\" title=\"\" src=\"\/wp-content\/uploads\/kiazom-30x155.png\" \/><\/div><div class=\"clearboth\"><\/div>\n\t<\/div>\n\t<div style=\"\" class=\"vc_col-sm-4 wpb_column column_container \">\n\t\t\t<h2 style=\"font-size: 18px;text-align:left;color: #337ebf;font-style:inhert;font-weight:inherit;margin-top:0px;margin-bottom:18px; letter-spacing:0px;\" id=\"fancy-title-69e7c359274e4\" class=\"mk-shortcode mk-fancy-title fancy-title-align-left simple-style \"><span style=\"\"><\/span><\/h2><div class=\"clearboth\"><\/div>\t<div style=\" margin-bottom:0px;text-align: left;\" class=\"mk-text-block  \"><p class=\"p1\">Kurumlar i\u00e7in yasal zorunluluk olan bordro haz\u0131rlamak ve mevzuatlar\u0131n yak\u0131n takibi ile parametrelerin g\u00fcncellenmesi konular\u0131, bordro s\u00fcrecini y\u00f6neten birime ciddi bir i\u015f y\u00fck\u00fc getiren ancak kuruma katma de\u011fer yaratmayan bir uygulamad\u0131r.\u00a0Kiazom Grup Bordrolama ve \u0130\u015f G\u00fcc\u00fc, bu i\u015f y\u00fck\u00fcn\u00fc kurumun \u00fczerinden almakta olup, yasalara uygun, gizlilik prensipleri \u00e7er\u00e7evesinde etkin ve kaliteli hizmet vermektedir.<\/p>\n<p class=\"p1\">\u2022 Her konuda profosyonel ve uzman \u00e7\u00f6z\u00fcmler ger\u00e7ekle\u015ftirmek.<\/p>\n<p class=\"p1\">\u2022 M\u00fc\u015fterilerimizin t\u00fcm zaman ve enerjilerini \u00fcretimlerine y\u00f6neltmelerine imkan vermek<\/p>\n<p class=\"p1\">\u2022 M\u00fc\u015fterilerimizin ge\u00e7ici personel ihtiya\u00e7lar\u0131n\u0131 kar\u015f\u0131lamak. Kurulu\u015f a\u015famas\u0131nda, planlanmam\u0131\u015f veya mevsimlik \u00fcr\u00fcn ihtiya\u00e7 art\u0131\u015f\u0131 depolama,sevkiyat vs.<\/p>\n<p class=\"p1\">\u2022 M\u00fc\u015fterilerimizin operasyon maliyetlerini en verimli noktada tutmak ve uzun vadeli mali y\u00fcklerini azaltmak.<\/p>\n<div class=\"clearboth\"><\/div><\/div> \n\t<\/div>\n\t<div style=\"\" class=\"vc_col-sm-4 wpb_column column_container \">\n\t\t\t<div class=\"mk-image-shortcode mk-shortcode   align-left simple-frame inside-image \" style=\"max-width: 800px; margin-bottom:10px\"><div class=\"mk-image-inner\"><img decoding=\"async\" class=\"lightbox-false\" alt=\"\" title=\"\" src=\"https:\/\/kiazomgrup.com\/wp-content\/uploads\/bfi_thumb\/pexels-fauxels-3183197-p1bwhn7dsphbf42rcsictbtueph4m078vs6i8yuz88.jpg\" \/><\/div><div class=\"clearboth\"><\/div><\/div>\n\t<\/div><\/div><div class=\"wpb_row vc_row  vc_row-fluid  mk-fullwidth-false  attched-false vc_row-fluid\">\n\t<div style=\"\" class=\"vc_col-sm-12 wpb_column column_container \">\n\t\t\t<div class=\"clearboth\"><\/div><div class=\"mk-shortcode mk-padding-shortcode\" style=\"height:40px\"><\/div><div class=\"clearboth\"><\/div>\n\t<\/div><\/div><div class=\"wpb_row vc_row  vc_row-fluid  mk-fullwidth-false  attched-false vc_row-fluid\">\n\t<div style=\"\" class=\"vc_col-sm-6 wpb_column column_container \">\n\t\t\t<div class=\"mk-image-shortcode mk-shortcode   align-left simple-frame inside-image \" style=\"max-width: 800px; margin-bottom:10px\"><div class=\"mk-image-inner\"><img decoding=\"async\" class=\"lightbox-false\" alt=\"\" title=\"\" src=\"https:\/\/kiazomgrup.com\/wp-content\/uploads\/bfi_thumb\/confident-business-team-with-leader-p1bw5qkz8931i1urzzf8c9tl55rp7iob58miug1nz4.jpg\" \/><\/div><div class=\"clearboth\"><\/div><\/div>\n\t<\/div>\n\t<div style=\"\" class=\"vc_col-sm-6 wpb_column column_container \">\n\t\t\t<h2 style=\"font-size: 20px;text-align:left;color: #3f83bf;font-style:inhert;font-weight:bold;margin-top:0px;margin-bottom:18px; letter-spacing:0px;\" id=\"fancy-title-69e7c35928eba\" class=\"mk-shortcode mk-fancy-title fancy-title-align-left simple-style \"><span style=\"\">PERSONEL DESTEK H\u0130ZMETLER\u0130M\u0130Z<\/span><\/h2><div class=\"clearboth\"><\/div><div id=\"list-style-69e7c35928fc7\" class=\"mk-list-styles mk-shortcode mk-align-none \" style=\"margin-bottom:30px\"><ul>\n<li>\n<p class=\"p1\">Firmalar\u0131n bordrosunun yasalar do\u011frultusunda tahakkuk ve tanziminin yap\u0131lamas\u0131<\/p>\n<\/li>\n<li>\n<p class=\"p1\">\u00dccret \u00f6demelerinin m\u00fc\u015fteri onayland\u0131ktan sonra \u00f6deme yap\u0131lacak olan banka format\u0131nda disketin firmaya g\u00f6nderilmesi<\/p>\n<\/li>\n<li>\n<p class=\"p1\">\u0130\u015ften ayr\u0131l\u0131\u015f durumlar\u0131nda gereken belgelerin haz\u0131rlanmas\u0131<\/p>\n<\/li>\n<li>\n<p class=\"p1\">\u0130\u015f yasalar\u0131 ve uygulamalar\u0131 konusunda gerekirse mevzuatlarla ilgili dan\u0131\u015fmanl\u0131k hizmeti verilmesi<\/p>\n<\/li>\n<li>\n<p class=\"p1\">Y\u0131ll\u0131k izin defterlerinin tutulmas\u0131 ve takibi gibi t\u00fcm personel i\u015flemlerinin yap\u0131lmas\u0131 d\u00fczenlenmesi.<\/p>\n<\/li>\n<\/ul>\n<\/div><style type=\"text\/css\">\r\n                    #list-style-69e7c35928fc7 ul li:before {\r\n                        font-family:FontAwesome;\r\n                        content: \"\\f00c\";\r\n                        color:#00afec\r\n                    }\r\n                <\/style>\n\t<\/div><\/div><div class=\"wpb_row vc_row  vc_row-fluid  mk-fullwidth-false  attched-false vc_row-fluid\">\n\t<div style=\"\" class=\"vc_col-sm-12 wpb_column column_container \">\n\t\t\t<div class=\"clearboth\"><\/div><div class=\"mk-shortcode mk-padding-shortcode\" style=\"height:40px\"><\/div><div class=\"clearboth\"><\/div>\n\t<\/div><\/div><div class=\"clearboth\"><\/div><\/div><\/div><\/div><div id=\"mk-page-section-69e7c35929391\" data-intro-effect=\"false\" class=\"full-width-69e7c35929391  full-height-false parallax-false mk-page-section mk-blur-parent mk-shortcode  \" data-speedFactor=\"0.3\"><div class=\"mk-video-color-mask\"><\/div><div class=\"mk-grid vc_row-fluid page-section-content\"><div class=\"mk-padding-wrapper\">\n\t<div style=\"\" class=\"vc_col-sm-8 wpb_column column_container \">\n\t\t\t<h2 style=\"font-size: 30px;text-align:left;color: #ffffff;font-style:normal;font-weight:normal;margin-top:13px;margin-bottom:18px; letter-spacing:0px;\" id=\"fancy-title-69e7c35929556\" class=\"mk-shortcode mk-fancy-title fancy-title-align-left simple-style \"><span style=\"\">Hizmet sekt\u00f6r\u00fcn\u00fcn\u00a0en g\u00fcvenilir\u00a0adresi.<\/span><\/h2><div class=\"clearboth\"><\/div>\n\t<\/div>\n\t<div style=\"\" class=\"vc_col-sm-4 wpb_column column_container \">\n\t\t\t<div class=\"mk-button-align left\"><a href=\"\/?page_id=122\" target=\"_self\"  class=\"mk-button dark button-69e7c3592975f light-color  flat-dimension large rounded \"><span>B\u0130Z\u0130MLE \u00c7ALI\u015eMAK \u0130\u00c7\u0130N TIKLAYIN<\/span><\/a><\/div>\n\n<style type=\"text\/css\">\r\n    .button-69e7c3592975f {\r\n                margin-bottom: 15px;\r\n                margin-top: 0px;\r\n                min-width: 0px !important;\r\n\r\n        }\r\n\r\n        .button-69e7c3592975f {\r\n                background-color:rgba(255,255,255,0.3);\r\n\r\n        }\r\n        \r\n            .mk-button.button-69e7c3592975f.flat-dimension:hover {\r\n                    background-color:#ffffff !important;\r\n                    color:#50c9f3 !important;\r\n            }\r\n        <\/style>\n\t<\/div><\/div><div class=\"clearboth\"><\/div><\/div><div class=\"clearboth\"><\/div><\/div>\r\n<style type='text\/css'>\r\n.full-width-69e7c35929391 {\r\n    min-height:0px;\r\n    padding:50px 0 40px;\r\n    \r\n    background-attachment:scroll;\r\n    background-color:#00afec;\r\n    background-position:left top;\r\n    background-repeat:repeat;\r\n    margin-bottom:0px;\r\n    \r\n}\r\n     \r\n.full-width-69e7c35929391 .mk-fancy-title.pattern-style span, \r\n.full-width-69e7c35929391 .mk-blog-view-all\r\n{\r\n    background-color: #00afec !important;\r\n}<\/style><div class=\"mk-main-wrapper-holder\"><div class=\"theme-page-wrapper  -layout mk-grid vc_row-fluid row-fluid\"><div class=\"theme-content \">\n","protected":false},"excerpt":{"rendered":"PERSONEL \u0130K ve \u0130\u015f G\u00fcc\u00fc Temini Bordrolama konusundaki hizmetlerimiz... #mk-page-title-box-69e7c35929d35 { height: 500px; background-color: ; text-align: center; } #mk-page-title-box-69e7c35929d35 .mk-page-title-box-title { font-size: 60px; line-height: 60px; font-weight: normal; color: #ffffff; padding-bottom: 20px; margin-bottom: 20px; letter-spacing: 3px; } #mk-page-title-box-69e7c35929d35 .mk-page-title-box-title--underline:after { background: #ffffff;} #mk-page-title-box-69e7c35929d35 .mk-page-title-box-subtitle { font-size: 26px; line-size: 26px; font-weight: normal; color: #ffffff;} #mk-page-title-box-69e7c35929d35 .mk-effect-bg-layer { [...]","protected":false},"author":7,"featured_media":0,"parent":0,"menu_order":0,"comment_status":"open","ping_status":"open","template":"","meta":{"footnotes":""},"_links":{"self":[{"href":"https:\/\/kiazomgrup.com\/index.php?rest_route=\/wp\/v2\/pages\/4557"}],"collection":[{"href":"https:\/\/kiazomgrup.com\/index.php?rest_route=\/wp\/v2\/pages"}],"about":[{"href":"https:\/\/kiazomgrup.com\/index.php?rest_route=\/wp\/v2\/types\/page"}],"author":[{"embeddable":true,"href":"https:\/\/kiazomgrup.com\/index.php?rest_route=\/wp\/v2\/users\/7"}],"replies":[{"embeddable":true,"href":"https:\/\/kiazomgrup.com\/index.php?rest_route=%2Fwp%2Fv2%2Fcomments&post=4557"}],"version-history":[{"count":11,"href":"https:\/\/kiazomgrup.com\/index.php?rest_route=\/wp\/v2\/pages\/4557\/revisions"}],"predecessor-version":[{"id":5087,"href":"https:\/\/kiazomgrup.com\/index.php?rest_route=\/wp\/v2\/pages\/4557\/revisions\/5087"}],"wp:attachment":[{"href":"https:\/\/kiazomgrup.com\/index.php?rest_route=%2Fwp%2Fv2%2Fmedia&parent=4557"}],"curies":[{"name":"wp","href":"https:\/\/api.w.org\/{rel}","templated":true}]}}