{"id":4533,"date":"2015-02-15T18:45:53","date_gmt":"2015-02-15T18:45:53","guid":{"rendered":"http:\/\/mozaiktemizlik.com\/?page_id=4533"},"modified":"2021-01-14T01:24:19","modified_gmt":"2021-01-14T01:24:19","slug":"temizlik-hizmetleri","status":"publish","type":"page","link":"https:\/\/kiazomgrup.com\/?page_id=4533","title":{"rendered":"Temizlik Hizmetleri"},"content":{"rendered":"<\/div><\/div><\/div><div class=\"wpb_row vc_row  vc_row-fluid  mk-fullwidth-true  attched-false vc_row-fluid\">\n\t<div style=\"\" class=\"vc_col-sm-12 wpb_column column_container \">\n\t\t\t<div class=\"mk-effect-wrapper\"><div style=\"opacity: 1 !important; background-color:rgba(10,10,10,0.61);\" class=\"mk-video-color-mask\"><\/div>    <div id=\"mk-page-title-box-69e7c09192d63\" class=\"mk-page-title-box mk-background-stretch \">        \r\n    <div class=\"mk-effect-bg-layer mk-background-stretch \" data-top-top=\"transform: translateY(0%)\" data-top-bottom=\"transform: translateY(50%)\" data-effect=\"parallax\">\r\n        \r\n    <\/div>        <div class=\"mk-page-title-box-content\" data-top-top=\"opacity: 1\" data-250=\"opacity: 0\">            <div class=\"mk-grid\">                <h1 class=\"mk-page-title-box-title mk-page-title-box-title--underline\">Temizlik Hizmeti<\/h1>                <div class=\"mk-page-title-box-subtitle\">Bizim i\u00e7in temizlik...<\/div>            <\/div>        <\/div><!-- mk-page-title-box-content -->    <\/div><!-- mk-page-title-box --><\/div><!-- mk-effect-wrapper -->\r\n<style type='text\/css'>\r\n    #mk-page-title-box-69e7c09192d63 {\r\n        height: 500px;\r\n        background-color: ;\r\n        text-align: center;\r\n    }\r\n    #mk-page-title-box-69e7c09192d63 .mk-page-title-box-title {\r\n        font-size: 60px;\r\n        line-height: 60px;\r\n        font-weight: normal;\r\n        color: #ffffff;\r\n        padding-bottom: 20px;\r\n        margin-bottom: 20px;\r\n        letter-spacing: 3px;\r\n    }\r\n    #mk-page-title-box-69e7c09192d63 .mk-page-title-box-title--underline:after {\r\n        background: #ffffff;}\r\n    #mk-page-title-box-69e7c09192d63 .mk-page-title-box-subtitle {\r\n        font-size: 26px;\r\n        line-size: 26px;\r\n        font-weight: normal;\r\n        color: #ffffff;}\r\n    #mk-page-title-box-69e7c09192d63 .mk-effect-bg-layer {\r\n        background-image: url('https:\/\/kiazomgrup.com\/wp-content\/uploads\/unrecognizable-cleaner-walking-into-hotel-room-with-tools-detergents.jpg');\r\n        background-position:center center;\r\n    }\r\n<\/style><div style=\"padding: 0px 0 0px;\" class=\"mk-divider mk-shortcode divider_full_width center thin_solid \"><div class=\"divider-inner\" style=\"border-top-color:#00afec;border-top-width:3px;\"><\/div><\/div><div class=\"clearboth\"><\/div><div class=\"clearboth\"><\/div><div class=\"mk-shortcode mk-padding-shortcode\" style=\"height:80px\"><\/div><div class=\"clearboth\"><\/div>\n\t<\/div><\/div><div class=\"mk-main-wrapper-holder\"><div class=\"theme-page-wrapper full-layout mk-grid vc_row-fluid no-padding\"><div class=\"theme-content no-padding\"><div class=\"wpb_row vc_row  vc_row-fluid  mk-fullwidth-false  attched-false vc_row-fluid\">\n\t<div style=\"\" class=\"vc_col-sm-4 wpb_column column_container \">\n\t\t\t<h2 style=\"font-size: 20px;text-align:left;color: #4285bf;font-style:inhert;font-weight:inherit;margin-top:0px;margin-bottom:18px; letter-spacing:0px;\" id=\"fancy-title-69e7c09193252\" class=\"mk-shortcode mk-fancy-title fancy-title-align-left simple-style \"><span style=\"\">TOPLUMSAL VE EKOLOJ\u0130K \u00c7EVREYE DUYARLI TEM\u0130ZL\u0130K<\/span><\/h2><div class=\"clearboth\"><\/div>\t<div style=\" margin-bottom:0px;text-align: left;\" class=\"mk-text-block  \"><p class=\"p1\">Kiazom Grup\u00a0ya\u015fad\u0131\u011f\u0131m\u0131z ve \u00e7al\u0131\u015ft\u0131\u011f\u0131m\u0131z alanlar\u0131n hijyenik, bak\u0131ml\u0131 ve d\u00fczenli g\u00f6r\u00fcnmesini sa\u011flayan ve bu d\u00fczeni s\u00fcrekli koruyan Temizlik ve Bak\u0131m Hizmetlerini kar\u015f\u0131layan firmas\u0131d\u0131r. \u00dclke geneline ta\u015f\u0131d\u0131\u011f\u0131 kaliteli hizmet ile sekt\u00f6re y\u00f6n veren Kiazom Grup, uzun vadede kazand\u0131\u011f\u0131 m\u00fc\u015fteri g\u00fcveni ve istikrarl\u0131 b\u00fcy\u00fcmesiyle \u00fclkemizde bir\u00e7ok firmaya kusursuz hizmet g\u00f6t\u00fcrmektedir. Verilen temizlik hizmeti ile birlikte sa\u011fl\u0131\u011f\u0131n\u0131z ve memnuniyetiniz de bizim i\u00e7in \u00e7ok \u00f6nemlidir. Dolay\u0131s\u0131yla kullan\u0131lan temizlik \u00fcr\u00fcnleri,makine ekipmanlar ve sundu\u011fumuz hizmet ile t\u00fcm deneyimimizi sizlerle payla\u015farak, ya\u015fad\u0131\u011f\u0131n\u0131z ortam\u0131 daha sa\u011fl\u0131kl\u0131 ve g\u00fcvenilir hale getirmek i\u00e7in her zaman g\u00f6rev ba\u015f\u0131nday\u0131z.<\/p>\n<div class=\"clearboth\"><\/div><\/div> <div class=\"mk-moving-image-shortcode mk-shortcode align-left  mk-animate-element bottom-to-top \"><img decoding=\"async\" class=\"mk-floating-vertical\" alt=\"\" title=\"\" src=\"\/wp-content\/uploads\/kiazom-30x155.png\" \/><\/div><div class=\"clearboth\"><\/div>\n\t<\/div>\n\t<div style=\"\" class=\"vc_col-sm-4 wpb_column column_container \">\n\t\t\t<h2 style=\"font-size: 18px;text-align:left;color: #337ebf;font-style:inhert;font-weight:inherit;margin-top:0px;margin-bottom:18px; letter-spacing:0px;\" id=\"fancy-title-69e7c09193663\" class=\"mk-shortcode mk-fancy-title fancy-title-align-left simple-style \"><span style=\"\">H\u0130ZMET ANLAYI\u015eIMIZ<\/span><\/h2><div class=\"clearboth\"><\/div>\t<div style=\" margin-bottom:0px;text-align: left;\" class=\"mk-text-block  \"><p class=\"p1\">\u00d6zellikle kimyasal ve su t\u00fcketimini minimuma indiren, \u00e7apraz bula\u015fma riskini azaltarak en y\u00fcksek seviyede dezenfeksiyon sa\u011flayan teknolojiler kullanan\u00a0Kiazom Grup ile ya\u015fam alanlar\u0131n\u0131 en k\u0131sa s\u00fcrede istenilen seviyeye ula\u015ft\u0131r\u0131r.<\/p>\n<p class=\"p1\">bilin\u00e7li i\u015f g\u00fcc\u00fc i\u015f , \u00fcr\u00fcn \u00e7e\u015fitlili\u011fi, standardizasyon, modern makine ve ekipmanlar sayesinde, temizlik hizmetlerini m\u00fc\u015fterilerimize daima en uygun ve en iyi ko\u015fullarda ula\u015ft\u0131r\u0131yoruz.<\/p>\n<p class=\"p2\">Kiazom Grup, b\u00fct\u00fcn sekt\u00f6rlere hizmet verme kapasitesine sahip olup, her sekt\u00f6r\u00fcn kendine esas olan ihtiya\u00e7lar\u0131nda uzmanla\u015fmak gereklili\u011finin bilincindedir. \u00dcretim Tesislerinde, Sa\u011fl\u0131k kurulu\u015flar\u0131nda, Ma\u011fazalar ve Al\u0131\u015fveri\u015f Merkezlerinde, \u0130\u015f Merkezleri ve Plazalarda, E\u011fitim Kurumlar\u0131 ve Konut Projelerinde, Lojistik Sekt\u00f6rlerinde kusursuz hizmet veren uzman ekiplerimiz sayesinde, minimum maliyet ile maksimum hizmeti hedefleyerek, m\u00fc\u015fterimizin her zaman en yak\u0131n \u00e7\u00f6z\u00fcm orta\u011f\u0131 olarak yer al\u0131yoruz.<\/p>\n<p class=\"p1\">Do\u011fru metot, makine, i\u015f g\u00fcc\u00fc ve zaman kullan\u0131m\u0131n\u0131n en efektif bi\u00e7imde y\u00f6netimiyle Temizlik ve Bak\u0131m Hizmetlerinde gerkli \u00e7al\u0131\u015fmalar uygulamaya her zaman haz\u0131r\u0131z.<\/p>\n<div class=\"clearboth\"><\/div><\/div> \n\t<\/div>\n\t<div style=\"\" class=\"vc_col-sm-4 wpb_column column_container \">\n\t\t\t<div class=\"mk-image-shortcode mk-shortcode   align-left simple-frame inside-image \" style=\"max-width: 800px; margin-bottom:10px\"><div class=\"mk-image-inner\"><img decoding=\"async\" class=\"lightbox-false\" alt=\"\" title=\"\" src=\"https:\/\/kiazomgrup.com\/wp-content\/uploads\/bfi_thumb\/pexels-pixabay-209271-p1bwu1opz0gilw27xni57p5skqch68fqx6257egz4o.jpg\" \/><\/div><div class=\"clearboth\"><\/div><\/div>\n\t<\/div><\/div><div class=\"wpb_row vc_row  vc_row-fluid  mk-fullwidth-false  attched-false vc_row-fluid\">\n\t<div style=\"\" class=\"vc_col-sm-12 wpb_column column_container \">\n\t\t\t<div class=\"clearboth\"><\/div><div class=\"mk-shortcode mk-padding-shortcode\" style=\"height:40px\"><\/div><div class=\"clearboth\"><\/div>\n\t<\/div><\/div><div class=\"wpb_row vc_row  vc_row-fluid  mk-fullwidth-false  attched-false vc_row-fluid\">\n\t<div style=\"\" class=\"vc_col-sm-4 wpb_column column_container \">\n\t\t\t<h2 style=\"font-size: 20px;text-align:left;color: #393836;font-style:inhert;font-weight:bold;margin-top:0px;margin-bottom:18px; letter-spacing:0px;\" id=\"fancy-title-69e7c09194711\" class=\"mk-shortcode mk-fancy-title fancy-title-align-left simple-style \"><span style=\"\">MOB\u0130L TEKN\u0130K B\u0130R\u0130M<\/span><\/h2><div class=\"clearboth\"><\/div>\t<div style=\" margin-bottom:0px;text-align: left;\" class=\"mk-text-block  \"><p class=\"p1\">Kiazom Grup, temizlik hizmetlerini tamamlamaya y\u00f6nelik t\u00fcm mobil hizmetleri de sunabilmektedir. Bu teknik hizmetlerin aras\u0131nda; hal\u0131 ve koltuk y\u0131kama, sert zemin cilalama ve bak\u0131m,cam silme ve di\u011fer \u00f6zel teknik hizmetler yer almaktad\u0131r.<\/p>\n<p class=\"p1\">Kiazom Grup, m\u00fc\u015fterilerimizin \u00f6zel ya da periyodik olarak Temizlik ihtiya\u00e7lar\u0131n\u0131 kar\u015f\u0131lamak i\u00e7in, \u00f6zel e\u011fitimli, ba\u011f\u0131ms\u0131z bir birlik gibi \u00e7al\u0131\u015fan bir mobil birimi olu\u015fturdu. Ayr\u0131ca, yeni al\u0131nan projelerin ba\u015flang\u0131c\u0131nda s\u00fcrekli temizli\u011fi do\u011fru sa\u011flamak ve ya\u015fanmas\u0131 ve beklenen hizmet standartlar\u0131n sa\u011flanmas\u0131 i\u00e7in, mobil ekibimiz \u00f6nemli bir destek vererek devreye girmektedir.<\/p>\n<div class=\"TnITTtw-translate-selection-button\" style=\"top: 169px; left: 67.5px; opacity: 0.186624;\"><\/div>\n<div class=\"clearboth\"><\/div><\/div> \n\t<\/div>\n\t<div style=\"\" class=\"vc_col-sm-4 wpb_column column_container \">\n\t\t\t<div class=\"mk-image-shortcode mk-shortcode   align-left simple-frame inside-image \" style=\"max-width: 800px; margin-bottom:10px\"><div class=\"mk-image-inner\"><img decoding=\"async\" class=\"lightbox-false\" alt=\"\" title=\"\" src=\"https:\/\/kiazomgrup.com\/wp-content\/uploads\/bfi_thumb\/workers-washing-windows-office-building-p1bwqxtxdq7a4z3u7lf1rk7xt3yyh2pgb3bsovrtw0.jpg\" \/><\/div><div class=\"clearboth\"><\/div><\/div>\n\t<\/div>\n\t<div style=\"\" class=\"vc_col-sm-4 wpb_column column_container \">\n\t\t\t<h2 style=\"font-size: 20px;text-align:left;color: #3f83bf;font-style:inhert;font-weight:bold;margin-top:0px;margin-bottom:18px; letter-spacing:0px;\" id=\"fancy-title-69e7c0919554d\" class=\"mk-shortcode mk-fancy-title fancy-title-align-left simple-style \"><span style=\"\">UYGULANAN TEM\u0130ZL\u0130K \u00c7E\u015e\u0130TLER\u0130<\/span><\/h2><div class=\"clearboth\"><\/div><div id=\"list-style-69e7c091956bb\" class=\"mk-list-styles mk-shortcode mk-align-none \" style=\"margin-bottom:30px\"><ul>\n<li>\n<p class=\"p1\">Periyodik temizlik (g\u00fcnl\u00fck ve haftal\u0131k,s\u00fcreklilik gerektiren temizlikler)<\/p>\n<\/li>\n<li>\n<p class=\"p1\">Cam ve d\u0131\u015f cephe temizli\u011fi<\/p>\n<\/li>\n<li>\n<p class=\"p1\">Zemin temizli\u011fi (hal\u0131 ve koltuk y\u0131kama, sert zemin cilalama ve bak\u0131m)<\/p>\n<\/li>\n<li>\n<p class=\"p1\">\u0130n\u015faat ve dekorasyon sonras\u0131 temizlik (Genel temizlik)<\/p>\n<\/li>\n<li>\n<p class=\"p1\">Do\u011fal afet m\u00fcdahale (\u00f6rne\u011fin; yang\u0131n ve su bask\u0131n\u0131 sonras\u0131 temizlik)<\/p>\n<\/li>\n<li>\n<p class=\"p1\">Sanayi temizlik end\u00fcstriyel temizlik<\/p>\n<\/li>\n<li>\n<p class=\"p1\">Hijyen temizlik<\/p>\n<\/li>\n<li>\n<p class=\"p1\">Ye\u015fil temizlik<\/p>\n<\/li>\n<\/ul>\n<\/div><style type=\"text\/css\">\r\n                    #list-style-69e7c091956bb ul li:before {\r\n                        font-family:FontAwesome;\r\n                        content: \"\\f00c\";\r\n                        color:#00afec\r\n                    }\r\n                <\/style>\n\t<\/div><\/div><div class=\"wpb_row vc_row  vc_row-fluid  mk-fullwidth-false  attched-false vc_row-fluid\">\n\t<div style=\"\" class=\"vc_col-sm-12 wpb_column column_container \">\n\t\t\t<div class=\"clearboth\"><\/div><div class=\"mk-shortcode mk-padding-shortcode\" style=\"height:40px\"><\/div><div class=\"clearboth\"><\/div>\n\t<\/div><\/div><div class=\"clearboth\"><\/div><\/div><\/div><\/div><div id=\"mk-page-section-69e7c09195aef\" data-intro-effect=\"false\" class=\"full-width-69e7c09195aef  full-height-false parallax-false mk-page-section mk-blur-parent mk-shortcode  \" data-speedFactor=\"0.3\"><div class=\"mk-video-color-mask\"><\/div><div class=\"mk-grid vc_row-fluid page-section-content\"><div class=\"mk-padding-wrapper\">\n\t<div style=\"\" class=\"vc_col-sm-8 wpb_column column_container \">\n\t\t\t<h2 style=\"font-size: 30px;text-align:left;color: #ffffff;font-style:normal;font-weight:normal;margin-top:13px;margin-bottom:18px; letter-spacing:0px;\" id=\"fancy-title-69e7c09195cc2\" class=\"mk-shortcode mk-fancy-title fancy-title-align-left simple-style \"><span style=\"\">Hizmet sekt\u00f6r\u00fcn\u00fcn\u00a0en g\u00fcvenilir\u00a0adresi.<\/span><\/h2><div class=\"clearboth\"><\/div>\n\t<\/div>\n\t<div style=\"\" class=\"vc_col-sm-4 wpb_column column_container \">\n\t\t\t<div class=\"mk-button-align left\"><a href=\"\/?page_id=122\" target=\"_self\"  class=\"mk-button dark button-69e7c09195eba light-color  flat-dimension large rounded \"><span>B\u0130Z\u0130MLE \u00c7ALI\u015eMAK \u0130\u00c7\u0130N TIKLAYIN<\/span><\/a><\/div>\n\n<style type=\"text\/css\">\r\n    .button-69e7c09195eba {\r\n                margin-bottom: 15px;\r\n                margin-top: 0px;\r\n                min-width: 0px !important;\r\n\r\n        }\r\n\r\n        .button-69e7c09195eba {\r\n                background-color:rgba(255,255,255,0.3);\r\n\r\n        }\r\n        \r\n            .mk-button.button-69e7c09195eba.flat-dimension:hover {\r\n                    background-color:#ffffff !important;\r\n                    color:#50c9f3 !important;\r\n            }\r\n        <\/style>\n\t<\/div><\/div><div class=\"clearboth\"><\/div><\/div><div class=\"clearboth\"><\/div><\/div>\r\n<style type='text\/css'>\r\n.full-width-69e7c09195aef {\r\n    min-height:0px;\r\n    padding:50px 0 40px;\r\n    \r\n    background-attachment:scroll;\r\n    background-color:#00afec;\r\n    background-position:left top;\r\n    background-repeat:repeat;\r\n    margin-bottom:0px;\r\n    \r\n}\r\n     \r\n.full-width-69e7c09195aef .mk-fancy-title.pattern-style span, \r\n.full-width-69e7c09195aef .mk-blog-view-all\r\n{\r\n    background-color: #00afec !important;\r\n}<\/style><div class=\"mk-main-wrapper-holder\"><div class=\"theme-page-wrapper  -layout mk-grid vc_row-fluid row-fluid\"><div class=\"theme-content \">\n","protected":false},"excerpt":{"rendered":"Temizlik Hizmeti Bizim i\u00e7in temizlik... #mk-page-title-box-69e7c091964d6 { height: 500px; background-color: ; text-align: center; } #mk-page-title-box-69e7c091964d6 .mk-page-title-box-title { font-size: 60px; line-height: 60px; font-weight: normal; color: #ffffff; padding-bottom: 20px; margin-bottom: 20px; letter-spacing: 3px; } #mk-page-title-box-69e7c091964d6 .mk-page-title-box-title--underline:after { background: #ffffff;} #mk-page-title-box-69e7c091964d6 .mk-page-title-box-subtitle { font-size: 26px; line-size: 26px; font-weight: normal; color: #ffffff;} #mk-page-title-box-69e7c091964d6 .mk-effect-bg-layer { background-image: url('https:\/\/kiazomgrup.com\/wp-content\/uploads\/unrecognizable-cleaner-walking-into-hotel-room-with-tools-detergents.jpg'); background-position:center center; [...]","protected":false},"author":7,"featured_media":0,"parent":0,"menu_order":0,"comment_status":"open","ping_status":"open","template":"","meta":{"footnotes":""},"_links":{"self":[{"href":"https:\/\/kiazomgrup.com\/index.php?rest_route=\/wp\/v2\/pages\/4533"}],"collection":[{"href":"https:\/\/kiazomgrup.com\/index.php?rest_route=\/wp\/v2\/pages"}],"about":[{"href":"https:\/\/kiazomgrup.com\/index.php?rest_route=\/wp\/v2\/types\/page"}],"author":[{"embeddable":true,"href":"https:\/\/kiazomgrup.com\/index.php?rest_route=\/wp\/v2\/users\/7"}],"replies":[{"embeddable":true,"href":"https:\/\/kiazomgrup.com\/index.php?rest_route=%2Fwp%2Fv2%2Fcomments&post=4533"}],"version-history":[{"count":28,"href":"https:\/\/kiazomgrup.com\/index.php?rest_route=\/wp\/v2\/pages\/4533\/revisions"}],"predecessor-version":[{"id":5093,"href":"https:\/\/kiazomgrup.com\/index.php?rest_route=\/wp\/v2\/pages\/4533\/revisions\/5093"}],"wp:attachment":[{"href":"https:\/\/kiazomgrup.com\/index.php?rest_route=%2Fwp%2Fv2%2Fmedia&parent=4533"}],"curies":[{"name":"wp","href":"https:\/\/api.w.org\/{rel}","templated":true}]}}