{"id":122,"date":"2014-08-16T09:10:40","date_gmt":"2014-08-16T09:10:40","guid":{"rendered":"http:\/\/artbees.net\/themes\/jupiter\/big-vision\/?page_id=122"},"modified":"2021-01-14T01:25:52","modified_gmt":"2021-01-14T01:25:52","slug":"contact-us","status":"publish","type":"page","link":"https:\/\/kiazomgrup.com\/?page_id=122","title":{"rendered":"\u0130leti\u015fim"},"content":{"rendered":"<\/div><\/div><\/div><div class=\"wpb_row vc_row  vc_row-fluid  mk-fullwidth-true  attched-false vc_row-fluid\">\n\t<div style=\"\" class=\"vc_col-sm-12 wpb_column column_container \">\n\t\t\t<div class=\"mk-effect-wrapper\"><div style=\"opacity: 1 !important; background-color:rgba(10,10,10,0.75);\" class=\"mk-video-color-mask\"><\/div>    <div id=\"mk-page-title-box-69e7c0d0b8727\" class=\"mk-page-title-box mk-background-stretch \">        \r\n    <div class=\"mk-effect-bg-layer mk-background-stretch \" data-top-top=\"transform: translateY(0%)\" data-top-bottom=\"transform: translateY(50%)\" data-effect=\"parallax\">\r\n        \r\n    <\/div>        <div class=\"mk-page-title-box-content\" data-top-top=\"opacity: 1\" data-250=\"opacity: 0\">            <div class=\"mk-grid\">                <h1 class=\"mk-page-title-box-title mk-page-title-box-title--underline\">\u0130LET\u0130\u015e\u0130M<\/h1>                <div class=\"mk-page-title-box-subtitle\">Bize ula\u015fman\u0131n en kolay yollar\u0131<\/div>            <\/div>        <\/div><!-- mk-page-title-box-content -->    <\/div><!-- mk-page-title-box --><\/div><!-- mk-effect-wrapper -->\r\n<style type='text\/css'>\r\n    #mk-page-title-box-69e7c0d0b8727 {\r\n        height: 500px;\r\n        background-color: ;\r\n        text-align: center;\r\n    }\r\n    #mk-page-title-box-69e7c0d0b8727 .mk-page-title-box-title {\r\n        font-size: 60px;\r\n        line-height: 60px;\r\n        font-weight: normal;\r\n        color: #ffffff;\r\n        padding-bottom: 20px;\r\n        margin-bottom: 20px;\r\n        letter-spacing: 3px;\r\n    }\r\n    #mk-page-title-box-69e7c0d0b8727 .mk-page-title-box-title--underline:after {\r\n        background: #ffffff;}\r\n    #mk-page-title-box-69e7c0d0b8727 .mk-page-title-box-subtitle {\r\n        font-size: 26px;\r\n        line-size: 26px;\r\n        font-weight: normal;\r\n        color: #ffffff;}\r\n    #mk-page-title-box-69e7c0d0b8727 .mk-effect-bg-layer {\r\n        background-image: url('\/wp-content\/uploads\/iletisim.jpg');\r\n        background-position:center center;\r\n    }\r\n<\/style><div style=\"padding: 0px 0 0px;\" class=\"mk-divider mk-shortcode divider_full_width center thin_solid \"><div class=\"divider-inner\" style=\"border-top-color:#00afec;border-top-width:3px;\"><\/div><\/div><div class=\"clearboth\"><\/div>\n\t<\/div><\/div><div class=\"mk-main-wrapper-holder\"><div class=\"theme-page-wrapper full-layout mk-grid vc_row-fluid no-padding\"><div class=\"theme-content no-padding\"><div class=\"clearboth\"><\/div><\/div><\/div><\/div><div id=\"mk-page-section-69e7c0d0b894c\" data-intro-effect=\"false\" class=\"full-width-69e7c0d0b894c mk-background-stretch  full-height-false parallax-false mk-page-section mk-blur-parent mk-shortcode  \" data-speedFactor=\"0.3\"><div class=\"mk-video-color-mask\"><\/div><div class=\"mk-grid vc_row-fluid page-section-content\"><div class=\"mk-padding-wrapper\">\n\t<div style=\"\" class=\"vc_col-sm-12 wpb_column column_container \">\n\t\t\t<h3 style=\"font-size: 26px;text-align:center;color: #00afec;font-style:inhert;font-weight:bold;margin-top:0px;margin-bottom:20px; text-transform:uppercase;letter-spacing:2px;\" id=\"fancy-title-69e7c0d0b8bb9\" class=\"mk-shortcode mk-fancy-title fancy-title-align-center simple-style \"><span style=\"\">\u0130leti\u015fimde kal\u0131n<\/span><\/h3><div class=\"clearboth\"><\/div><div class=\"clearboth\"><\/div><div class=\"mk-shortcode mk-padding-shortcode\" style=\"height:80px\"><\/div><div class=\"clearboth\"><\/div><div class=\"wpb_row vc_row  vc_row-fluid  mk-fullwidth-false  attched-false vc_row-fluid\">\n\t<div style=\"\" class=\"vc_col-sm-3 wpb_column column_container \">\n\t\t\t<h2 style=\"font-size: 14px;text-align:left;color: #393836;font-style:inhert;font-weight:inherit;margin-top:0px;margin-bottom:20px; letter-spacing:0px;\" id=\"fancy-title-69e7c0d0b904b\" class=\"mk-shortcode mk-fancy-title fancy-title-align-left simple-style \"><span style=\"\">OF\u0130S\u0130M\u0130Z<\/span><\/h2><div class=\"clearboth\"><\/div><div itemscope=\"\" itemtype=\"http:\/\/schema.org\/Person\" class=\"widget_contact_info mk-contactinfo-shortcode\"><ul><li><i class=\"mk-icon-home\"><\/i><span itemprop=\"address\" itemscope=\"\" itemtype=\"http:\/\/schema.org\/PostalAddress\">19 May\u0131s Mah. S\u00fcmer Sk. Zita\u015f \u0130\u015f Bloklar\u0131 C4 Blok D:5 Kad\u0131k\u00f6y - \u0130STANBUL<\/span><\/li><li><i class=\"mk-icon-phone\"><\/i><span>+90 216 470 02 10 - +90 216 472 98 80 - +90 216 315 15 77<\/span><\/li><li><i class=\"mk-icon-print\"><\/i><span>+90 216 317 77 68<\/li><\/span><li><i class=\"mk-icon-envelope\"><\/i><span itemprop=\"email\"><a itemprop=\"email\" href=\"mailto:i&#110;&#102;o&#64;&#107;&#105;a&#122;o&#109;&#103;r&#117;&#112;&#46;c&#111;m\">i&#110;&#102;o&#64;&#107;&#105;&#97;z&#111;m&#103;rup.&#99;o&#109;<\/a><\/span><\/li><li><i class=\"mk-icon-globe\"><\/i><span><a href=\"www.kiazomgrup.com\">www.kiazomgrup.com<\/a><\/span><\/li><\/ul><\/div>\n\t<\/div>\n\t<div style=\"\" class=\"vc_col-sm-9 wpb_column column_container \">\n\t\t\t<h2 style=\"font-size: 14px;text-align:left;color: #393836;font-style:inhert;font-weight:inherit;margin-top:0px;margin-bottom:17px; letter-spacing:0px;\" id=\"fancy-title-69e7c0d0b92e1\" class=\"mk-shortcode mk-fancy-title fancy-title-align-left simple-style \"><span style=\"\">KONTAK FORMUMUZ<\/span><\/h2><div class=\"clearboth\"><\/div><div class=\"mk-contact-form-wrapper classic-style mk-shortcode \"><form class=\"mk-contact-form\" method=\"post\" novalidate=\"novalidate\"><div class=\"mk-form-row\"><i class=\"mk-li-user\"><\/i><input placeholder=\"Your Name\" type=\"text\" required=\"required\" name=\"contact_name\" class=\"text-input\" value=\"\" tabindex=\"69e7c0d0b940e\" \/><\/div><div class=\"mk-form-row\"><i class=\"mk-li-call\"><\/i><input placeholder=\"Your Phone Number\" type=\"text\" name=\"contact_phone\" class=\"text-input\" value=\"\" tabindex=\"690000001\" \/><\/div><div class=\"mk-form-row\"><i class=\"mk-li-mail\"><\/i><input placeholder=\"Your Email\" type=\"email\" required=\"required\" name=\"contact_email\" class=\"text-input\" value=\"\" tabindex=\"690000002\" \/><\/div><div class=\"mk-form-row\"><i class=\"mk-li-pencil\"><\/i><textarea required=\"required\" placeholder=\"Your message\" name=\"contact_content\" class=\"mk-textarea\" tabindex=\"690000003\"><\/textarea><\/div><div class=\"mk-form-row\">\r\n                    <i class=\"mk-li-lock\"><\/i>\r\n                    <input placeholder=\"Enter Captcha\" type=\"text\" name=\"captcha\" class=\"captcha-form text-input full\" required=\"required\" autocomplete=\"off\" \/>\r\n                        <img decoding=\"async\" src=\"https:\/\/kiazomgrup.com\/wp-content\/themes\/jupiter\/captcha\/captcha.php\" class=\"captcha-image\" alt=\"captcha txt\"> <br\/>\r\n                        <a href=\"#\" class=\"captcha-change-image\">Not readable? Change text.<\/a>\r\n                <\/div><div class=\"mk-form-row\" style=\"float:left;\">\r\n                    <button tabindex=\"690000004\" class=\"mk-progress-button mk-button mk-skin-button flat-dimension contact-form-button medium\" data-style=\"move-up\">\r\n                        <span class=\"mk-progress-button-content\">Submit<\/span>\r\n                        <span class=\"mk-progress\">\r\n                            <span class=\"mk-progress-inner\"><\/span>\r\n                        <\/span>\r\n                        <span class=\"state-success\"><i class=\"mk-moon-checkmark\"><\/i><\/span>\r\n                        <span class=\"state-error\"><i class=\"mk-moon-close\"><\/i><\/span>\r\n                    <\/button>\r\n                <\/div><input type=\"hidden\" value=\"yur&#116;sev&#101;&#114;kursat&#64;g&#109;a&#105;&#108;&#46;&#99;&#111;&#109;\" name=\"contact_to\"\/><\/form><div class=\"clearboth\"><\/div><\/div>\r\n<style>    \r\n    .corporate-style #mk-contact-form-69e7c0d0b940e .text-input,\r\n    .corporate-style #mk-contact-form-69e7c0d0b940e .mk-textarea {\r\n        background-color: #f6f6f6;\r\n        border-color: #f6f6f6;\r\n        color: #373737;\r\n    }   \r\n\r\n    .corporate-style #mk-contact-form-69e7c0d0b940e ::-webkit-input-placeholder {\r\n       color: rgba(55,55,55,0.6);\r\n    }\r\n\r\n    .corporate-style #mk-contact-form-69e7c0d0b940e :-moz-placeholder { \/* Firefox 18- *\/\r\n       color: rgba(55,55,55,0.6);  \r\n    }\r\n\r\n    .corporate-style #mk-contact-form-69e7c0d0b940e ::-moz-placeholder {  \/* Firefox 19+ *\/\r\n       color: rgba(55,55,55,0.6);  \r\n    }\r\n\r\n    .corporate-style #mk-contact-form-69e7c0d0b940e :-ms-input-placeholder {  \r\n       color: rgba(55,55,55,0.6);  \r\n    }\r\n\r\n    .corporate-style #mk-contact-form-69e7c0d0b940e .contact-submit {\r\n        background-color: #373737;\r\n        color: #ffffff;\r\n    }\r\n    .corporate-style #mk-contact-form-69e7c0d0b940e .mk-progress-inner {\r\n        background-color: #ffffff;\r\n        opacity: .4;\r\n    }\r\n\r\n<\/style>\n\t<\/div><\/div>\n\t<\/div><\/div><div class=\"clearboth\"><\/div><\/div><div class=\"clearboth\"><\/div><\/div>\r\n<style type='text\/css'>\r\n.full-width-69e7c0d0b894c {\r\n    min-height:416px;\r\n    padding:60px 0 30px;\r\n    \r\n    background-attachment:fixed;\r\n    background-color:#efefef;\r\n    background-position:left top;\r\n    background-repeat:no-repeat;\r\n    margin-bottom:0px;\r\n    \r\n}\r\n     \r\n.full-width-69e7c0d0b894c .mk-fancy-title.pattern-style span, \r\n.full-width-69e7c0d0b894c .mk-blog-view-all\r\n{\r\n    background-color: #efefef !important;\r\n}<\/style><div class=\"mk-main-wrapper-holder\"><div class=\"theme-page-wrapper  -layout mk-grid vc_row-fluid row-fluid\"><div class=\"theme-content \"><\/div><\/div><\/div><div class=\"wpb_row vc_row  vc_row-fluid  mk-fullwidth-true  attched-false vc_row-fluid\">\n\t<div style=\"\" class=\"vc_col-sm-12 wpb_column column_container \">\n\t\t\t<div class=\"wpb_gmaps_widget wpb_content_element\">\n\t\t<div class=\"wpb_wrapper\">\n\t\t<div class=\"wpb_map_wraper\">\n\t\t\t<iframe loading=\"lazy\" src=\"https:\/\/www.google.com\/maps\/embed?pb=!1m18!1m12!1m3!1d753.008240690903!2d29.09291799699804!3d40.98075903878344!2m3!1f0!2f0!3f0!3m2!1i1024!2i768!4f13.1!3m3!1m2!1s0x14cac7ba234986ff%3A0x1d6aed3ccee8878a!2zWml0YcWfIMSwbsWfYWF0!5e0!3m2!1str!2str!4v1610032753250!5m2!1str!2str\" width=\"600\" height=\"400\" frameborder=\"0\" style=\"border:0;\" allowfullscreen=\"\" aria-hidden=\"false\" tabindex=\"0\"><\/iframe>\t\t<\/div>\n\t<\/div><\/div>\n\t<\/div><\/div><div class=\"mk-main-wrapper-holder\"><div class=\"theme-page-wrapper full-layout mk-grid vc_row-fluid no-padding\"><div class=\"theme-content no-padding\">\n","protected":false},"excerpt":{"rendered":"\u0130LET\u0130\u015e\u0130M Bize ula\u015fman\u0131n en kolay yollar\u0131 #mk-page-title-box-69e7c0d0b9d5d { height: 500px; background-color: ; text-align: center; } #mk-page-title-box-69e7c0d0b9d5d .mk-page-title-box-title { font-size: 60px; line-height: 60px; font-weight: normal; color: #ffffff; padding-bottom: 20px; margin-bottom: 20px; letter-spacing: 3px; } #mk-page-title-box-69e7c0d0b9d5d .mk-page-title-box-title--underline:after { background: #ffffff;} #mk-page-title-box-69e7c0d0b9d5d .mk-page-title-box-subtitle { font-size: 26px; line-size: 26px; font-weight: normal; color: #ffffff;} #mk-page-title-box-69e7c0d0b9d5d .mk-effect-bg-layer { background-image: url('\/wp-content\/uploads\/iletisim.jpg'); background-position:center [...]","protected":false},"author":7,"featured_media":0,"parent":0,"menu_order":0,"comment_status":"open","ping_status":"open","template":"","meta":{"footnotes":""},"_links":{"self":[{"href":"https:\/\/kiazomgrup.com\/index.php?rest_route=\/wp\/v2\/pages\/122"}],"collection":[{"href":"https:\/\/kiazomgrup.com\/index.php?rest_route=\/wp\/v2\/pages"}],"about":[{"href":"https:\/\/kiazomgrup.com\/index.php?rest_route=\/wp\/v2\/types\/page"}],"author":[{"embeddable":true,"href":"https:\/\/kiazomgrup.com\/index.php?rest_route=\/wp\/v2\/users\/7"}],"replies":[{"embeddable":true,"href":"https:\/\/kiazomgrup.com\/index.php?rest_route=%2Fwp%2Fv2%2Fcomments&post=122"}],"version-history":[{"count":24,"href":"https:\/\/kiazomgrup.com\/index.php?rest_route=\/wp\/v2\/pages\/122\/revisions"}],"predecessor-version":[{"id":5094,"href":"https:\/\/kiazomgrup.com\/index.php?rest_route=\/wp\/v2\/pages\/122\/revisions\/5094"}],"wp:attachment":[{"href":"https:\/\/kiazomgrup.com\/index.php?rest_route=%2Fwp%2Fv2%2Fmedia&parent=122"}],"curies":[{"name":"wp","href":"https:\/\/api.w.org\/{rel}","templated":true}]}}