{"id":119,"date":"2014-08-16T09:10:21","date_gmt":"2014-08-16T09:10:21","guid":{"rendered":"http:\/\/artbees.net\/themes\/jupiter\/big-vision\/?page_id=119"},"modified":"2021-01-14T01:09:04","modified_gmt":"2021-01-14T01:09:04","slug":"product-features","status":"publish","type":"page","link":"https:\/\/kiazomgrup.com\/?page_id=119","title":{"rendered":"Hizmetlerimiz"},"content":{"rendered":"<\/div><\/div><\/div><div class=\"wpb_row vc_row  vc_row-fluid  mk-fullwidth-true  attched-false vc_row-fluid\">\n\t<div style=\"\" class=\"vc_col-sm-12 wpb_column column_container \">\n\t\t\t<div class=\"mk-effect-wrapper\"><div style=\"opacity: 1 !important; background-color:rgba(10,10,10,0.4);\" class=\"mk-video-color-mask\"><\/div>    <div id=\"mk-page-title-box-69e7c0ab6f97b\" class=\"mk-page-title-box mk-background-stretch \">        \r\n    <div class=\"mk-effect-bg-layer mk-background-stretch \" data-top-top=\"transform: translateY(0%)\" data-top-bottom=\"transform: translateY(50%)\" data-effect=\"parallax\">\r\n        \r\n    <\/div>        <div class=\"mk-page-title-box-content\" data-top-top=\"opacity: 1\" data-250=\"opacity: 0\">            <div class=\"mk-grid\">                <h1 class=\"mk-page-title-box-title mk-page-title-box-title--underline\">H\u0130ZMETLER\u0130M\u0130Z<\/h1>                <div class=\"mk-page-title-box-subtitle\">Kiazom Tesis Y\u00f6netimi Olarak Dahil Oldu\u011fumuz Hizmetler<\/div>            <\/div>        <\/div><!-- mk-page-title-box-content -->    <\/div><!-- mk-page-title-box --><\/div><!-- mk-effect-wrapper -->\r\n<style type='text\/css'>\r\n    #mk-page-title-box-69e7c0ab6f97b {\r\n        height: 500px;\r\n        background-color: ;\r\n        text-align: center;\r\n    }\r\n    #mk-page-title-box-69e7c0ab6f97b .mk-page-title-box-title {\r\n        font-size: 60px;\r\n        line-height: 60px;\r\n        font-weight: normal;\r\n        color: #ffffff;\r\n        padding-bottom: 20px;\r\n        margin-bottom: 20px;\r\n        letter-spacing: 3px;\r\n    }\r\n    #mk-page-title-box-69e7c0ab6f97b .mk-page-title-box-title--underline:after {\r\n        background: #ffffff;}\r\n    #mk-page-title-box-69e7c0ab6f97b .mk-page-title-box-subtitle {\r\n        font-size: 26px;\r\n        line-size: 26px;\r\n        font-weight: normal;\r\n        color: #ffffff;}\r\n    #mk-page-title-box-69e7c0ab6f97b .mk-effect-bg-layer {\r\n        background-image: url('\/wp-content\/uploads\/Services.jpg');\r\n        background-position:center top;\r\n    }\r\n<\/style><div style=\"padding: 0px 0 0px;\" class=\"mk-divider mk-shortcode divider_full_width center thin_solid \"><div class=\"divider-inner\" style=\"border-top-color:#00afec;border-top-width:3px;\"><\/div><\/div><div class=\"clearboth\"><\/div><div class=\"clearboth\"><\/div><div class=\"mk-shortcode mk-padding-shortcode\" style=\"height:80px\"><\/div><div class=\"clearboth\"><\/div>\n\t<\/div><\/div><div class=\"mk-main-wrapper-holder\"><div class=\"theme-page-wrapper full-layout mk-grid vc_row-fluid no-padding\"><div class=\"theme-content no-padding\"><div class=\"wpb_row vc_row  vc_row-fluid  mk-fullwidth-false  attched-false vc_row-fluid\">\n\t<div style=\"\" class=\"vc_col-sm-6 wpb_column column_container \">\n\t\t\t<div class=\"mk-image-shortcode mk-shortcode   align-left mk-animate-element left-to-right simple-frame inside-image \" style=\"max-width: 1275px; margin-bottom:0px\"><div class=\"mk-image-inner\"><img decoding=\"async\" class=\"lightbox-false\" alt=\"\" title=\"\" src=\"https:\/\/kiazomgrup.com\/wp-content\/uploads\/unrecognizable-cleaner-walking-into-hotel-room-with-tools-detergents.jpg\" \/><\/div><div class=\"clearboth\"><\/div><\/div>\n\t<\/div>\n\t<div style=\"\" class=\"vc_col-sm-6 wpb_column column_container \">\n\t\t\t<div class=\"clearboth\"><\/div><div class=\"mk-shortcode mk-padding-shortcode\" style=\"height:60px\"><\/div><div class=\"clearboth\"><\/div><h2 style=\"font-size: 22px;text-align:left;color: #393836;font-style:inhert;font-weight:normal;margin-top:0px;margin-bottom:25px; text-transform:uppercase;letter-spacing:1px;\" id=\"fancy-title-69e7c0ab706aa\" class=\"mk-shortcode mk-fancy-title fancy-title-align-left simple-style \"><span style=\"\">TEM\u0130ZL\u0130K H\u0130ZMET\u0130<\/span><\/h2><div class=\"clearboth\"><\/div>\t<div style=\" margin-bottom:0px;text-align: left;\" class=\"mk-text-block  \"><p class=\"p1\">Kiazom Grup\u00a0ya\u015fad\u0131\u011f\u0131m\u0131z ve \u00e7al\u0131\u015ft\u0131\u011f\u0131m\u0131z alanlar\u0131n hijyenik, bak\u0131ml\u0131 ve d\u00fczenli g\u00f6r\u00fcnmesini sa\u011flayan ve bu d\u00fczeni s\u00fcrekli koruyan Temizlik ve Bak\u0131m Hizmetlerini kar\u015f\u0131layan firmas\u0131d\u0131r. \u00dclke geneline ta\u015f\u0131d\u0131\u011f\u0131 kaliteli hizmet ile sekt\u00f6re y\u00f6n veren\u00a0Kiazom Tesis Y\u00f6netimi, uzun vadede kazand\u0131\u011f\u0131 m\u00fc\u015fteri g\u00fcveni ve istikrarl\u0131 b\u00fcy\u00fcmesiyle \u00fclkemizde bir\u00e7ok firmaya kusursuz hizmet g\u00f6t\u00fcrmektedir. Verilen temizlik hizmeti ile birlikte sa\u011fl\u0131\u011f\u0131n\u0131z ve memnuniyetiniz de bizim i\u00e7in \u00e7ok \u00f6nemlidir. Dolay\u0131s\u0131yla kullan\u0131lan temizlik \u00fcr\u00fcnleri, makine, ekipmanlar ve sundu\u011fumuz hizmet ile t\u00fcm deneyimimizi sizlerle payla\u015farak, ya\u015fad\u0131\u011f\u0131n\u0131z ortam\u0131 daha sa\u011fl\u0131kl\u0131 ve g\u00fcvenilir hale getirmek i\u00e7in her zaman g\u00f6rev ba\u015f\u0131nday\u0131z.<\/p>\n<p class=\"p1\"><a title=\"Devam\u0131 i\u00e7in...\" href=\"\/?page_id=4533\">Devam\u0131 \u0130\u00e7in&#8230;<\/a><\/p>\n<div class=\"clearboth\"><\/div><\/div> \n\t<\/div><\/div><div class=\"wpb_row vc_row  vc_row-fluid  mk-fullwidth-false  attched-false vc_row-fluid\">\n\t<div style=\"\" class=\"vc_col-sm-12 wpb_column column_container \">\n\t\t\t<div class=\"clearboth\"><\/div><div class=\"mk-shortcode mk-padding-shortcode\" style=\"height:60px\"><\/div><div class=\"clearboth\"><\/div>\n\t<\/div><\/div><div class=\"wpb_row vc_row  vc_row-fluid  mk-fullwidth-false  attched-false vc_row-fluid\">\n\t<div style=\"\" class=\"vc_col-sm-6 wpb_column column_container \">\n\t\t\t<div class=\"clearboth\"><\/div><div class=\"mk-shortcode mk-padding-shortcode\" style=\"height:60px\"><\/div><div class=\"clearboth\"><\/div><h2 style=\"font-size: 22px;text-align:left;color: #393836;font-style:inhert;font-weight:normal;margin-top:0px;margin-bottom:25px; text-transform:uppercase;letter-spacing:1px;\" id=\"fancy-title-69e7c0ab70d5c\" class=\"mk-shortcode mk-fancy-title fancy-title-align-left simple-style \"><span style=\"\">BORDROLAMA &amp; IK<\/span><\/h2><div class=\"clearboth\"><\/div>\t<div style=\" margin-bottom:0px;text-align: left;\" class=\"mk-text-block  \"><p class=\"p1\">Kiazom Grup\u00a0\u0130.K. ve \u0130\u015f G\u00fcc\u00fc, sundu\u011fu geni\u015f kapsaml\u0131 ve avantajl\u0131 hizmetiyle m\u00fc\u015fterilerine \u00f6nemli destekler sunmaktad\u0131r. Daha esnek bir \u00e7al\u0131\u015fma d\u00fczeni, daha az maliyetli ve daha az risk i\u00e7eren bir ortam\u0131 yaratan bu avantajlar, m\u00fc\u015fterilerimizin t\u00fcm ihtiya\u00e7lar\u0131n\u0131n kar\u015f\u0131lanmas\u0131na yard\u0131mc\u0131 olmaktad\u0131r.\u00a0Kurumlar i\u00e7in yasal zorunluluk olan bordro haz\u0131rlamak ve mevzuatlar\u0131n yak\u0131n takibi ile parametrelerin g\u00fcncellenmesi konular\u0131, bordro s\u00fcrecini y\u00f6neten birime ciddi bir i\u015f y\u00fck\u00fc getiren ancak kuruma katma de\u011fer yaratmayan bir uygulamad\u0131r.\u00a0Kiazom Tesis Y\u00f6netimi\u00a0Bordrolama ve \u0130\u015f G\u00fcc\u00fc, bu i\u015f y\u00fck\u00fcn\u00fc kurumun \u00fczerinden almakta olup, yasalara uygun, gizlilik prensipleri \u00e7er\u00e7evesinde etkin ve kaliteli hizmet vermektedir.<\/p>\n<p class=\"p1\"><a title=\"Devam\u0131 i\u00e7in...\" href=\"\/?page_id=4557\">Devam\u0131 \u0130\u00e7in&#8230;<\/a><\/p>\n<div class=\"clearboth\"><\/div><\/div> \n\t<\/div>\n\t<div style=\"\" class=\"vc_col-sm-6 wpb_column column_container \">\n\t\t\t<div class=\"mk-image-shortcode mk-shortcode   align-left mk-animate-element right-to-left simple-frame inside-image \" style=\"max-width: 1275px; margin-bottom:0px\"><div class=\"mk-image-inner\"><img decoding=\"async\" class=\"lightbox-false\" alt=\"\" title=\"\" src=\"https:\/\/kiazomgrup.com\/wp-content\/uploads\/confident-business-team-with-leader.jpg\" \/><\/div><div class=\"clearboth\"><\/div><\/div>\n\t<\/div><\/div><div class=\"wpb_row vc_row  vc_row-fluid  mk-fullwidth-false  attched-false vc_row-fluid\">\n\t<div style=\"\" class=\"vc_col-sm-12 wpb_column column_container \">\n\t\t\t<div class=\"clearboth\"><\/div><div class=\"mk-shortcode mk-padding-shortcode\" style=\"height:60px\"><\/div><div class=\"clearboth\"><\/div>\n\t<\/div><\/div><div class=\"wpb_row vc_row  vc_row-fluid  mk-fullwidth-false  attched-false vc_row-fluid\">\n\t<div style=\"\" class=\"vc_col-sm-6 wpb_column column_container \">\n\t\t\t<div class=\"mk-image-shortcode mk-shortcode   align-left mk-animate-element left-to-right simple-frame inside-image \" style=\"max-width: 1275px; margin-bottom:0px\"><div class=\"mk-image-inner\"><img decoding=\"async\" class=\"lightbox-false\" alt=\"\" title=\"\" src=\"https:\/\/kiazomgrup.com\/wp-content\/uploads\/person-white-chemical-protection-suit-holding-sprayer-with-disinfectant-chemicals-stop-spreading-highly-contagious-virus.jpg\" \/><\/div><div class=\"clearboth\"><\/div><\/div>\n\t<\/div>\n\t<div style=\"\" class=\"vc_col-sm-6 wpb_column column_container \">\n\t\t\t<div class=\"clearboth\"><\/div><div class=\"mk-shortcode mk-padding-shortcode\" style=\"height:60px\"><\/div><div class=\"clearboth\"><\/div><h2 style=\"font-size: 22px;text-align:left;color: #393836;font-style:inhert;font-weight:normal;margin-top:0px;margin-bottom:25px; text-transform:uppercase;letter-spacing:1px;\" id=\"fancy-title-69e7c0ab72030\" class=\"mk-shortcode mk-fancy-title fancy-title-align-left simple-style \"><span style=\"\">PEST KONTROL &amp; GREEN CLEANING<\/span><\/h2><div class=\"clearboth\"><\/div>\t<div style=\" margin-bottom:0px;text-align: left;\" class=\"mk-text-block  \"><p class=\"p1\">Kiazom Grup\u00a0Ha\u015fere ve Kemirgen Kontrol\u00fc, Ekolojik dengenin her zaman i\u00e7in g\u00f6zetildi\u011fi \u00e7al\u0131\u015fma sistemimizde,do\u011fal ya\u015fam d\u00fczenini bozmadan, canl\u0131 faunas\u0131na ve \u00e7evreye zarar verilmeyecek \u015fekilde programlan\u0131r.\u00a0Pek \u00e7ok insan ve hayvan hastal\u0131\u011f\u0131n nedeni, ha\u015fere ve kemirgenler taraf\u0131ndan ta\u015f\u0131nan mikroplard\u0131r. S\u00f6z konusu vekt\u00f6rle m\u00fccadele, tarihte \u00f6zellikle s\u0131tma, veba gibi hastal\u0131klar\u0131n yay\u0131lmas\u0131n\u0131 \u00f6nlemekte ciddi \u00f6nem ta\u015f\u0131maktad\u0131r. G\u00fcn\u00fcm\u00fczde de ha\u015fere ve kemirgenlerle m\u00fccadele, g\u0131da, tekstil \u00fcr\u00fcnleri, in\u015faat malzemeleri, elektrik ve elektronik malzemelerin tahribat\u0131n\u0131 \u00f6nlemek amac\u0131yla ka\u00e7\u0131n\u0131lmazd\u0131r.<\/p>\n<p class=\"p1\"><a title=\"Devam\u0131 i\u00e7in...\" href=\"\/?page_id=4564\">Devam\u0131 \u0130\u00e7in&#8230;<\/a><\/p>\n<div class=\"clearboth\"><\/div><\/div> \n\t<\/div><\/div><div class=\"wpb_row vc_row  vc_row-fluid  mk-fullwidth-false  attched-false vc_row-fluid\">\n\t<div style=\"\" class=\"vc_col-sm-12 wpb_column column_container \">\n\t\t\t<div class=\"clearboth\"><\/div><div class=\"mk-shortcode mk-padding-shortcode\" style=\"height:60px\"><\/div><div class=\"clearboth\"><\/div>\n\t<\/div><\/div><div class=\"wpb_row vc_row  vc_row-fluid  mk-fullwidth-false  attched-false vc_row-fluid\">\n\t<div style=\"\" class=\"vc_col-sm-6 wpb_column column_container \">\n\t\t\t<div class=\"clearboth\"><\/div><div class=\"mk-shortcode mk-padding-shortcode\" style=\"height:60px\"><\/div><div class=\"clearboth\"><\/div><h2 style=\"font-size: 22px;text-align:left;color: #393836;font-style:inhert;font-weight:normal;margin-top:0px;margin-bottom:25px; text-transform:uppercase;letter-spacing:1px;\" id=\"fancy-title-69e7c0ab72619\" class=\"mk-shortcode mk-fancy-title fancy-title-align-left simple-style \"><span style=\"\">G\u00dcVENL\u0130K<\/span><\/h2><div class=\"clearboth\"><\/div>\t<div style=\" margin-bottom:0px;text-align: left;\" class=\"mk-text-block  \"><p class=\"p1\">Kiazom Grup\u00a0G\u00fcvenlik, e\u011fitim sekt\u00f6r\u00fcnden fabrikalara, AVM\u2019lerden hastanelere, Site ve plazalara kadar bir\u00e7ok sekt\u00f6rde g\u00fcvenlik hizmeti sunmaktad\u0131r. Farkl\u0131 alanlarda ve geni\u015f bir yelpazede yer alan m\u00fc\u015fterilerimizle geli\u015fmi\u015f hizmet bilgi ve kalitesiyle her bir m\u00fc\u015fterimizin \u00f6zel ihtiya\u00e7lar\u0131n\u0131 anlayabiliyor,ihtiya\u00e7lar\u0131na uygun \u00f6zel g\u00fcvenlik hizmeti sunabiliyoruz.<\/p>\n<div class=\"clearboth\"><\/div><\/div> \n\t<\/div>\n\t<div style=\"\" class=\"vc_col-sm-6 wpb_column column_container \">\n\t\t\t<div class=\"mk-image-shortcode mk-shortcode   align-left mk-animate-element right-to-left simple-frame inside-image \" style=\"max-width: 1275px; margin-bottom:0px\"><div class=\"mk-image-inner\"><img decoding=\"async\" class=\"lightbox-false\" alt=\"\" title=\"\" src=\"https:\/\/kiazomgrup.com\/wp-content\/uploads\/airport-security-officer-using-metal-detector-check-bag.jpg\" \/><\/div><div class=\"clearboth\"><\/div><\/div>\n\t<\/div><\/div><div class=\"wpb_row vc_row  vc_row-fluid  mk-fullwidth-false  attched-false vc_row-fluid\">\n\t<div style=\"\" class=\"vc_col-sm-12 wpb_column column_container \">\n\t\t\t<div class=\"clearboth\"><\/div><div class=\"mk-shortcode mk-padding-shortcode\" style=\"height:60px\"><\/div><div class=\"clearboth\"><\/div>\n\t<\/div><\/div><div class=\"wpb_row vc_row  vc_row-fluid  mk-fullwidth-false  attched-false vc_row-fluid\">\n\t<div style=\"\" class=\"vc_col-sm-6 wpb_column column_container \">\n\t\t\t<div class=\"mk-image-shortcode mk-shortcode   align-left mk-animate-element left-to-right simple-frame inside-image \" style=\"max-width: 1275px; margin-bottom:0px\"><div class=\"mk-image-inner\"><img decoding=\"async\" class=\"lightbox-false\" alt=\"\" title=\"\" src=\"https:\/\/kiazomgrup.com\/wp-content\/uploads\/workers-examining-work.jpg\" \/><\/div><div class=\"clearboth\"><\/div><\/div>\n\t<\/div>\n\t<div style=\"\" class=\"vc_col-sm-6 wpb_column column_container \">\n\t\t\t<div class=\"clearboth\"><\/div><div class=\"mk-shortcode mk-padding-shortcode\" style=\"height:60px\"><\/div><div class=\"clearboth\"><\/div><h2 style=\"font-size: 22px;text-align:left;color: #393836;font-style:inhert;font-weight:normal;margin-top:0px;margin-bottom:25px; text-transform:uppercase;letter-spacing:1px;\" id=\"fancy-title-69e7c0ab738f4\" class=\"mk-shortcode mk-fancy-title fancy-title-align-left simple-style \"><span style=\"\">\u0130N\u015eAAT SAHA H\u0130ZMETLER\u0130<\/span><\/h2><div class=\"clearboth\"><\/div>\t<div style=\" margin-bottom:0px;text-align: left;\" class=\"mk-text-block  \"><p class=\"p1\">Kiazom Grup\u00a0\u00fcst y\u00f6netim taraf\u0131ndan belirlenen proje y\u00f6netim politikalar\u0131 ve buna ba\u011fl\u0131 olu\u015fturulan sistemlerin, projeye ba\u011fl\u0131 \u015fantiye veya \u015fantiyeler taraf\u0131ndan y\u00fcr\u00fct\u00fclmesinin sa\u011flanmas\u0131 i\u00e7in destek ekipleriyle\u00a0 \u0130n\u015faat saha alanlar\u0131n\u0131zda isg mevzuat\u0131na hakim tecr\u00fcbeli i\u015flerinizi kolayla\u015ft\u0131ran\u00a0 g\u00fcler y\u00fczl\u00fc emniyet tedbirleriyle uyum i\u00e7inde olan\u00a0 ekiplerimiz\u00a0 ile sizlere kaliteli ve uygun hizmet sunmaktad\u0131r.<\/p>\n<p class=\"p1\"><a title=\"Devam\u0131 i\u00e7in...\" href=\"\/?page_id=4837\">Devam\u0131 \u0130\u00e7in&#8230;<\/a><\/p>\n<div class=\"clearboth\"><\/div><\/div> \n\t<\/div><\/div><div class=\"wpb_row vc_row  vc_row-fluid  mk-fullwidth-false  attched-false vc_row-fluid\">\n\t<div style=\"\" class=\"vc_col-sm-12 wpb_column column_container \">\n\t\t\t<div class=\"clearboth\"><\/div><div class=\"mk-shortcode mk-padding-shortcode\" style=\"height:60px\"><\/div><div class=\"clearboth\"><\/div>\n\t<\/div><\/div><div class=\"wpb_row vc_row  vc_row-fluid  mk-fullwidth-false  attched-false vc_row-fluid\">\n\t<div style=\"\" class=\"vc_col-sm-6 wpb_column column_container \">\n\t\t\t<div class=\"clearboth\"><\/div><div class=\"mk-shortcode mk-padding-shortcode\" style=\"height:60px\"><\/div><div class=\"clearboth\"><\/div><h2 style=\"font-size: 22px;text-align:left;color: #393836;font-style:inhert;font-weight:normal;margin-top:0px;margin-bottom:25px; text-transform:uppercase;letter-spacing:1px;\" id=\"fancy-title-69e7c0ab73efa\" class=\"mk-shortcode mk-fancy-title fancy-title-align-left simple-style \"><span style=\"\">\u0130SG DENET\u0130M H\u0130ZMETLER\u0130<\/span><\/h2><div class=\"clearboth\"><\/div>\t<div style=\" margin-bottom:0px;text-align: left;\" class=\"mk-text-block  \"><p class=\"p1\">Kiazom Grup\u00a0\u0130\u015fyerlerinde yap\u0131lan \u00e7al\u0131\u015fmalar ve yap\u0131lacak de\u011fi\u015fikliklerle ilgili olarak tasar\u0131m, makine ve di\u011fer te\u00e7hizat\u0131n durumu, bak\u0131m\u0131, se\u00e7imi ve kullan\u0131lan maddeler de d\u00e2hil olmak \u00fczere i\u015fin planlanmas\u0131, organizasyonu ve uygulanmas\u0131, ki\u015fisel koruyucu donan\u0131mlar\u0131n se\u00e7imi, temini, kullan\u0131m\u0131, bak\u0131m\u0131, muhafazas\u0131 ve test edilmesi konular\u0131n\u0131n, i\u015f sa\u011fl\u0131\u011f\u0131 ve g\u00fcvenli\u011fi mevzuat\u0131na ve genel i\u015f g\u00fcvenli\u011fi kurallar\u0131na uygun olarak s\u00fcrd\u00fcr\u00fclmesini sa\u011flamak\u00a0 \u00f6nlemler alarak faaliyete ge\u00e7irmek i\u00e7in hizmet vermektedir .<\/p>\n<p class=\"p1\"><a href=\"\/?page_id=4847\">Devam\u0131 i\u00e7in&#8230;<\/a><\/p>\n<div class=\"clearboth\"><\/div><\/div> \n\t<\/div>\n\t<div style=\"\" class=\"vc_col-sm-6 wpb_column column_container \">\n\t\t\t<div class=\"mk-image-shortcode mk-shortcode   align-left mk-animate-element right-to-left simple-frame inside-image \" style=\"max-width: 1275px; margin-bottom:0px\"><div class=\"mk-image-inner\"><img decoding=\"async\" class=\"lightbox-false\" alt=\"\" title=\"\" src=\"\/wp-content\/uploads\/baret.jpg\" \/><\/div><div class=\"clearboth\"><\/div><\/div>\n\t<\/div><\/div><div class=\"wpb_row vc_row  vc_row-fluid  mk-fullwidth-false  attched-false vc_row-fluid\">\n\t<div style=\"\" class=\"vc_col-sm-12 wpb_column column_container \">\n\t\t\t<div class=\"clearboth\"><\/div><div class=\"mk-shortcode mk-padding-shortcode\" style=\"height:60px\"><\/div><div class=\"clearboth\"><\/div>\n\t<\/div><\/div><div class=\"wpb_row vc_row  vc_row-fluid  mk-fullwidth-false  attched-false vc_row-fluid\">\n\t<div style=\"\" class=\"vc_col-sm-6 wpb_column column_container \">\n\t\t\t<div class=\"mk-image-shortcode mk-shortcode   align-left mk-animate-element left-to-right simple-frame inside-image \" style=\"max-width: 1275px; margin-bottom:0px\"><div class=\"mk-image-inner\"><img decoding=\"async\" class=\"lightbox-false\" alt=\"\" title=\"\" src=\"https:\/\/kiazomgrup.com\/wp-content\/uploads\/four-smiling-business-people-buffet-table.jpg\" \/><\/div><div class=\"clearboth\"><\/div><\/div>\n\t<\/div>\n\t<div style=\"\" class=\"vc_col-sm-6 wpb_column column_container \">\n\t\t\t<div class=\"clearboth\"><\/div><div class=\"mk-shortcode mk-padding-shortcode\" style=\"height:60px\"><\/div><div class=\"clearboth\"><\/div><h2 style=\"font-size: 22px;text-align:left;color: #393836;font-style:inhert;font-weight:normal;margin-top:0px;margin-bottom:25px; text-transform:uppercase;letter-spacing:1px;\" id=\"fancy-title-69e7c0ab75597\" class=\"mk-shortcode mk-fancy-title fancy-title-align-left simple-style \"><span style=\"\">YEMEKHANE DESTEK H\u0130ZMETLER\u0130<\/span><\/h2><div class=\"clearboth\"><\/div>\t<div style=\" margin-bottom:0px;text-align: left;\" class=\"mk-text-block  \"><p class=\"p1\">Kiazom Grup\u00a0M\u00fc\u015fterilerinin ihtiya\u00e7lar\u0131n\u0131 i\u015fbirli\u011fi birliktelikleri ile Etnik ve k\u00fclt\u00fcrel bir \u00e7evre farkl\u0131l\u0131klar\u0131n\u0131 g\u00f6zeterek s\u00fcrekli de\u011fi\u015fen ihtiya\u00e7lar\u0131 kar\u015f\u0131lamak i\u00e7in esnek, \u015feffaf ve ki\u015fi ve kurumsal \u00a0\u00f6zel \u00e7\u00f6z\u00fcmler sunuyor. D\u00f6nemsel ve tam zamanl\u0131 personel tedarikleri ile\u00a0 yo\u011fun \u00e7al\u0131\u015fma saatlerinizi sizler ad\u0131na bizler \u00fcstleniyoruz. Deneyimli ve tecr\u00fcbeli personel \u00e7e\u015fitlerimizle\u00a0sizlere hizmet veren olmaktan gurur ve k\u0131van\u00e7 duyuyoruz.<\/p>\n<p class=\"p1\"><a href=\"\/?page_id=4849\">Devam\u0131 i\u00e7in&#8230;<\/a><\/p>\n<ul id=\"iw-contextMenu3277\" class=\"iw-contextMenu iw-created iw-cm-menu\">\n<li class=\"iw-has-submenu iw-mTrigger\" title=\"\">Dil K\u0131lavuzuna Ekle\n<div class=\"iw-cm-arrow-right\"><\/div>\n<ul id=\"iw-contextMenu1297\" class=\"iw-contextMenu iw-created iw-cm-menu\">\n<li class=\"iw-mDisable\" title=\"\">Kelime listesi yok T\u00fcrk\u00e7e \u2192 T\u00fcrk\u00e7e&#8230;\n<div class=\"iw-mOverlay\"><\/div>\n<\/li>\n<li class=\"t-1\" title=\"\">Yeni bir kelime listesi olu\u015ftur&#8230;<\/li>\n<\/ul>\n<\/li>\n<li class=\"t-1\" title=\"\">Kopyala<\/li>\n<\/ul>\n<div class=\"clearboth\"><\/div><\/div> \n\t<\/div><\/div><div class=\"wpb_row vc_row  vc_row-fluid  mk-fullwidth-false  attched-false vc_row-fluid\">\n\t<div style=\"\" class=\"vc_col-sm-12 wpb_column column_container \">\n\t\t\t<div class=\"clearboth\"><\/div><div class=\"mk-shortcode mk-padding-shortcode\" style=\"height:60px\"><\/div><div class=\"clearboth\"><\/div>\n\t<\/div><\/div><div class=\"clearboth\"><\/div><\/div><\/div><\/div><div id=\"mk-page-section-69e7c0ab75b88\" data-intro-effect=\"false\" class=\"full-width-69e7c0ab75b88  full-height-false parallax-false mk-page-section mk-blur-parent mk-shortcode  \" data-speedFactor=\"0.3\"><div class=\"mk-video-color-mask\"><\/div><div class=\"mk-grid vc_row-fluid page-section-content\"><div class=\"mk-padding-wrapper\">\n\t<div style=\"\" class=\"vc_col-sm-8 wpb_column column_container \">\n\t\t\t<h2 style=\"font-size: 30px;text-align:left;color: #ffffff;font-style:normal;font-weight:normal;margin-top:13px;margin-bottom:18px; letter-spacing:0px;\" id=\"fancy-title-69e7c0ab75d6c\" class=\"mk-shortcode mk-fancy-title fancy-title-align-left simple-style \"><span style=\"\">Hizmet sekt\u00f6r\u00fcn\u00fcn\u00a0en g\u00fcvenilir\u00a0adresi.<\/span><\/h2><div class=\"clearboth\"><\/div>\n\t<\/div>\n\t<div style=\"\" class=\"vc_col-sm-4 wpb_column column_container \">\n\t\t\t<div class=\"mk-button-align left\"><a href=\"\/?page_id=122\" target=\"_blank\"  class=\"mk-button dark button-69e7c0ab75fad light-color  flat-dimension large rounded \"><span>B\u0130Z\u0130MLE \u00c7ALI\u015eMAK \u0130\u00c7\u0130N TIKLAYIN<\/span><\/a><\/div>\n\n<style type=\"text\/css\">\r\n    .button-69e7c0ab75fad {\r\n                margin-bottom: 15px;\r\n                margin-top: 0px;\r\n                min-width: 0px !important;\r\n\r\n        }\r\n\r\n        .button-69e7c0ab75fad {\r\n                background-color:rgba(255,255,255,0.3);\r\n\r\n        }\r\n        \r\n            .mk-button.button-69e7c0ab75fad.flat-dimension:hover {\r\n                    background-color:#ffffff !important;\r\n                    color:#50c9f3 !important;\r\n            }\r\n        <\/style>\n\t<\/div><\/div><div class=\"clearboth\"><\/div><\/div><div class=\"clearboth\"><\/div><\/div>\r\n<style type='text\/css'>\r\n.full-width-69e7c0ab75b88 {\r\n    min-height:0px;\r\n    padding:50px 0 40px;\r\n    \r\n    background-attachment:scroll;\r\n    background-color:#00afec;\r\n    background-position:left top;\r\n    background-repeat:repeat;\r\n    margin-bottom:0px;\r\n    \r\n}\r\n     \r\n.full-width-69e7c0ab75b88 .mk-fancy-title.pattern-style span, \r\n.full-width-69e7c0ab75b88 .mk-blog-view-all\r\n{\r\n    background-color: #00afec !important;\r\n}<\/style><div class=\"mk-main-wrapper-holder\"><div class=\"theme-page-wrapper  -layout mk-grid vc_row-fluid row-fluid\"><div class=\"theme-content \">\n","protected":false},"excerpt":{"rendered":"H\u0130ZMETLER\u0130M\u0130Z Kiazom Tesis Y\u00f6netimi Olarak Dahil Oldu\u011fumuz Hizmetler #mk-page-title-box-69e7c0ab76715 { height: 500px; background-color: ; text-align: center; } #mk-page-title-box-69e7c0ab76715 .mk-page-title-box-title { font-size: 60px; line-height: 60px; font-weight: normal; color: #ffffff; padding-bottom: 20px; margin-bottom: 20px; letter-spacing: 3px; } #mk-page-title-box-69e7c0ab76715 .mk-page-title-box-title--underline:after { background: #ffffff;} #mk-page-title-box-69e7c0ab76715 .mk-page-title-box-subtitle { font-size: 26px; line-size: 26px; font-weight: normal; color: #ffffff;} #mk-page-title-box-69e7c0ab76715 .mk-effect-bg-layer { background-image: [...]","protected":false},"author":7,"featured_media":0,"parent":0,"menu_order":0,"comment_status":"open","ping_status":"open","template":"","meta":{"footnotes":""},"_links":{"self":[{"href":"https:\/\/kiazomgrup.com\/index.php?rest_route=\/wp\/v2\/pages\/119"}],"collection":[{"href":"https:\/\/kiazomgrup.com\/index.php?rest_route=\/wp\/v2\/pages"}],"about":[{"href":"https:\/\/kiazomgrup.com\/index.php?rest_route=\/wp\/v2\/types\/page"}],"author":[{"embeddable":true,"href":"https:\/\/kiazomgrup.com\/index.php?rest_route=\/wp\/v2\/users\/7"}],"replies":[{"embeddable":true,"href":"https:\/\/kiazomgrup.com\/index.php?rest_route=%2Fwp%2Fv2%2Fcomments&post=119"}],"version-history":[{"count":29,"href":"https:\/\/kiazomgrup.com\/index.php?rest_route=\/wp\/v2\/pages\/119\/revisions"}],"predecessor-version":[{"id":4513,"href":"https:\/\/kiazomgrup.com\/index.php?rest_route=\/wp\/v2\/pages\/119\/revisions\/4513"}],"wp:attachment":[{"href":"https:\/\/kiazomgrup.com\/index.php?rest_route=%2Fwp%2Fv2%2Fmedia&parent=119"}],"curies":[{"name":"wp","href":"https:\/\/api.w.org\/{rel}","templated":true}]}}