{"id":116,"date":"2014-08-16T09:10:04","date_gmt":"2014-08-16T09:10:04","guid":{"rendered":"http:\/\/artbees.net\/themes\/jupiter\/big-vision\/?page_id=116"},"modified":"2021-01-09T16:48:07","modified_gmt":"2021-01-09T16:48:07","slug":"hakkimizda","status":"publish","type":"page","link":"https:\/\/kiazomgrup.com\/?page_id=116","title":{"rendered":"Hakk\u0131m\u0131zda"},"content":{"rendered":"<\/div><\/div><\/div><div class=\"wpb_row vc_row  vc_row-fluid  mk-fullwidth-true  attched-false vc_row-fluid\">\n\t<div style=\"\" class=\"vc_col-sm-12 wpb_column column_container \">\n\t\t\t<div class=\"mk-effect-wrapper\">    <div id=\"mk-page-title-box-69e7c0ab00364\" class=\"mk-page-title-box mk-background-stretch \">        \r\n    <div class=\"mk-effect-bg-layer mk-background-stretch \" data-top-top=\"transform: translateY(0%)\" data-top-bottom=\"transform: translateY(50%)\" data-effect=\"parallax\">\r\n        \r\n    <\/div>        <div class=\"mk-page-title-box-content\" data-top-top=\"opacity: 1\" data-250=\"opacity: 0\">            <div class=\"mk-grid\">                <h1 class=\"mk-page-title-box-title mk-page-title-box-title--underline\">Hakk\u0131m\u0131zda<\/h1>                <div class=\"mk-page-title-box-subtitle\">Kiazom Grup Hakk\u0131nda Her \u015fey<\/div>            <\/div>        <\/div><!-- mk-page-title-box-content -->    <\/div><!-- mk-page-title-box --><\/div><!-- mk-effect-wrapper -->\r\n<style type='text\/css'>\r\n    #mk-page-title-box-69e7c0ab00364 {\r\n        height: 500px;\r\n        background-color: ;\r\n        text-align: center;\r\n    }\r\n    #mk-page-title-box-69e7c0ab00364 .mk-page-title-box-title {\r\n        font-size: 60px;\r\n        line-height: 60px;\r\n        font-weight: normal;\r\n        color: #2878bf;\r\n        padding-bottom: 20px;\r\n        margin-bottom: 20px;\r\n        letter-spacing: 3px;\r\n    }\r\n    #mk-page-title-box-69e7c0ab00364 .mk-page-title-box-title--underline:after {\r\n        background: #2878bf;}\r\n    #mk-page-title-box-69e7c0ab00364 .mk-page-title-box-subtitle {\r\n        font-size: 26px;\r\n        line-size: 26px;\r\n        font-weight: normal;\r\n        color: #4687bf;}\r\n    #mk-page-title-box-69e7c0ab00364 .mk-effect-bg-layer {\r\n        background-image: url('\/wp-content\/uploads\/about-us-banner.jpg');\r\n        background-position:center top;\r\n    }\r\n<\/style><div style=\"padding: 0px 0 0px;\" class=\"mk-divider mk-shortcode divider_full_width center thin_solid \"><div class=\"divider-inner\" style=\"border-top-color:#00afec;border-top-width:3px;\"><\/div><\/div><div class=\"clearboth\"><\/div><div class=\"clearboth\"><\/div><div class=\"mk-shortcode mk-padding-shortcode\" style=\"height:80px\"><\/div><div class=\"clearboth\"><\/div>\n\t<\/div><\/div><div class=\"mk-main-wrapper-holder\"><div class=\"theme-page-wrapper full-layout mk-grid vc_row-fluid no-padding\"><div class=\"theme-content no-padding\"><div class=\"wpb_row vc_row  vc_row-fluid  mk-fullwidth-false add-padding-2 attched-true vc_row-fluid\">\n\t<div style=\"\" class=\"vc_col-sm-8 wpb_column column_container \">\n\t\t\t<h3 style=\"font-size: 26px;text-align:left;color: #00afec;font-style:inhert;font-weight:bold;margin-top:0px;margin-bottom:20px; text-transform:uppercase;letter-spacing:2px;\" id=\"fancy-title-69e7c0ab00941\" class=\"mk-shortcode mk-fancy-title fancy-title-align-left simple-style \"><span style=\"\">V\u0130ZYON VE M\u0130SYONUMUZ<\/span><\/h3><div class=\"clearboth\"><\/div>\t<div style=\" margin-bottom:0px;text-align: left;\" class=\"mk-text-block  \"><p><strong>Vizyonumuz<\/strong><\/p>\n<p>Hizmet verdi\u011fimiz sekt\u00f6rde, g\u00fcveni ve i\u015f tecr\u00fcbesini lay\u0131k oldu\u011fu \u00e7izgide tutabilmektir.<\/p>\n<p>&nbsp;<\/p>\n<p><strong>Misyonumuz<\/strong><\/p>\n<p>Ya\u015fam alanlar\u0131n\u0131n yarar\u0131na hizmeti geli\u015ftirmek ve uygulamakt\u0131r.<\/p>\n<div class=\"clearboth\"><\/div><\/div> <div id=\"mk-skill-meter-69e7c0ab00cb5\" class=\"mk-skill-meter mk-shortcode \">\r\n        <div class=\"mk-skill-meter-title\">Geli\u015fim<\/div>\r\n        <div class=\"mk-progress-bar\" style=\"background-color:rgba(0,0,0,0.07)\">\r\n            <span class=\"progress-outer\" data-width=\"86\" style=\"background-color:#00afec;\">\r\n                <span class=\"progress-inner\"><\/span>\r\n            <\/span>\r\n            <span class=\"progress-percent\" style=\"color:rgba(0,0,0,0.5)\">86%<\/span> \r\n        <\/div>\r\n        <div class=\"clearboth\"><\/div>\r\n    <\/div><style>#mk-skill-meter-69e7c0ab00cb5 .mk-progress-bar { height: 22px; }#mk-skill-meter-69e7c0ab00cb5 .progress-percent { line-height: 22px; font-size: 13.2px; }<\/style><div id=\"mk-skill-meter-69e7c0ab00d4f\" class=\"mk-skill-meter mk-shortcode \">\r\n        <div class=\"mk-skill-meter-title\">B\u00dcY\u00dcME<\/div>\r\n        <div class=\"mk-progress-bar\" style=\"background-color:rgba(0,0,0,0.07)\">\r\n            <span class=\"progress-outer\" data-width=\"78\" style=\"background-color:#00afec;\">\r\n                <span class=\"progress-inner\"><\/span>\r\n            <\/span>\r\n            <span class=\"progress-percent\" style=\"color:rgba(0,0,0,0.5)\">78%<\/span> \r\n        <\/div>\r\n        <div class=\"clearboth\"><\/div>\r\n    <\/div><style>#mk-skill-meter-69e7c0ab00d4f .mk-progress-bar { height: 22px; }#mk-skill-meter-69e7c0ab00d4f .progress-percent { line-height: 22px; font-size: 13.2px; }<\/style><div id=\"mk-skill-meter-69e7c0ab00de0\" class=\"mk-skill-meter mk-shortcode \">\r\n        <div class=\"mk-skill-meter-title\">E\u011e\u0130T\u0130M<\/div>\r\n        <div class=\"mk-progress-bar\" style=\"background-color:rgba(0,0,0,0.07)\">\r\n            <span class=\"progress-outer\" data-width=\"67\" style=\"background-color:#00afec;\">\r\n                <span class=\"progress-inner\"><\/span>\r\n            <\/span>\r\n            <span class=\"progress-percent\" style=\"color:rgba(0,0,0,0.5)\">67%<\/span> \r\n        <\/div>\r\n        <div class=\"clearboth\"><\/div>\r\n    <\/div><style>#mk-skill-meter-69e7c0ab00de0 .mk-progress-bar { height: 22px; }#mk-skill-meter-69e7c0ab00de0 .progress-percent { line-height: 22px; font-size: 13.2px; }<\/style><div id=\"mk-skill-meter-69e7c0ab00e70\" class=\"mk-skill-meter mk-shortcode \">\r\n        <div class=\"mk-skill-meter-title\">M\u00dc\u015eTER\u0130 MEMNUN\u0130YET\u0130<\/div>\r\n        <div class=\"mk-progress-bar\" style=\"background-color:rgba(0,0,0,0.07)\">\r\n            <span class=\"progress-outer\" data-width=\"81\" style=\"background-color:#00afec;\">\r\n                <span class=\"progress-inner\"><\/span>\r\n            <\/span>\r\n            <span class=\"progress-percent\" style=\"color:rgba(0,0,0,0.5)\">81%<\/span> \r\n        <\/div>\r\n        <div class=\"clearboth\"><\/div>\r\n    <\/div><style>#mk-skill-meter-69e7c0ab00e70 .mk-progress-bar { height: 22px; }#mk-skill-meter-69e7c0ab00e70 .progress-percent { line-height: 22px; font-size: 13.2px; }<\/style><div class=\"mk-image-shortcode mk-shortcode   align-left simple-frame inside-image \" style=\"max-width: 500px; margin-bottom:10px\"><div class=\"mk-image-inner\"><img decoding=\"async\" class=\"lightbox-false\" alt=\"\" title=\"\" src=\"\/wp-content\/uploads\/dpds-1.jpg\" \/><\/div><div class=\"clearboth\"><\/div><\/div>\n\t<\/div>\n\t<div style=\"\" class=\"vc_col-sm-4 wpb_column column_container \">\n\t\t\t\t<div style=\" margin-bottom:0px;text-align: left;\" class=\"mk-text-block  \"><p><strong>Kiazom Grup\u00a0T\u00fcrkiye\u2019de 2005 y\u0131l\u0131 itibariyle,\u00a0y<\/strong><strong>edi y\u00fcz ki\u015filik profesyonel ekibiyle kurum ve kurulu\u015flarda;<\/strong><\/p>\n<ul>\n<li>Genel temizlik hizmetleri ,<\/li>\n<li>Full time ve part time temizlik personel deste\u011fi,<\/li>\n<li>Bordro lama,<\/li>\n<li>Pest kontrol,<\/li>\n<li>Mobil hizmetler<\/li>\n<li>Lojistik hizmetleri,<\/li>\n<li>Destek hizmetleri personel temini,<\/li>\n<li>\u0130n\u015faat \u00f6ncesi ve sonras\u0131 temizlik hizmetleri,<\/li>\n<li>Renk kodlu sanitasyon temizli\u011fi,<\/li>\n<li>D\u0131\u015f cephe cam temizli\u011fi,<\/li>\n<li>\u0130n\u015faat sahas\u0131 isg denet\u00e7i personel<\/li>\n<li>\u0130kram personeli,<\/li>\n<li>Dan\u0131\u015fma personeli,<\/li>\n<li>\u0130n\u015faat saha personeli,<\/li>\n<li>Host-Hostes,<\/li>\n<li>Mihmandar,<\/li>\n<li>Data giri\u015f personelleri,<\/li>\n<li>Ofis Asistan\u0131<\/li>\n<li>Ofis Asistan\u0131 Yabanc\u0131 Dil Bilen<\/li>\n<li>in\u015faat sahas\u0131\u00a0 d\u00fcz personeli<\/li>\n<li>\u0130n\u015faat sahas\u0131 isg denet\u00e7isi<\/li>\n<li>\u0130n\u015faat sahas\u0131 bayrak\u00e7\u0131 personel<\/li>\n<li>\u0130n\u015faat sahas\u0131 k\u0131r\u0131m ve moloz\u00a0 personeli<\/li>\n<\/ul>\n<p><strong>Hizmetleriyle;<\/strong><\/p>\n<p><strong>Fabrika, i\u015f merkezi, \u0130n\u015faat ,okul, sa\u011fl\u0131k birimleri, bankalar ,turistik tesisler, hotel, plaza rezidans gibi binalarda tesisler i\u00e7in ya\u015fanabilir\u00a0 ve \u00e7al\u0131\u015fabilir ortamlar\u00a0 sunmaktad\u0131r.<\/strong><\/p>\n<p><strong>Dinamik, profesyonel ekibinin enerjisi ve y\u0131llar\u0131n deneyimi ile m\u00fc\u015fterilerine daima en iyi hizmeti sunmay\u0131 hedeflemi\u015ftir.<\/strong><\/p>\n<p><strong>\u015eirketimiz \u201cKo\u015fulsuz m\u00fc\u015fteri memnuniyetini\u2019\u2019 \u00f6n planda tutmaktad\u0131r.<\/strong><\/p>\n<div class=\"clearboth\"><\/div><\/div> \n\t<\/div><\/div><\/div><\/div><\/div><div class=\"wpb_row vc_row  vc_row-fluid  mk-fullwidth-true  attched-false vc_row-fluid\">\n\t<div style=\"\" class=\"vc_col-sm-12 wpb_column column_container \">\n\t\t\t<div class=\"clearboth\"><\/div><div class=\"mk-shortcode mk-padding-shortcode\" style=\"height:80px\"><\/div><div class=\"clearboth\"><\/div>\n\t<\/div><\/div><div class=\"mk-main-wrapper-holder\"><div class=\"theme-page-wrapper full-layout mk-grid vc_row-fluid no-padding\"><div class=\"theme-content no-padding\"><div class=\"clearboth\"><\/div><\/div><\/div><\/div><div id=\"mk-page-section-69e7c0ab016bc\" data-intro-effect=\"false\" class=\"full-width-69e7c0ab016bc  full-height-false parallax-true mk-page-section mk-blur-parent mk-shortcode  \" data-speedFactor=\"0.3\"><div class=\"mk-video-color-mask\"><\/div><div class=\"mk-grid vc_row-fluid page-section-content\"><div class=\"mk-padding-wrapper\">\n\t<div style=\"\" class=\"vc_col-sm-6 wpb_column column_container \">\n\t\t\t<h4 style=\"font-size: 28px;text-align:left;color: #333333;font-style:italic;font-weight:normal;margin-top:0px;margin-bottom:20px; letter-spacing:0px;\" id=\"fancy-title-69e7c0ab018e9\" class=\"mk-shortcode mk-fancy-title fancy-title-align-left simple-style \"><span style=\"\">&#8220;Hizmet sekt\u00f6r\u00fcnde yerini ald\u0131\u011f\u0131 2005 y\u0131l\u0131ndan itibaren, y\u00fckselen bir ivmeyle T\u00fcrkiye&#8217;de b\u00fcy\u00fcmeye devam eden Kiazom Grup, m\u00fc\u015fterilerine daima mutlulu\u011fu ve g\u00fcveni ya\u015fatmak ilkesiyle faaliyet g\u00f6stermektedir.&#8221;<\/span><\/h4><div class=\"clearboth\"><\/div><h2 style=\"font-size: 16px;text-align:right;color: #333333;font-style:normal;font-weight:bold;margin-top:20px;margin-bottom:0px; letter-spacing:1px;\" id=\"fancy-title-69e7c0ab01988\" class=\"mk-shortcode mk-fancy-title fancy-title-align-right simple-style \"><span style=\"\">CEO<\/span><\/h2><div class=\"clearboth\"><\/div>\n\t<\/div>\n\t<div style=\"\" class=\"vc_col-sm-6 wpb_column column_container \">\n\t\t\t\n\t<\/div><\/div><div class=\"clearboth\"><\/div><\/div><div class=\"clearboth\"><\/div><\/div>\r\n<style type='text\/css'>\r\n.full-width-69e7c0ab016bc {\r\n    min-height:0px;\r\n    padding:140px 0 140px;\r\n    background-image:url(http:\/\/mozaiktemizlik.com\/wp-content\/uploads\/business-woman.jpg); \r\n    background-attachment:fixed;\r\n    \r\n    background-position:center center;\r\n    background-repeat:no-repeat;\r\n    margin-bottom:0px;\r\n    \r\n}\r\n     <\/style><div class=\"mk-main-wrapper-holder\"><div class=\"theme-page-wrapper  -layout mk-grid vc_row-fluid row-fluid\"><div class=\"theme-content \"><div class=\"wpb_row vc_row  vc_row-fluid  mk-fullwidth-false  attched-false vc_row-fluid\">\n\t<div style=\"\" class=\"vc_col-sm-12 wpb_column column_container \">\n\t\t\t<div class=\"clearboth\"><\/div><div class=\"mk-shortcode mk-padding-shortcode\" style=\"height:80px\"><\/div><div class=\"clearboth\"><\/div><h3 style=\"font-size: 26px;text-align:center;color: #00afec;font-style:inhert;font-weight:bold;margin-top:0px;margin-bottom:20px; text-transform:uppercase;letter-spacing:2px;\" id=\"fancy-title-69e7c0ab01e23\" class=\"mk-shortcode mk-fancy-title fancy-title-align-center simple-style \"><span style=\"\">DE\u011eERLER\u0130M\u0130Z<\/span><\/h3><div class=\"clearboth\"><\/div><h3 style=\"font-size: 16px;text-align:center;color: #6b6b6b;font-style:inhert;font-weight:normal;margin-top:0px;margin-bottom:20px; text-transform:uppercase;letter-spacing:1px;\" id=\"fancy-title-69e7c0ab01ec6\" class=\"mk-shortcode mk-fancy-title fancy-title-align-center simple-style \"><span style=\"\">H\u0130\u00c7 VAZGE\u00c7MEYECE\u011e\u0130M\u0130Z DE\u011eERLER<\/span><\/h3><div class=\"clearboth\"><\/div><div class=\"clearboth\"><\/div><div class=\"mk-shortcode mk-padding-shortcode\" style=\"height:30px\"><\/div><div class=\"clearboth\"><\/div>\n\t<\/div><\/div><div class=\"wpb_row vc_row  vc_row-fluid  mk-fullwidth-false  attched-false vc_row-fluid\">\n\t<div style=\"\" class=\"vc_col-sm-3 wpb_column column_container \">\n\t\t\t<div class=\" \"><div class=\"mk-chart\" style=\"width:220px;height:220px;line-height:220px\" data-percent=\"99\" data-barColor=\"#00afec\" data-trackColor=\"#ececec\" data-lineWidth=\"9\" data-barSize=\"220\"><i style=\"line-height:220px; font-size:50px;color:#444444\" class=\"mk-moon-puzzle-3\"><\/i><\/div><div class=\"mk-chart-desc\"><\/div><\/div><div class=\"clearboth\"><\/div><div class=\"mk-shortcode mk-padding-shortcode\" style=\"height:20px\"><\/div><div class=\"clearboth\"><\/div>\t<div style=\" margin-bottom:0px;text-align: center;\" class=\"mk-text-block  \"><h3 class=\"mk-shortcode mk-fancy-title pattern-style mk-shortcode-heading pattern-false\"><span style=\"padding:0 5px;\">M\u00dc\u015eTER\u0130 MEMNUN\u0130YET\u0130<\/span><\/h3><p>Bizim i\u00e7in en de\u011ferli olgu m\u00fc\u015fteri memnuniyetidir. Bunun i\u00e7in elimizden gelen her\u015feyi yapar\u0131z.<\/p>\n<div class=\"clearboth\"><\/div><\/div> \n\t<\/div>\n\t<div style=\"\" class=\"vc_col-sm-3 wpb_column column_container \">\n\t\t\t<div class=\" \"><div class=\"mk-chart\" style=\"width:220px;height:220px;line-height:220px\" data-percent=\"72\" data-barColor=\"#00afec\" data-trackColor=\"#ececec\" data-lineWidth=\"9\" data-barSize=\"220\"><i style=\"line-height:220px; font-size:50px;color:#444444\" class=\"mk-moon-medal\"><\/i><\/div><div class=\"mk-chart-desc\"><\/div><\/div><div class=\"clearboth\"><\/div><div class=\"mk-shortcode mk-padding-shortcode\" style=\"height:20px\"><\/div><div class=\"clearboth\"><\/div>\t<div style=\" margin-bottom:0px;text-align: center;\" class=\"mk-text-block  \"><h3 class=\"mk-shortcode mk-fancy-title pattern-style mk-shortcode-heading pattern-false\"><span style=\"padding:0 5px;\">SERT\u0130F\u0130KALAR<\/span><\/h3><p>Sa\u011flad\u0131\u011f\u0131m\u0131z hizmetlerle T\u00fcrkiye&#8217;de ki en \u00f6nemli\u00a0sertifikalar\u0131 almaya hak kazand\u0131k.<\/p>\n<div class=\"clearboth\"><\/div><\/div> \n\t<\/div>\n\t<div style=\"\" class=\"vc_col-sm-3 wpb_column column_container \">\n\t\t\t<div class=\" \"><div class=\"mk-chart\" style=\"width:220px;height:220px;line-height:220px\" data-percent=\"82\" data-barColor=\"#00afec\" data-trackColor=\"#ececec\" data-lineWidth=\"9\" data-barSize=\"220\"><i style=\"line-height:220px; font-size:50px;color:#444444\" class=\"mk-moon-users\"><\/i><\/div><div class=\"mk-chart-desc\"><\/div><\/div><div class=\"clearboth\"><\/div><div class=\"mk-shortcode mk-padding-shortcode\" style=\"height:20px\"><\/div><div class=\"clearboth\"><\/div>\t<div style=\" margin-bottom:0px;text-align: center;\" class=\"mk-text-block  \"><h3 class=\"mk-shortcode mk-fancy-title pattern-style mk-shortcode-heading pattern-false\"><span style=\"padding:0 5px;\">\u00c7ALI\u015eANLARIMIZ<\/span><\/h3><p>\u00c7al\u0131\u015fanlar\u0131m\u0131z\u0131n mutlulu\u011funu sa\u011flamak i\u00e7in onlar\u0131 dinler ve problemlerine \u00e7\u00f6z\u00fcm arar\u0131z<\/p>\n<div class=\"clearboth\"><\/div><\/div> \n\t<\/div>\n\t<div style=\"\" class=\"vc_col-sm-3 wpb_column column_container \">\n\t\t\t<div class=\" \"><div class=\"mk-chart\" style=\"width:220px;height:220px;line-height:220px\" data-percent=\"93\" data-barColor=\"#00afec\" data-trackColor=\"#ececec\" data-lineWidth=\"9\" data-barSize=\"220\"><i style=\"line-height:220px; font-size:50px;color:#444444\" class=\"mk-moon-stairs-down\"><\/i><\/div><div class=\"mk-chart-desc\"><\/div><\/div><div class=\"clearboth\"><\/div><div class=\"mk-shortcode mk-padding-shortcode\" style=\"height:20px\"><\/div><div class=\"clearboth\"><\/div>\t<div style=\" margin-bottom:0px;text-align: center;\" class=\"mk-text-block  \"><h3 class=\"mk-shortcode mk-fancy-title pattern-style mk-shortcode-heading pattern-false\"><span style=\"padding:0 5px;\">E\u011e\u0130T\u0130MLER<\/span><\/h3><p>Personelimize d\u00fczenli aral\u0131klarla ve her konu da e\u011fitimler veririz. E\u011fitimin \u00f6neminin fark\u0131nday\u0131z.<\/p>\n<div class=\"clearboth\"><\/div><\/div> \n\t<\/div><\/div><div class=\"wpb_row vc_row  vc_row-fluid  mk-fullwidth-false  attched-false vc_row-fluid\">\n\t<div style=\"\" class=\"vc_col-sm-12 wpb_column column_container \">\n\t\t\t<div class=\"clearboth\"><\/div><div class=\"mk-shortcode mk-padding-shortcode\" style=\"height:80px\"><\/div><div class=\"clearboth\"><\/div>\n\t<\/div><\/div>\n","protected":false},"excerpt":{"rendered":"Hakk\u0131m\u0131zda Kiazom Grup Hakk\u0131nda Her \u015fey #mk-page-title-box-69e7c0ab0386d { height: 500px; background-color: ; text-align: center; } #mk-page-title-box-69e7c0ab0386d .mk-page-title-box-title { font-size: 60px; line-height: 60px; font-weight: normal; color: #2878bf; padding-bottom: 20px; margin-bottom: 20px; letter-spacing: 3px; } #mk-page-title-box-69e7c0ab0386d .mk-page-title-box-title--underline:after { background: #2878bf;} #mk-page-title-box-69e7c0ab0386d .mk-page-title-box-subtitle { font-size: 26px; line-size: 26px; font-weight: normal; color: #4687bf;} #mk-page-title-box-69e7c0ab0386d .mk-effect-bg-layer { background-image: url('\/wp-content\/uploads\/about-us-banner.jpg'); background-position:center [...]","protected":false},"author":7,"featured_media":0,"parent":0,"menu_order":0,"comment_status":"open","ping_status":"open","template":"","meta":{"footnotes":""},"_links":{"self":[{"href":"https:\/\/kiazomgrup.com\/index.php?rest_route=\/wp\/v2\/pages\/116"}],"collection":[{"href":"https:\/\/kiazomgrup.com\/index.php?rest_route=\/wp\/v2\/pages"}],"about":[{"href":"https:\/\/kiazomgrup.com\/index.php?rest_route=\/wp\/v2\/types\/page"}],"author":[{"embeddable":true,"href":"https:\/\/kiazomgrup.com\/index.php?rest_route=\/wp\/v2\/users\/7"}],"replies":[{"embeddable":true,"href":"https:\/\/kiazomgrup.com\/index.php?rest_route=%2Fwp%2Fv2%2Fcomments&post=116"}],"version-history":[{"count":34,"href":"https:\/\/kiazomgrup.com\/index.php?rest_route=\/wp\/v2\/pages\/116\/revisions"}],"predecessor-version":[{"id":5073,"href":"https:\/\/kiazomgrup.com\/index.php?rest_route=\/wp\/v2\/pages\/116\/revisions\/5073"}],"wp:attachment":[{"href":"https:\/\/kiazomgrup.com\/index.php?rest_route=%2Fwp%2Fv2%2Fmedia&parent=116"}],"curies":[{"name":"wp","href":"https:\/\/api.w.org\/{rel}","templated":true}]}}